{"id":970,"date":"2023-06-10T21:08:27","date_gmt":"2023-06-10T21:08:27","guid":{"rendered":"https:\/\/galeriasopra.pl\/?post_type=product&#038;p=970"},"modified":"2023-06-24T20:33:50","modified_gmt":"2023-06-24T20:33:50","slug":"daniel-pielucha-ostatnia-wieczerza","status":"publish","type":"product","link":"https:\/\/galeriasopra.com\/en\/product\/daniel-pielucha-ostatnia-wieczerza\/","title":{"rendered":"Daniel Pielucha,<br\/><span class=\"productAuthor\"> Ostatnia wieczerza<\/span>"},"content":{"rendered":"","protected":false},"excerpt":{"rendered":"<p>Oil\/Canvas<\/p>\n<p>150 x 250 cm.<\/p>","protected":false},"featured_media":1501,"template":"","meta":[],"product_cat":[52,53],"product_tag":[82,57,83],"yoast_head":"<!-- This site is optimized with the Yoast SEO plugin v21.7 - https:\/\/yoast.com\/wordpress\/plugins\/seo\/ -->\n<title>Daniel Pielucha, Ostatnia wieczerza - galeriasopra.com<\/title>\n<meta name=\"description\" content=\"Prze\u017cyj artystyczn\u0105 podr\u00f3\u017c przez malarstwo wsp\u00f3\u0142czesne Daniela Pieluchy. Jego wyj\u0105tkowy obraz &quot;Ostatnia wieczerza&quot; wykonany jest technik\u0105 olejn\u0105 na p\u0142\u00f3tnie, pi\u0119knie oprawiony i sygnowany. W Galerii Sopra mo\u017cesz odkry\u0107 t\u0119 unikaln\u0105 prac\u0119, kt\u00f3ra wpl\u0105cze Ci\u0119 w \u015bwiat nadrealizmu polskiego.\" \/>\n<meta name=\"robots\" content=\"index, follow, max-snippet:-1, max-image-preview:large, max-video-preview:-1\" \/>\n<link rel=\"canonical\" href=\"https:\/\/galeriasopra.com\/en\/product\/daniel-pielucha-ostatnia-wieczerza\/\" \/>\n<meta property=\"og:locale\" content=\"en_GB\" \/>\n<meta property=\"og:type\" content=\"article\" \/>\n<meta property=\"og:title\" content=\"Daniel Pielucha, Ostatnia wieczerza - galeriasopra.com\" \/>\n<meta property=\"og:description\" content=\"Prze\u017cyj artystyczn\u0105 podr\u00f3\u017c przez malarstwo wsp\u00f3\u0142czesne Daniela Pieluchy. Jego wyj\u0105tkowy obraz &quot;Ostatnia wieczerza&quot; wykonany jest technik\u0105 olejn\u0105 na p\u0142\u00f3tnie, pi\u0119knie oprawiony i sygnowany. W Galerii Sopra mo\u017cesz odkry\u0107 t\u0119 unikaln\u0105 prac\u0119, kt\u00f3ra wpl\u0105cze Ci\u0119 w \u015bwiat nadrealizmu polskiego.\" \/>\n<meta property=\"og:url\" content=\"https:\/\/galeriasopra.com\/en\/product\/daniel-pielucha-ostatnia-wieczerza\/\" \/>\n<meta property=\"og:site_name\" content=\"galeriasopra.com\" \/>\n<meta property=\"article:modified_time\" content=\"2023-06-24T20:33:50+00:00\" \/>\n<meta property=\"og:image\" content=\"https:\/\/galeriasopra.com\/wp-content\/uploads\/2023\/06\/OSTATNIA-WIECZERZA.jpg\" \/>\n\t<meta property=\"og:image:width\" content=\"1737\" \/>\n\t<meta property=\"og:image:height\" content=\"1024\" \/>\n\t<meta property=\"og:image:type\" content=\"image\/jpeg\" \/>\n<meta name=\"twitter:card\" content=\"summary_large_image\" \/>\n<script type=\"application\/ld+json\" class=\"yoast-schema-graph\">{\"@context\":\"https:\/\/schema.org\",\"@graph\":[{\"@type\":\"WebPage\",\"@id\":\"https:\/\/galeriasopra.com\/produkt\/daniel-pielucha-ostatnia-wieczerza\/\",\"url\":\"https:\/\/galeriasopra.com\/produkt\/daniel-pielucha-ostatnia-wieczerza\/\",\"name\":\"Daniel Pielucha, Ostatnia wieczerza - galeriasopra.com\",\"isPartOf\":{\"@id\":\"https:\/\/galeriasopra.com\/#website\"},\"datePublished\":\"2023-06-10T21:08:27+00:00\",\"dateModified\":\"2023-06-24T20:33:50+00:00\",\"description\":\"Prze\u017cyj artystyczn\u0105 podr\u00f3\u017c przez malarstwo wsp\u00f3\u0142czesne Daniela Pieluchy. Jego wyj\u0105tkowy obraz \\\"Ostatnia wieczerza\\\" wykonany jest technik\u0105 olejn\u0105 na p\u0142\u00f3tnie, pi\u0119knie oprawiony i sygnowany. W Galerii Sopra mo\u017cesz odkry\u0107 t\u0119 unikaln\u0105 prac\u0119, kt\u00f3ra wpl\u0105cze Ci\u0119 w \u015bwiat nadrealizmu polskiego.\",\"breadcrumb\":{\"@id\":\"https:\/\/galeriasopra.com\/produkt\/daniel-pielucha-ostatnia-wieczerza\/#breadcrumb\"},\"inLanguage\":\"en-GB\",\"potentialAction\":[{\"@type\":\"ReadAction\",\"target\":[\"https:\/\/galeriasopra.com\/produkt\/daniel-pielucha-ostatnia-wieczerza\/\"]}]},{\"@type\":\"BreadcrumbList\",\"@id\":\"https:\/\/galeriasopra.com\/produkt\/daniel-pielucha-ostatnia-wieczerza\/#breadcrumb\",\"itemListElement\":[{\"@type\":\"ListItem\",\"position\":1,\"name\":\"Strona g\u0142\u00f3wna\",\"item\":\"https:\/\/galeriasopra.com\/\"},{\"@type\":\"ListItem\",\"position\":2,\"name\":\"Produkty\",\"item\":\"https:\/\/galeriasopra.com\/shop\/\"},{\"@type\":\"ListItem\",\"position\":3,\"name\":\"Daniel Pielucha, Ostatnia wieczerza\"}]},{\"@type\":\"WebSite\",\"@id\":\"https:\/\/galeriasopra.com\/#website\",\"url\":\"https:\/\/galeriasopra.com\/\",\"name\":\"galeriasopra.com\",\"description\":\"\",\"publisher\":{\"@id\":\"https:\/\/galeriasopra.com\/#organization\"},\"potentialAction\":[{\"@type\":\"SearchAction\",\"target\":{\"@type\":\"EntryPoint\",\"urlTemplate\":\"https:\/\/galeriasopra.com\/?s={search_term_string}\"},\"query-input\":\"required name=search_term_string\"}],\"inLanguage\":\"en-GB\"},{\"@type\":\"Organization\",\"@id\":\"https:\/\/galeriasopra.com\/#organization\",\"name\":\"galeriasopra.com\",\"url\":\"https:\/\/galeriasopra.com\/\",\"logo\":{\"@type\":\"ImageObject\",\"inLanguage\":\"en-GB\",\"@id\":\"https:\/\/galeriasopra.com\/#\/schema\/logo\/image\/\",\"url\":\"https:\/\/galeriasopra.com\/wp-content\/uploads\/2023\/03\/logo-for-qr-2-01-e1686765766760.png\",\"contentUrl\":\"https:\/\/galeriasopra.com\/wp-content\/uploads\/2023\/03\/logo-for-qr-2-01-e1686765766760.png\",\"width\":256,\"height\":256,\"caption\":\"galeriasopra.com\"},\"image\":{\"@id\":\"https:\/\/galeriasopra.com\/#\/schema\/logo\/image\/\"}}]}<\/script>\n<!-- \/ Yoast SEO plugin. -->","yoast_head_json":{"title":"Daniel Pielucha, Ostatnia wieczerza - galeriasopra.com","description":"Prze\u017cyj artystyczn\u0105 podr\u00f3\u017c przez malarstwo wsp\u00f3\u0142czesne Daniela Pieluchy. Jego wyj\u0105tkowy obraz \"Ostatnia wieczerza\" wykonany jest technik\u0105 olejn\u0105 na p\u0142\u00f3tnie, pi\u0119knie oprawiony i sygnowany. W Galerii Sopra mo\u017cesz odkry\u0107 t\u0119 unikaln\u0105 prac\u0119, kt\u00f3ra wpl\u0105cze Ci\u0119 w \u015bwiat nadrealizmu polskiego.","robots":{"index":"index","follow":"follow","max-snippet":"max-snippet:-1","max-image-preview":"max-image-preview:large","max-video-preview":"max-video-preview:-1"},"canonical":"https:\/\/galeriasopra.com\/en\/product\/daniel-pielucha-ostatnia-wieczerza\/","og_locale":"en_GB","og_type":"article","og_title":"Daniel Pielucha, Ostatnia wieczerza - galeriasopra.com","og_description":"Prze\u017cyj artystyczn\u0105 podr\u00f3\u017c przez malarstwo wsp\u00f3\u0142czesne Daniela Pieluchy. Jego wyj\u0105tkowy obraz \"Ostatnia wieczerza\" wykonany jest technik\u0105 olejn\u0105 na p\u0142\u00f3tnie, pi\u0119knie oprawiony i sygnowany. W Galerii Sopra mo\u017cesz odkry\u0107 t\u0119 unikaln\u0105 prac\u0119, kt\u00f3ra wpl\u0105cze Ci\u0119 w \u015bwiat nadrealizmu polskiego.","og_url":"https:\/\/galeriasopra.com\/en\/product\/daniel-pielucha-ostatnia-wieczerza\/","og_site_name":"galeriasopra.com","article_modified_time":"2023-06-24T20:33:50+00:00","og_image":[{"width":1737,"height":1024,"url":"https:\/\/galeriasopra.com\/wp-content\/uploads\/2023\/06\/OSTATNIA-WIECZERZA.jpg","type":"image\/jpeg"}],"twitter_card":"summary_large_image","schema":{"@context":"https:\/\/schema.org","@graph":[{"@type":"WebPage","@id":"https:\/\/galeriasopra.com\/produkt\/daniel-pielucha-ostatnia-wieczerza\/","url":"https:\/\/galeriasopra.com\/produkt\/daniel-pielucha-ostatnia-wieczerza\/","name":"Daniel Pielucha, Ostatnia wieczerza - galeriasopra.com","isPartOf":{"@id":"https:\/\/galeriasopra.com\/#website"},"datePublished":"2023-06-10T21:08:27+00:00","dateModified":"2023-06-24T20:33:50+00:00","description":"Prze\u017cyj artystyczn\u0105 podr\u00f3\u017c przez malarstwo wsp\u00f3\u0142czesne Daniela Pieluchy. Jego wyj\u0105tkowy obraz \"Ostatnia wieczerza\" wykonany jest technik\u0105 olejn\u0105 na p\u0142\u00f3tnie, pi\u0119knie oprawiony i sygnowany. W Galerii Sopra mo\u017cesz odkry\u0107 t\u0119 unikaln\u0105 prac\u0119, kt\u00f3ra wpl\u0105cze Ci\u0119 w \u015bwiat nadrealizmu polskiego.","breadcrumb":{"@id":"https:\/\/galeriasopra.com\/produkt\/daniel-pielucha-ostatnia-wieczerza\/#breadcrumb"},"inLanguage":"en-GB","potentialAction":[{"@type":"ReadAction","target":["https:\/\/galeriasopra.com\/produkt\/daniel-pielucha-ostatnia-wieczerza\/"]}]},{"@type":"BreadcrumbList","@id":"https:\/\/galeriasopra.com\/produkt\/daniel-pielucha-ostatnia-wieczerza\/#breadcrumb","itemListElement":[{"@type":"ListItem","position":1,"name":"Strona g\u0142\u00f3wna","item":"https:\/\/galeriasopra.com\/"},{"@type":"ListItem","position":2,"name":"Produkty","item":"https:\/\/galeriasopra.com\/shop\/"},{"@type":"ListItem","position":3,"name":"Daniel Pielucha, Ostatnia wieczerza"}]},{"@type":"WebSite","@id":"https:\/\/galeriasopra.com\/#website","url":"https:\/\/galeriasopra.com\/","name":"galeriasopra.com","description":"","publisher":{"@id":"https:\/\/galeriasopra.com\/#organization"},"potentialAction":[{"@type":"SearchAction","target":{"@type":"EntryPoint","urlTemplate":"https:\/\/galeriasopra.com\/?s={search_term_string}"},"query-input":"required name=search_term_string"}],"inLanguage":"en-GB"},{"@type":"Organization","@id":"https:\/\/galeriasopra.com\/#organization","name":"galeriasopra.com","url":"https:\/\/galeriasopra.com\/","logo":{"@type":"ImageObject","inLanguage":"en-GB","@id":"https:\/\/galeriasopra.com\/#\/schema\/logo\/image\/","url":"https:\/\/galeriasopra.com\/wp-content\/uploads\/2023\/03\/logo-for-qr-2-01-e1686765766760.png","contentUrl":"https:\/\/galeriasopra.com\/wp-content\/uploads\/2023\/03\/logo-for-qr-2-01-e1686765766760.png","width":256,"height":256,"caption":"galeriasopra.com"},"image":{"@id":"https:\/\/galeriasopra.com\/#\/schema\/logo\/image\/"}}]}},"_links":{"self":[{"href":"https:\/\/galeriasopra.com\/en\/wp-json\/wp\/v2\/product\/970"}],"collection":[{"href":"https:\/\/galeriasopra.com\/en\/wp-json\/wp\/v2\/product"}],"about":[{"href":"https:\/\/galeriasopra.com\/en\/wp-json\/wp\/v2\/types\/product"}],"wp:featuredmedia":[{"embeddable":true,"href":"https:\/\/galeriasopra.com\/en\/wp-json\/wp\/v2\/media\/1501"}],"wp:attachment":[{"href":"https:\/\/galeriasopra.com\/en\/wp-json\/wp\/v2\/media?parent=970"}],"wp:term":[{"taxonomy":"product_cat","embeddable":true,"href":"https:\/\/galeriasopra.com\/en\/wp-json\/wp\/v2\/product_cat?post=970"},{"taxonomy":"product_tag","embeddable":true,"href":"https:\/\/galeriasopra.com\/en\/wp-json\/wp\/v2\/product_tag?post=970"}],"curies":[{"name":"wp","href":"https:\/\/api.w.org\/{rel}","templated":true}]}}