{"id":968,"date":"2023-06-10T19:59:15","date_gmt":"2023-06-10T19:59:15","guid":{"rendered":"https:\/\/galeriasopra.pl\/?post_type=product&#038;p=968"},"modified":"2023-06-24T20:34:40","modified_gmt":"2023-06-24T20:34:40","slug":"katarzyna-bulka-matlacz-swiat-to-za-malo","status":"publish","type":"product","link":"https:\/\/galeriasopra.com\/en\/product\/katarzyna-bulka-matlacz-swiat-to-za-malo\/","title":{"rendered":"Katarzyna Bu\u0142ka Mat\u0142acz,<br\/><span class=\"productAuthor\"> \u015awiat to za ma\u0142o <\/span>"},"content":{"rendered":"","protected":false},"excerpt":{"rendered":"<p>Rze\u017aba z br\u0105zu pokryta srebrem. Kula mosi\u0119\u017cna.<\/p>\n<p>Wys: 18 cm.<\/p>\n<p>&nbsp;<\/p>","protected":false},"featured_media":969,"template":"","meta":[],"product_cat":[54],"product_tag":[80,79,81],"yoast_head":"<!-- This site is optimized with the Yoast SEO plugin v21.7 - https:\/\/yoast.com\/wordpress\/plugins\/seo\/ -->\n<title>Katarzyna Bu\u0142ka Mat\u0142acz, \u015awiat to za ma\u0142o  - galeriasopra.com<\/title>\n<meta name=\"description\" content=\"Odkryj fascynuj\u0105cy \u015bwiat rze\u017aby Katarzyny Bu\u0142ka Mat\u0142acz. Jej niezwyk\u0142e prace, wykonane z br\u0105zu, mosi\u0105dzu i srebra, s\u0105 sygnowane i zachwycaj\u0105 swoj\u0105 oryginalno\u015bci\u0105. Galeria Sopra prezentuje te unikalne rze\u017aby, kt\u00f3re stanowi\u0105 wyraz wsp\u00f3\u0142czesnej sztuki. Przekrocz granice i odkryj rze\u017ab\u0119 na skal\u0119 \u015bwiatow\u0105 w naszej galerii.\" \/>\n<meta name=\"robots\" content=\"index, follow, max-snippet:-1, max-image-preview:large, max-video-preview:-1\" \/>\n<link rel=\"canonical\" href=\"https:\/\/galeriasopra.com\/en\/product\/katarzyna-bulka-matlacz-swiat-to-za-malo\/\" \/>\n<meta property=\"og:locale\" content=\"en_GB\" \/>\n<meta property=\"og:type\" content=\"article\" \/>\n<meta property=\"og:title\" content=\"Katarzyna Bu\u0142ka Mat\u0142acz, \u015awiat to za ma\u0142o  - galeriasopra.com\" \/>\n<meta property=\"og:description\" content=\"Odkryj fascynuj\u0105cy \u015bwiat rze\u017aby Katarzyny Bu\u0142ka Mat\u0142acz. Jej niezwyk\u0142e prace, wykonane z br\u0105zu, mosi\u0105dzu i srebra, s\u0105 sygnowane i zachwycaj\u0105 swoj\u0105 oryginalno\u015bci\u0105. Galeria Sopra prezentuje te unikalne rze\u017aby, kt\u00f3re stanowi\u0105 wyraz wsp\u00f3\u0142czesnej sztuki. Przekrocz granice i odkryj rze\u017ab\u0119 na skal\u0119 \u015bwiatow\u0105 w naszej galerii.\" \/>\n<meta property=\"og:url\" content=\"https:\/\/galeriasopra.com\/en\/product\/katarzyna-bulka-matlacz-swiat-to-za-malo\/\" \/>\n<meta property=\"og:site_name\" content=\"galeriasopra.com\" \/>\n<meta property=\"article:modified_time\" content=\"2023-06-24T20:34:40+00:00\" \/>\n<meta property=\"og:image\" content=\"https:\/\/galeriasopra.com\/wp-content\/uploads\/2023\/06\/IMG-2978.jpg\" \/>\n\t<meta property=\"og:image:width\" content=\"439\" \/>\n\t<meta property=\"og:image:height\" content=\"640\" \/>\n\t<meta property=\"og:image:type\" content=\"image\/jpeg\" \/>\n<meta name=\"twitter:card\" content=\"summary_large_image\" \/>\n<script type=\"application\/ld+json\" class=\"yoast-schema-graph\">{\"@context\":\"https:\/\/schema.org\",\"@graph\":[{\"@type\":\"WebPage\",\"@id\":\"https:\/\/galeriasopra.com\/produkt\/katarzyna-bulka-matlacz-swiat-to-za-malo\/\",\"url\":\"https:\/\/galeriasopra.com\/produkt\/katarzyna-bulka-matlacz-swiat-to-za-malo\/\",\"name\":\"Katarzyna Bu\u0142ka Mat\u0142acz, \u015awiat to za ma\u0142o - galeriasopra.com\",\"isPartOf\":{\"@id\":\"https:\/\/galeriasopra.com\/#website\"},\"datePublished\":\"2023-06-10T19:59:15+00:00\",\"dateModified\":\"2023-06-24T20:34:40+00:00\",\"description\":\"Odkryj fascynuj\u0105cy \u015bwiat rze\u017aby Katarzyny Bu\u0142ka Mat\u0142acz. Jej niezwyk\u0142e prace, wykonane z br\u0105zu, mosi\u0105dzu i srebra, s\u0105 sygnowane i zachwycaj\u0105 swoj\u0105 oryginalno\u015bci\u0105. Galeria Sopra prezentuje te unikalne rze\u017aby, kt\u00f3re stanowi\u0105 wyraz wsp\u00f3\u0142czesnej sztuki. Przekrocz granice i odkryj rze\u017ab\u0119 na skal\u0119 \u015bwiatow\u0105 w naszej galerii.\",\"breadcrumb\":{\"@id\":\"https:\/\/galeriasopra.com\/produkt\/katarzyna-bulka-matlacz-swiat-to-za-malo\/#breadcrumb\"},\"inLanguage\":\"en-GB\",\"potentialAction\":[{\"@type\":\"ReadAction\",\"target\":[\"https:\/\/galeriasopra.com\/produkt\/katarzyna-bulka-matlacz-swiat-to-za-malo\/\"]}]},{\"@type\":\"BreadcrumbList\",\"@id\":\"https:\/\/galeriasopra.com\/produkt\/katarzyna-bulka-matlacz-swiat-to-za-malo\/#breadcrumb\",\"itemListElement\":[{\"@type\":\"ListItem\",\"position\":1,\"name\":\"Strona g\u0142\u00f3wna\",\"item\":\"https:\/\/galeriasopra.com\/\"},{\"@type\":\"ListItem\",\"position\":2,\"name\":\"Produkty\",\"item\":\"https:\/\/galeriasopra.com\/shop\/\"},{\"@type\":\"ListItem\",\"position\":3,\"name\":\"Katarzyna Bu\u0142ka Mat\u0142acz, \u015awiat to za ma\u0142o\"}]},{\"@type\":\"WebSite\",\"@id\":\"https:\/\/galeriasopra.com\/#website\",\"url\":\"https:\/\/galeriasopra.com\/\",\"name\":\"galeriasopra.com\",\"description\":\"\",\"publisher\":{\"@id\":\"https:\/\/galeriasopra.com\/#organization\"},\"potentialAction\":[{\"@type\":\"SearchAction\",\"target\":{\"@type\":\"EntryPoint\",\"urlTemplate\":\"https:\/\/galeriasopra.com\/?s={search_term_string}\"},\"query-input\":\"required name=search_term_string\"}],\"inLanguage\":\"en-GB\"},{\"@type\":\"Organization\",\"@id\":\"https:\/\/galeriasopra.com\/#organization\",\"name\":\"galeriasopra.com\",\"url\":\"https:\/\/galeriasopra.com\/\",\"logo\":{\"@type\":\"ImageObject\",\"inLanguage\":\"en-GB\",\"@id\":\"https:\/\/galeriasopra.com\/#\/schema\/logo\/image\/\",\"url\":\"https:\/\/galeriasopra.com\/wp-content\/uploads\/2023\/03\/logo-for-qr-2-01-e1686765766760.png\",\"contentUrl\":\"https:\/\/galeriasopra.com\/wp-content\/uploads\/2023\/03\/logo-for-qr-2-01-e1686765766760.png\",\"width\":256,\"height\":256,\"caption\":\"galeriasopra.com\"},\"image\":{\"@id\":\"https:\/\/galeriasopra.com\/#\/schema\/logo\/image\/\"}}]}<\/script>\n<!-- \/ Yoast SEO plugin. -->","yoast_head_json":{"title":"Katarzyna Bu\u0142ka Mat\u0142acz, \u015awiat to za ma\u0142o  - galeriasopra.com","description":"Odkryj fascynuj\u0105cy \u015bwiat rze\u017aby Katarzyny Bu\u0142ka Mat\u0142acz. Jej niezwyk\u0142e prace, wykonane z br\u0105zu, mosi\u0105dzu i srebra, s\u0105 sygnowane i zachwycaj\u0105 swoj\u0105 oryginalno\u015bci\u0105. Galeria Sopra prezentuje te unikalne rze\u017aby, kt\u00f3re stanowi\u0105 wyraz wsp\u00f3\u0142czesnej sztuki. Przekrocz granice i odkryj rze\u017ab\u0119 na skal\u0119 \u015bwiatow\u0105 w naszej galerii.","robots":{"index":"index","follow":"follow","max-snippet":"max-snippet:-1","max-image-preview":"max-image-preview:large","max-video-preview":"max-video-preview:-1"},"canonical":"https:\/\/galeriasopra.com\/en\/product\/katarzyna-bulka-matlacz-swiat-to-za-malo\/","og_locale":"en_GB","og_type":"article","og_title":"Katarzyna Bu\u0142ka Mat\u0142acz, \u015awiat to za ma\u0142o  - galeriasopra.com","og_description":"Odkryj fascynuj\u0105cy \u015bwiat rze\u017aby Katarzyny Bu\u0142ka Mat\u0142acz. Jej niezwyk\u0142e prace, wykonane z br\u0105zu, mosi\u0105dzu i srebra, s\u0105 sygnowane i zachwycaj\u0105 swoj\u0105 oryginalno\u015bci\u0105. Galeria Sopra prezentuje te unikalne rze\u017aby, kt\u00f3re stanowi\u0105 wyraz wsp\u00f3\u0142czesnej sztuki. Przekrocz granice i odkryj rze\u017ab\u0119 na skal\u0119 \u015bwiatow\u0105 w naszej galerii.","og_url":"https:\/\/galeriasopra.com\/en\/product\/katarzyna-bulka-matlacz-swiat-to-za-malo\/","og_site_name":"galeriasopra.com","article_modified_time":"2023-06-24T20:34:40+00:00","og_image":[{"width":439,"height":640,"url":"https:\/\/galeriasopra.com\/wp-content\/uploads\/2023\/06\/IMG-2978.jpg","type":"image\/jpeg"}],"twitter_card":"summary_large_image","schema":{"@context":"https:\/\/schema.org","@graph":[{"@type":"WebPage","@id":"https:\/\/galeriasopra.com\/produkt\/katarzyna-bulka-matlacz-swiat-to-za-malo\/","url":"https:\/\/galeriasopra.com\/produkt\/katarzyna-bulka-matlacz-swiat-to-za-malo\/","name":"Katarzyna Bu\u0142ka Mat\u0142acz, \u015awiat to za ma\u0142o - galeriasopra.com","isPartOf":{"@id":"https:\/\/galeriasopra.com\/#website"},"datePublished":"2023-06-10T19:59:15+00:00","dateModified":"2023-06-24T20:34:40+00:00","description":"Odkryj fascynuj\u0105cy \u015bwiat rze\u017aby Katarzyny Bu\u0142ka Mat\u0142acz. Jej niezwyk\u0142e prace, wykonane z br\u0105zu, mosi\u0105dzu i srebra, s\u0105 sygnowane i zachwycaj\u0105 swoj\u0105 oryginalno\u015bci\u0105. Galeria Sopra prezentuje te unikalne rze\u017aby, kt\u00f3re stanowi\u0105 wyraz wsp\u00f3\u0142czesnej sztuki. Przekrocz granice i odkryj rze\u017ab\u0119 na skal\u0119 \u015bwiatow\u0105 w naszej galerii.","breadcrumb":{"@id":"https:\/\/galeriasopra.com\/produkt\/katarzyna-bulka-matlacz-swiat-to-za-malo\/#breadcrumb"},"inLanguage":"en-GB","potentialAction":[{"@type":"ReadAction","target":["https:\/\/galeriasopra.com\/produkt\/katarzyna-bulka-matlacz-swiat-to-za-malo\/"]}]},{"@type":"BreadcrumbList","@id":"https:\/\/galeriasopra.com\/produkt\/katarzyna-bulka-matlacz-swiat-to-za-malo\/#breadcrumb","itemListElement":[{"@type":"ListItem","position":1,"name":"Strona g\u0142\u00f3wna","item":"https:\/\/galeriasopra.com\/"},{"@type":"ListItem","position":2,"name":"Produkty","item":"https:\/\/galeriasopra.com\/shop\/"},{"@type":"ListItem","position":3,"name":"Katarzyna Bu\u0142ka Mat\u0142acz, \u015awiat to za ma\u0142o"}]},{"@type":"WebSite","@id":"https:\/\/galeriasopra.com\/#website","url":"https:\/\/galeriasopra.com\/","name":"galeriasopra.com","description":"","publisher":{"@id":"https:\/\/galeriasopra.com\/#organization"},"potentialAction":[{"@type":"SearchAction","target":{"@type":"EntryPoint","urlTemplate":"https:\/\/galeriasopra.com\/?s={search_term_string}"},"query-input":"required name=search_term_string"}],"inLanguage":"en-GB"},{"@type":"Organization","@id":"https:\/\/galeriasopra.com\/#organization","name":"galeriasopra.com","url":"https:\/\/galeriasopra.com\/","logo":{"@type":"ImageObject","inLanguage":"en-GB","@id":"https:\/\/galeriasopra.com\/#\/schema\/logo\/image\/","url":"https:\/\/galeriasopra.com\/wp-content\/uploads\/2023\/03\/logo-for-qr-2-01-e1686765766760.png","contentUrl":"https:\/\/galeriasopra.com\/wp-content\/uploads\/2023\/03\/logo-for-qr-2-01-e1686765766760.png","width":256,"height":256,"caption":"galeriasopra.com"},"image":{"@id":"https:\/\/galeriasopra.com\/#\/schema\/logo\/image\/"}}]}},"_links":{"self":[{"href":"https:\/\/galeriasopra.com\/en\/wp-json\/wp\/v2\/product\/968"}],"collection":[{"href":"https:\/\/galeriasopra.com\/en\/wp-json\/wp\/v2\/product"}],"about":[{"href":"https:\/\/galeriasopra.com\/en\/wp-json\/wp\/v2\/types\/product"}],"wp:featuredmedia":[{"embeddable":true,"href":"https:\/\/galeriasopra.com\/en\/wp-json\/wp\/v2\/media\/969"}],"wp:attachment":[{"href":"https:\/\/galeriasopra.com\/en\/wp-json\/wp\/v2\/media?parent=968"}],"wp:term":[{"taxonomy":"product_cat","embeddable":true,"href":"https:\/\/galeriasopra.com\/en\/wp-json\/wp\/v2\/product_cat?post=968"},{"taxonomy":"product_tag","embeddable":true,"href":"https:\/\/galeriasopra.com\/en\/wp-json\/wp\/v2\/product_tag?post=968"}],"curies":[{"name":"wp","href":"https:\/\/api.w.org\/{rel}","templated":true}]}}