{"id":963,"date":"2023-06-10T19:37:50","date_gmt":"2023-06-10T19:37:50","guid":{"rendered":"https:\/\/galeriasopra.pl\/?post_type=product&#038;p=963"},"modified":"2023-06-24T20:35:43","modified_gmt":"2023-06-24T20:35:43","slug":"aleksandra-wisniewska-czas","status":"publish","type":"product","link":"https:\/\/galeriasopra.com\/en\/product\/aleksandra-wisniewska-czas\/","title":{"rendered":"Aleksandra Wi\u015bniewska,<br\/><span class=\"productAuthor\"> Czas <\/span>"},"content":{"rendered":"","protected":false},"excerpt":{"rendered":"<p>Acrylic\/Canvas<\/p>\n<p>100 x 70 cm.<\/p>","protected":false},"featured_media":1507,"template":"","meta":[],"product_cat":[52],"product_tag":[78,77,57,72],"yoast_head":"<!-- This site is optimized with the Yoast SEO plugin v21.7 - https:\/\/yoast.com\/wordpress\/plugins\/seo\/ -->\n<title>Aleksandra Wi\u015bniewska, Czas  - galeriasopra.com<\/title>\n<meta name=\"description\" content=\"Zapraszamy do odkrycia niezwyk\u0142ego malarstwa wsp\u00f3\u0142czesnego Aleksandry Wi\u015bniewskiej. Jej prace, wykonane technik\u0105 akrylu na p\u0142\u00f3tnie, s\u0105 oprawione i sygnowane, emanuj\u0105c autentycznym wyrazem artystycznym. Galeria Sopra prezentuje to unikalne malarstwo, b\u0119d\u0105ce prawdziwym wyznacznikiem polskiej sztuki.\" \/>\n<meta name=\"robots\" content=\"index, follow, max-snippet:-1, max-image-preview:large, max-video-preview:-1\" \/>\n<link rel=\"canonical\" href=\"https:\/\/galeriasopra.com\/en\/product\/aleksandra-wisniewska-czas\/\" \/>\n<meta property=\"og:locale\" content=\"en_GB\" \/>\n<meta property=\"og:type\" content=\"article\" \/>\n<meta property=\"og:title\" content=\"Aleksandra Wi\u015bniewska, Czas  - galeriasopra.com\" \/>\n<meta property=\"og:description\" content=\"Zapraszamy do odkrycia niezwyk\u0142ego malarstwa wsp\u00f3\u0142czesnego Aleksandry Wi\u015bniewskiej. Jej prace, wykonane technik\u0105 akrylu na p\u0142\u00f3tnie, s\u0105 oprawione i sygnowane, emanuj\u0105c autentycznym wyrazem artystycznym. Galeria Sopra prezentuje to unikalne malarstwo, b\u0119d\u0105ce prawdziwym wyznacznikiem polskiej sztuki.\" \/>\n<meta property=\"og:url\" content=\"https:\/\/galeriasopra.com\/en\/product\/aleksandra-wisniewska-czas\/\" \/>\n<meta property=\"og:site_name\" content=\"galeriasopra.com\" \/>\n<meta property=\"article:modified_time\" content=\"2023-06-24T20:35:43+00:00\" \/>\n<meta property=\"og:image\" content=\"https:\/\/galeriasopra.com\/wp-content\/uploads\/2023\/06\/1686424852392-\u2014-kopia-710x1024.png\" \/>\n\t<meta property=\"og:image:width\" content=\"710\" \/>\n\t<meta property=\"og:image:height\" content=\"1024\" \/>\n\t<meta property=\"og:image:type\" content=\"image\/png\" \/>\n<meta name=\"twitter:card\" content=\"summary_large_image\" \/>\n<script type=\"application\/ld+json\" class=\"yoast-schema-graph\">{\"@context\":\"https:\/\/schema.org\",\"@graph\":[{\"@type\":\"WebPage\",\"@id\":\"https:\/\/galeriasopra.com\/produkt\/aleksandra-wisniewska-czas\/\",\"url\":\"https:\/\/galeriasopra.com\/produkt\/aleksandra-wisniewska-czas\/\",\"name\":\"Aleksandra Wi\u015bniewska, Czas - galeriasopra.com\",\"isPartOf\":{\"@id\":\"https:\/\/galeriasopra.com\/#website\"},\"datePublished\":\"2023-06-10T19:37:50+00:00\",\"dateModified\":\"2023-06-24T20:35:43+00:00\",\"description\":\"Zapraszamy do odkrycia niezwyk\u0142ego malarstwa wsp\u00f3\u0142czesnego Aleksandry Wi\u015bniewskiej. Jej prace, wykonane technik\u0105 akrylu na p\u0142\u00f3tnie, s\u0105 oprawione i sygnowane, emanuj\u0105c autentycznym wyrazem artystycznym. Galeria Sopra prezentuje to unikalne malarstwo, b\u0119d\u0105ce prawdziwym wyznacznikiem polskiej sztuki.\",\"breadcrumb\":{\"@id\":\"https:\/\/galeriasopra.com\/produkt\/aleksandra-wisniewska-czas\/#breadcrumb\"},\"inLanguage\":\"en-GB\",\"potentialAction\":[{\"@type\":\"ReadAction\",\"target\":[\"https:\/\/galeriasopra.com\/produkt\/aleksandra-wisniewska-czas\/\"]}]},{\"@type\":\"BreadcrumbList\",\"@id\":\"https:\/\/galeriasopra.com\/produkt\/aleksandra-wisniewska-czas\/#breadcrumb\",\"itemListElement\":[{\"@type\":\"ListItem\",\"position\":1,\"name\":\"Strona g\u0142\u00f3wna\",\"item\":\"https:\/\/galeriasopra.com\/\"},{\"@type\":\"ListItem\",\"position\":2,\"name\":\"Produkty\",\"item\":\"https:\/\/galeriasopra.com\/shop\/\"},{\"@type\":\"ListItem\",\"position\":3,\"name\":\"Aleksandra Wi\u015bniewska, Czas\"}]},{\"@type\":\"WebSite\",\"@id\":\"https:\/\/galeriasopra.com\/#website\",\"url\":\"https:\/\/galeriasopra.com\/\",\"name\":\"galeriasopra.com\",\"description\":\"\",\"publisher\":{\"@id\":\"https:\/\/galeriasopra.com\/#organization\"},\"potentialAction\":[{\"@type\":\"SearchAction\",\"target\":{\"@type\":\"EntryPoint\",\"urlTemplate\":\"https:\/\/galeriasopra.com\/?s={search_term_string}\"},\"query-input\":\"required name=search_term_string\"}],\"inLanguage\":\"en-GB\"},{\"@type\":\"Organization\",\"@id\":\"https:\/\/galeriasopra.com\/#organization\",\"name\":\"galeriasopra.com\",\"url\":\"https:\/\/galeriasopra.com\/\",\"logo\":{\"@type\":\"ImageObject\",\"inLanguage\":\"en-GB\",\"@id\":\"https:\/\/galeriasopra.com\/#\/schema\/logo\/image\/\",\"url\":\"https:\/\/galeriasopra.com\/wp-content\/uploads\/2023\/03\/logo-for-qr-2-01-e1686765766760.png\",\"contentUrl\":\"https:\/\/galeriasopra.com\/wp-content\/uploads\/2023\/03\/logo-for-qr-2-01-e1686765766760.png\",\"width\":256,\"height\":256,\"caption\":\"galeriasopra.com\"},\"image\":{\"@id\":\"https:\/\/galeriasopra.com\/#\/schema\/logo\/image\/\"}}]}<\/script>\n<!-- \/ Yoast SEO plugin. -->","yoast_head_json":{"title":"Aleksandra Wi\u015bniewska, Czas  - galeriasopra.com","description":"Zapraszamy do odkrycia niezwyk\u0142ego malarstwa wsp\u00f3\u0142czesnego Aleksandry Wi\u015bniewskiej. Jej prace, wykonane technik\u0105 akrylu na p\u0142\u00f3tnie, s\u0105 oprawione i sygnowane, emanuj\u0105c autentycznym wyrazem artystycznym. Galeria Sopra prezentuje to unikalne malarstwo, b\u0119d\u0105ce prawdziwym wyznacznikiem polskiej sztuki.","robots":{"index":"index","follow":"follow","max-snippet":"max-snippet:-1","max-image-preview":"max-image-preview:large","max-video-preview":"max-video-preview:-1"},"canonical":"https:\/\/galeriasopra.com\/en\/product\/aleksandra-wisniewska-czas\/","og_locale":"en_GB","og_type":"article","og_title":"Aleksandra Wi\u015bniewska, Czas  - galeriasopra.com","og_description":"Zapraszamy do odkrycia niezwyk\u0142ego malarstwa wsp\u00f3\u0142czesnego Aleksandry Wi\u015bniewskiej. Jej prace, wykonane technik\u0105 akrylu na p\u0142\u00f3tnie, s\u0105 oprawione i sygnowane, emanuj\u0105c autentycznym wyrazem artystycznym. Galeria Sopra prezentuje to unikalne malarstwo, b\u0119d\u0105ce prawdziwym wyznacznikiem polskiej sztuki.","og_url":"https:\/\/galeriasopra.com\/en\/product\/aleksandra-wisniewska-czas\/","og_site_name":"galeriasopra.com","article_modified_time":"2023-06-24T20:35:43+00:00","og_image":[{"width":710,"height":1024,"url":"https:\/\/galeriasopra.com\/wp-content\/uploads\/2023\/06\/1686424852392-\u2014-kopia-710x1024.png","type":"image\/png"}],"twitter_card":"summary_large_image","schema":{"@context":"https:\/\/schema.org","@graph":[{"@type":"WebPage","@id":"https:\/\/galeriasopra.com\/produkt\/aleksandra-wisniewska-czas\/","url":"https:\/\/galeriasopra.com\/produkt\/aleksandra-wisniewska-czas\/","name":"Aleksandra Wi\u015bniewska, Czas - galeriasopra.com","isPartOf":{"@id":"https:\/\/galeriasopra.com\/#website"},"datePublished":"2023-06-10T19:37:50+00:00","dateModified":"2023-06-24T20:35:43+00:00","description":"Zapraszamy do odkrycia niezwyk\u0142ego malarstwa wsp\u00f3\u0142czesnego Aleksandry Wi\u015bniewskiej. Jej prace, wykonane technik\u0105 akrylu na p\u0142\u00f3tnie, s\u0105 oprawione i sygnowane, emanuj\u0105c autentycznym wyrazem artystycznym. Galeria Sopra prezentuje to unikalne malarstwo, b\u0119d\u0105ce prawdziwym wyznacznikiem polskiej sztuki.","breadcrumb":{"@id":"https:\/\/galeriasopra.com\/produkt\/aleksandra-wisniewska-czas\/#breadcrumb"},"inLanguage":"en-GB","potentialAction":[{"@type":"ReadAction","target":["https:\/\/galeriasopra.com\/produkt\/aleksandra-wisniewska-czas\/"]}]},{"@type":"BreadcrumbList","@id":"https:\/\/galeriasopra.com\/produkt\/aleksandra-wisniewska-czas\/#breadcrumb","itemListElement":[{"@type":"ListItem","position":1,"name":"Strona g\u0142\u00f3wna","item":"https:\/\/galeriasopra.com\/"},{"@type":"ListItem","position":2,"name":"Produkty","item":"https:\/\/galeriasopra.com\/shop\/"},{"@type":"ListItem","position":3,"name":"Aleksandra Wi\u015bniewska, Czas"}]},{"@type":"WebSite","@id":"https:\/\/galeriasopra.com\/#website","url":"https:\/\/galeriasopra.com\/","name":"galeriasopra.com","description":"","publisher":{"@id":"https:\/\/galeriasopra.com\/#organization"},"potentialAction":[{"@type":"SearchAction","target":{"@type":"EntryPoint","urlTemplate":"https:\/\/galeriasopra.com\/?s={search_term_string}"},"query-input":"required name=search_term_string"}],"inLanguage":"en-GB"},{"@type":"Organization","@id":"https:\/\/galeriasopra.com\/#organization","name":"galeriasopra.com","url":"https:\/\/galeriasopra.com\/","logo":{"@type":"ImageObject","inLanguage":"en-GB","@id":"https:\/\/galeriasopra.com\/#\/schema\/logo\/image\/","url":"https:\/\/galeriasopra.com\/wp-content\/uploads\/2023\/03\/logo-for-qr-2-01-e1686765766760.png","contentUrl":"https:\/\/galeriasopra.com\/wp-content\/uploads\/2023\/03\/logo-for-qr-2-01-e1686765766760.png","width":256,"height":256,"caption":"galeriasopra.com"},"image":{"@id":"https:\/\/galeriasopra.com\/#\/schema\/logo\/image\/"}}]}},"_links":{"self":[{"href":"https:\/\/galeriasopra.com\/en\/wp-json\/wp\/v2\/product\/963"}],"collection":[{"href":"https:\/\/galeriasopra.com\/en\/wp-json\/wp\/v2\/product"}],"about":[{"href":"https:\/\/galeriasopra.com\/en\/wp-json\/wp\/v2\/types\/product"}],"wp:featuredmedia":[{"embeddable":true,"href":"https:\/\/galeriasopra.com\/en\/wp-json\/wp\/v2\/media\/1507"}],"wp:attachment":[{"href":"https:\/\/galeriasopra.com\/en\/wp-json\/wp\/v2\/media?parent=963"}],"wp:term":[{"taxonomy":"product_cat","embeddable":true,"href":"https:\/\/galeriasopra.com\/en\/wp-json\/wp\/v2\/product_cat?post=963"},{"taxonomy":"product_tag","embeddable":true,"href":"https:\/\/galeriasopra.com\/en\/wp-json\/wp\/v2\/product_tag?post=963"}],"curies":[{"name":"wp","href":"https:\/\/api.w.org\/{rel}","templated":true}]}}