{"id":954,"date":"2023-06-10T18:54:43","date_gmt":"2023-06-10T18:54:43","guid":{"rendered":"https:\/\/galeriasopra.pl\/?post_type=product&#038;p=954"},"modified":"2023-06-24T20:38:19","modified_gmt":"2023-06-24T20:38:19","slug":"eugeniusz-wiszniewski-portal","status":"publish","type":"product","link":"https:\/\/galeriasopra.com\/en\/product\/eugeniusz-wiszniewski-portal\/","title":{"rendered":"Eugeniusz Wiszniewski,<br\/><span class=\"productAuthor\"> Portal <\/span>"},"content":{"rendered":"","protected":false},"excerpt":{"rendered":"<p>Oil\/Canvas<\/p>\n<p>76 x 86 cm.<\/p>","protected":false},"featured_media":1505,"template":"","meta":[],"product_cat":[52],"product_tag":[73,71,57,74,72],"yoast_head":"<!-- This site is optimized with the Yoast SEO plugin v21.7 - https:\/\/yoast.com\/wordpress\/plugins\/seo\/ -->\n<title>Eugeniusz Wiszniewski, Portal  - galeriasopra.com<\/title>\n<meta name=\"description\" content=\"Zanurz si\u0119 w niezwyk\u0142ym \u015bwiecie malarstwa wsp\u00f3\u0142czesnego Eugeniusza Wiszniewskiego. Jego prace, takie jak dzie\u0142o &#039;Portal&#039;, wykonane technik\u0105 oleju na p\u0142\u00f3tnie, wyr\u00f3\u017cniaj\u0105 si\u0119 wyj\u0105tkowym wyrazem artystycznym. Odkryj fascynuj\u0105ce kompozycje i bogactwo kolor\u00f3w w Galerii Sopra. Sygnowane i oprawione obrazy Eugeniusza Wiszniewskiego zapraszaj\u0105 Ci\u0119 do odkrycia g\u0142\u0119bi polskiego malarstwa wsp\u00f3\u0142czesnego.\" \/>\n<meta name=\"robots\" content=\"index, follow, max-snippet:-1, max-image-preview:large, max-video-preview:-1\" \/>\n<link rel=\"canonical\" href=\"https:\/\/galeriasopra.com\/en\/product\/eugeniusz-wiszniewski-portal\/\" \/>\n<meta property=\"og:locale\" content=\"en_GB\" \/>\n<meta property=\"og:type\" content=\"article\" \/>\n<meta property=\"og:title\" content=\"Eugeniusz Wiszniewski, Portal  - galeriasopra.com\" \/>\n<meta property=\"og:description\" content=\"Zanurz si\u0119 w niezwyk\u0142ym \u015bwiecie malarstwa wsp\u00f3\u0142czesnego Eugeniusza Wiszniewskiego. Jego prace, takie jak dzie\u0142o &#039;Portal&#039;, wykonane technik\u0105 oleju na p\u0142\u00f3tnie, wyr\u00f3\u017cniaj\u0105 si\u0119 wyj\u0105tkowym wyrazem artystycznym. Odkryj fascynuj\u0105ce kompozycje i bogactwo kolor\u00f3w w Galerii Sopra. Sygnowane i oprawione obrazy Eugeniusza Wiszniewskiego zapraszaj\u0105 Ci\u0119 do odkrycia g\u0142\u0119bi polskiego malarstwa wsp\u00f3\u0142czesnego.\" \/>\n<meta property=\"og:url\" content=\"https:\/\/galeriasopra.com\/en\/product\/eugeniusz-wiszniewski-portal\/\" \/>\n<meta property=\"og:site_name\" content=\"galeriasopra.com\" \/>\n<meta property=\"article:modified_time\" content=\"2023-06-24T20:38:19+00:00\" \/>\n<meta property=\"og:image\" content=\"https:\/\/galeriasopra.com\/wp-content\/uploads\/2023\/06\/IMG-2887-\u2014-kopia-scaled.jpg\" \/>\n\t<meta property=\"og:image:width\" content=\"2560\" \/>\n\t<meta property=\"og:image:height\" content=\"2245\" \/>\n\t<meta property=\"og:image:type\" content=\"image\/jpeg\" \/>\n<meta name=\"twitter:card\" content=\"summary_large_image\" \/>\n<script type=\"application\/ld+json\" class=\"yoast-schema-graph\">{\"@context\":\"https:\/\/schema.org\",\"@graph\":[{\"@type\":\"WebPage\",\"@id\":\"https:\/\/galeriasopra.com\/produkt\/eugeniusz-wiszniewski-portal\/\",\"url\":\"https:\/\/galeriasopra.com\/produkt\/eugeniusz-wiszniewski-portal\/\",\"name\":\"Eugeniusz Wiszniewski, Portal - galeriasopra.com\",\"isPartOf\":{\"@id\":\"https:\/\/galeriasopra.com\/#website\"},\"datePublished\":\"2023-06-10T18:54:43+00:00\",\"dateModified\":\"2023-06-24T20:38:19+00:00\",\"description\":\"Zanurz si\u0119 w niezwyk\u0142ym \u015bwiecie malarstwa wsp\u00f3\u0142czesnego Eugeniusza Wiszniewskiego. Jego prace, takie jak dzie\u0142o 'Portal', wykonane technik\u0105 oleju na p\u0142\u00f3tnie, wyr\u00f3\u017cniaj\u0105 si\u0119 wyj\u0105tkowym wyrazem artystycznym. Odkryj fascynuj\u0105ce kompozycje i bogactwo kolor\u00f3w w Galerii Sopra. Sygnowane i oprawione obrazy Eugeniusza Wiszniewskiego zapraszaj\u0105 Ci\u0119 do odkrycia g\u0142\u0119bi polskiego malarstwa wsp\u00f3\u0142czesnego.\",\"breadcrumb\":{\"@id\":\"https:\/\/galeriasopra.com\/produkt\/eugeniusz-wiszniewski-portal\/#breadcrumb\"},\"inLanguage\":\"en-GB\",\"potentialAction\":[{\"@type\":\"ReadAction\",\"target\":[\"https:\/\/galeriasopra.com\/produkt\/eugeniusz-wiszniewski-portal\/\"]}]},{\"@type\":\"BreadcrumbList\",\"@id\":\"https:\/\/galeriasopra.com\/produkt\/eugeniusz-wiszniewski-portal\/#breadcrumb\",\"itemListElement\":[{\"@type\":\"ListItem\",\"position\":1,\"name\":\"Strona g\u0142\u00f3wna\",\"item\":\"https:\/\/galeriasopra.com\/\"},{\"@type\":\"ListItem\",\"position\":2,\"name\":\"Produkty\",\"item\":\"https:\/\/galeriasopra.com\/shop\/\"},{\"@type\":\"ListItem\",\"position\":3,\"name\":\"Eugeniusz Wiszniewski, Portal\"}]},{\"@type\":\"WebSite\",\"@id\":\"https:\/\/galeriasopra.com\/#website\",\"url\":\"https:\/\/galeriasopra.com\/\",\"name\":\"galeriasopra.com\",\"description\":\"\",\"publisher\":{\"@id\":\"https:\/\/galeriasopra.com\/#organization\"},\"potentialAction\":[{\"@type\":\"SearchAction\",\"target\":{\"@type\":\"EntryPoint\",\"urlTemplate\":\"https:\/\/galeriasopra.com\/?s={search_term_string}\"},\"query-input\":\"required name=search_term_string\"}],\"inLanguage\":\"en-GB\"},{\"@type\":\"Organization\",\"@id\":\"https:\/\/galeriasopra.com\/#organization\",\"name\":\"galeriasopra.com\",\"url\":\"https:\/\/galeriasopra.com\/\",\"logo\":{\"@type\":\"ImageObject\",\"inLanguage\":\"en-GB\",\"@id\":\"https:\/\/galeriasopra.com\/#\/schema\/logo\/image\/\",\"url\":\"https:\/\/galeriasopra.com\/wp-content\/uploads\/2023\/03\/logo-for-qr-2-01-e1686765766760.png\",\"contentUrl\":\"https:\/\/galeriasopra.com\/wp-content\/uploads\/2023\/03\/logo-for-qr-2-01-e1686765766760.png\",\"width\":256,\"height\":256,\"caption\":\"galeriasopra.com\"},\"image\":{\"@id\":\"https:\/\/galeriasopra.com\/#\/schema\/logo\/image\/\"}}]}<\/script>\n<!-- \/ Yoast SEO plugin. -->","yoast_head_json":{"title":"Eugeniusz Wiszniewski, Portal  - galeriasopra.com","description":"Zanurz si\u0119 w niezwyk\u0142ym \u015bwiecie malarstwa wsp\u00f3\u0142czesnego Eugeniusza Wiszniewskiego. Jego prace, takie jak dzie\u0142o 'Portal', wykonane technik\u0105 oleju na p\u0142\u00f3tnie, wyr\u00f3\u017cniaj\u0105 si\u0119 wyj\u0105tkowym wyrazem artystycznym. Odkryj fascynuj\u0105ce kompozycje i bogactwo kolor\u00f3w w Galerii Sopra. Sygnowane i oprawione obrazy Eugeniusza Wiszniewskiego zapraszaj\u0105 Ci\u0119 do odkrycia g\u0142\u0119bi polskiego malarstwa wsp\u00f3\u0142czesnego.","robots":{"index":"index","follow":"follow","max-snippet":"max-snippet:-1","max-image-preview":"max-image-preview:large","max-video-preview":"max-video-preview:-1"},"canonical":"https:\/\/galeriasopra.com\/en\/product\/eugeniusz-wiszniewski-portal\/","og_locale":"en_GB","og_type":"article","og_title":"Eugeniusz Wiszniewski, Portal  - galeriasopra.com","og_description":"Zanurz si\u0119 w niezwyk\u0142ym \u015bwiecie malarstwa wsp\u00f3\u0142czesnego Eugeniusza Wiszniewskiego. Jego prace, takie jak dzie\u0142o 'Portal', wykonane technik\u0105 oleju na p\u0142\u00f3tnie, wyr\u00f3\u017cniaj\u0105 si\u0119 wyj\u0105tkowym wyrazem artystycznym. Odkryj fascynuj\u0105ce kompozycje i bogactwo kolor\u00f3w w Galerii Sopra. Sygnowane i oprawione obrazy Eugeniusza Wiszniewskiego zapraszaj\u0105 Ci\u0119 do odkrycia g\u0142\u0119bi polskiego malarstwa wsp\u00f3\u0142czesnego.","og_url":"https:\/\/galeriasopra.com\/en\/product\/eugeniusz-wiszniewski-portal\/","og_site_name":"galeriasopra.com","article_modified_time":"2023-06-24T20:38:19+00:00","og_image":[{"width":2560,"height":2245,"url":"https:\/\/galeriasopra.com\/wp-content\/uploads\/2023\/06\/IMG-2887-\u2014-kopia-scaled.jpg","type":"image\/jpeg"}],"twitter_card":"summary_large_image","schema":{"@context":"https:\/\/schema.org","@graph":[{"@type":"WebPage","@id":"https:\/\/galeriasopra.com\/produkt\/eugeniusz-wiszniewski-portal\/","url":"https:\/\/galeriasopra.com\/produkt\/eugeniusz-wiszniewski-portal\/","name":"Eugeniusz Wiszniewski, Portal - galeriasopra.com","isPartOf":{"@id":"https:\/\/galeriasopra.com\/#website"},"datePublished":"2023-06-10T18:54:43+00:00","dateModified":"2023-06-24T20:38:19+00:00","description":"Zanurz si\u0119 w niezwyk\u0142ym \u015bwiecie malarstwa wsp\u00f3\u0142czesnego Eugeniusza Wiszniewskiego. Jego prace, takie jak dzie\u0142o 'Portal', wykonane technik\u0105 oleju na p\u0142\u00f3tnie, wyr\u00f3\u017cniaj\u0105 si\u0119 wyj\u0105tkowym wyrazem artystycznym. Odkryj fascynuj\u0105ce kompozycje i bogactwo kolor\u00f3w w Galerii Sopra. Sygnowane i oprawione obrazy Eugeniusza Wiszniewskiego zapraszaj\u0105 Ci\u0119 do odkrycia g\u0142\u0119bi polskiego malarstwa wsp\u00f3\u0142czesnego.","breadcrumb":{"@id":"https:\/\/galeriasopra.com\/produkt\/eugeniusz-wiszniewski-portal\/#breadcrumb"},"inLanguage":"en-GB","potentialAction":[{"@type":"ReadAction","target":["https:\/\/galeriasopra.com\/produkt\/eugeniusz-wiszniewski-portal\/"]}]},{"@type":"BreadcrumbList","@id":"https:\/\/galeriasopra.com\/produkt\/eugeniusz-wiszniewski-portal\/#breadcrumb","itemListElement":[{"@type":"ListItem","position":1,"name":"Strona g\u0142\u00f3wna","item":"https:\/\/galeriasopra.com\/"},{"@type":"ListItem","position":2,"name":"Produkty","item":"https:\/\/galeriasopra.com\/shop\/"},{"@type":"ListItem","position":3,"name":"Eugeniusz Wiszniewski, Portal"}]},{"@type":"WebSite","@id":"https:\/\/galeriasopra.com\/#website","url":"https:\/\/galeriasopra.com\/","name":"galeriasopra.com","description":"","publisher":{"@id":"https:\/\/galeriasopra.com\/#organization"},"potentialAction":[{"@type":"SearchAction","target":{"@type":"EntryPoint","urlTemplate":"https:\/\/galeriasopra.com\/?s={search_term_string}"},"query-input":"required name=search_term_string"}],"inLanguage":"en-GB"},{"@type":"Organization","@id":"https:\/\/galeriasopra.com\/#organization","name":"galeriasopra.com","url":"https:\/\/galeriasopra.com\/","logo":{"@type":"ImageObject","inLanguage":"en-GB","@id":"https:\/\/galeriasopra.com\/#\/schema\/logo\/image\/","url":"https:\/\/galeriasopra.com\/wp-content\/uploads\/2023\/03\/logo-for-qr-2-01-e1686765766760.png","contentUrl":"https:\/\/galeriasopra.com\/wp-content\/uploads\/2023\/03\/logo-for-qr-2-01-e1686765766760.png","width":256,"height":256,"caption":"galeriasopra.com"},"image":{"@id":"https:\/\/galeriasopra.com\/#\/schema\/logo\/image\/"}}]}},"_links":{"self":[{"href":"https:\/\/galeriasopra.com\/en\/wp-json\/wp\/v2\/product\/954"}],"collection":[{"href":"https:\/\/galeriasopra.com\/en\/wp-json\/wp\/v2\/product"}],"about":[{"href":"https:\/\/galeriasopra.com\/en\/wp-json\/wp\/v2\/types\/product"}],"wp:featuredmedia":[{"embeddable":true,"href":"https:\/\/galeriasopra.com\/en\/wp-json\/wp\/v2\/media\/1505"}],"wp:attachment":[{"href":"https:\/\/galeriasopra.com\/en\/wp-json\/wp\/v2\/media?parent=954"}],"wp:term":[{"taxonomy":"product_cat","embeddable":true,"href":"https:\/\/galeriasopra.com\/en\/wp-json\/wp\/v2\/product_cat?post=954"},{"taxonomy":"product_tag","embeddable":true,"href":"https:\/\/galeriasopra.com\/en\/wp-json\/wp\/v2\/product_tag?post=954"}],"curies":[{"name":"wp","href":"https:\/\/api.w.org\/{rel}","templated":true}]}}