{"id":951,"date":"2023-06-10T18:43:19","date_gmt":"2023-06-10T18:43:19","guid":{"rendered":"https:\/\/galeriasopra.pl\/?post_type=product&#038;p=951"},"modified":"2023-06-24T20:38:59","modified_gmt":"2023-06-24T20:38:59","slug":"bogna-jarzemska-pani-roza","status":"publish","type":"product","link":"https:\/\/galeriasopra.com\/en\/product\/bogna-jarzemska-pani-roza\/","title":{"rendered":"Bogna Jarzemska,<br\/><span class=\"productAuthor\"> Pani R\u00f3\u017ca <\/span>"},"content":{"rendered":"","protected":false},"excerpt":{"rendered":"<p>Enamel on metal<br \/>\n40 x 120 cm<\/p>","protected":false},"featured_media":1506,"template":"","meta":[],"product_cat":[52],"product_tag":[68,69,70,57],"yoast_head":"<!-- This site is optimized with the Yoast SEO plugin v21.7 - https:\/\/yoast.com\/wordpress\/plugins\/seo\/ -->\n<title>Bogna Jarzemska, Pani R\u00f3\u017ca  - galeriasopra.com<\/title>\n<meta name=\"description\" content=\"Przekonaj si\u0119 o wyj\u0105tkowo\u015bci sztuki Bogny Jarzemskiej, artystki specjalizuj\u0105cej si\u0119 w emalii na metalu. Jej niezwyk\u0142e prace s\u0105 tworzone przez sztuk\u0119 ognia i powstaj\u0105 w renomowanej Fabryce Norblina w Warszawie. Emalia Bogny Jarzemskiej jest prawdziwym unikatem na skal\u0119 \u015bwiatow\u0105, \u0142\u0105cz\u0105c\u0105 technik\u0119, kreatywno\u015b\u0107 i pasj\u0119. Odkryj t\u0119 fascynuj\u0105c\u0105 form\u0119 sztuki w Galerii Sopra i pozw\u00f3l, by\u015b zosta\u0142 zachwycony niepowtarzalno\u015bci\u0105 emalii metalowej.\" \/>\n<meta name=\"robots\" content=\"index, follow, max-snippet:-1, max-image-preview:large, max-video-preview:-1\" \/>\n<link rel=\"canonical\" href=\"https:\/\/galeriasopra.com\/en\/product\/bogna-jarzemska-pani-roza\/\" \/>\n<meta property=\"og:locale\" content=\"en_GB\" \/>\n<meta property=\"og:type\" content=\"article\" \/>\n<meta property=\"og:title\" content=\"Bogna Jarzemska, Pani R\u00f3\u017ca  - galeriasopra.com\" \/>\n<meta property=\"og:description\" content=\"Przekonaj si\u0119 o wyj\u0105tkowo\u015bci sztuki Bogny Jarzemskiej, artystki specjalizuj\u0105cej si\u0119 w emalii na metalu. Jej niezwyk\u0142e prace s\u0105 tworzone przez sztuk\u0119 ognia i powstaj\u0105 w renomowanej Fabryce Norblina w Warszawie. Emalia Bogny Jarzemskiej jest prawdziwym unikatem na skal\u0119 \u015bwiatow\u0105, \u0142\u0105cz\u0105c\u0105 technik\u0119, kreatywno\u015b\u0107 i pasj\u0119. Odkryj t\u0119 fascynuj\u0105c\u0105 form\u0119 sztuki w Galerii Sopra i pozw\u00f3l, by\u015b zosta\u0142 zachwycony niepowtarzalno\u015bci\u0105 emalii metalowej.\" \/>\n<meta property=\"og:url\" content=\"https:\/\/galeriasopra.com\/en\/product\/bogna-jarzemska-pani-roza\/\" \/>\n<meta property=\"og:site_name\" content=\"galeriasopra.com\" \/>\n<meta property=\"article:modified_time\" content=\"2023-06-24T20:38:59+00:00\" \/>\n<meta property=\"og:image\" content=\"https:\/\/galeriasopra.com\/wp-content\/uploads\/2023\/06\/IMG-3223-\u2014-kopia.jpg\" \/>\n\t<meta property=\"og:image:width\" content=\"1003\" \/>\n\t<meta property=\"og:image:height\" content=\"1016\" \/>\n\t<meta property=\"og:image:type\" content=\"image\/jpeg\" \/>\n<meta name=\"twitter:card\" content=\"summary_large_image\" \/>\n<script type=\"application\/ld+json\" class=\"yoast-schema-graph\">{\"@context\":\"https:\/\/schema.org\",\"@graph\":[{\"@type\":\"WebPage\",\"@id\":\"https:\/\/galeriasopra.com\/produkt\/bogna-jarzemska-pani-roza\/\",\"url\":\"https:\/\/galeriasopra.com\/produkt\/bogna-jarzemska-pani-roza\/\",\"name\":\"Bogna Jarzemska, Pani R\u00f3\u017ca - galeriasopra.com\",\"isPartOf\":{\"@id\":\"https:\/\/galeriasopra.com\/#website\"},\"datePublished\":\"2023-06-10T18:43:19+00:00\",\"dateModified\":\"2023-06-24T20:38:59+00:00\",\"description\":\"Przekonaj si\u0119 o wyj\u0105tkowo\u015bci sztuki Bogny Jarzemskiej, artystki specjalizuj\u0105cej si\u0119 w emalii na metalu. Jej niezwyk\u0142e prace s\u0105 tworzone przez sztuk\u0119 ognia i powstaj\u0105 w renomowanej Fabryce Norblina w Warszawie. Emalia Bogny Jarzemskiej jest prawdziwym unikatem na skal\u0119 \u015bwiatow\u0105, \u0142\u0105cz\u0105c\u0105 technik\u0119, kreatywno\u015b\u0107 i pasj\u0119. Odkryj t\u0119 fascynuj\u0105c\u0105 form\u0119 sztuki w Galerii Sopra i pozw\u00f3l, by\u015b zosta\u0142 zachwycony niepowtarzalno\u015bci\u0105 emalii metalowej.\",\"breadcrumb\":{\"@id\":\"https:\/\/galeriasopra.com\/produkt\/bogna-jarzemska-pani-roza\/#breadcrumb\"},\"inLanguage\":\"en-GB\",\"potentialAction\":[{\"@type\":\"ReadAction\",\"target\":[\"https:\/\/galeriasopra.com\/produkt\/bogna-jarzemska-pani-roza\/\"]}]},{\"@type\":\"BreadcrumbList\",\"@id\":\"https:\/\/galeriasopra.com\/produkt\/bogna-jarzemska-pani-roza\/#breadcrumb\",\"itemListElement\":[{\"@type\":\"ListItem\",\"position\":1,\"name\":\"Strona g\u0142\u00f3wna\",\"item\":\"https:\/\/galeriasopra.com\/\"},{\"@type\":\"ListItem\",\"position\":2,\"name\":\"Produkty\",\"item\":\"https:\/\/galeriasopra.com\/shop\/\"},{\"@type\":\"ListItem\",\"position\":3,\"name\":\"Bogna Jarzemska, Pani R\u00f3\u017ca\"}]},{\"@type\":\"WebSite\",\"@id\":\"https:\/\/galeriasopra.com\/#website\",\"url\":\"https:\/\/galeriasopra.com\/\",\"name\":\"galeriasopra.com\",\"description\":\"\",\"publisher\":{\"@id\":\"https:\/\/galeriasopra.com\/#organization\"},\"potentialAction\":[{\"@type\":\"SearchAction\",\"target\":{\"@type\":\"EntryPoint\",\"urlTemplate\":\"https:\/\/galeriasopra.com\/?s={search_term_string}\"},\"query-input\":\"required name=search_term_string\"}],\"inLanguage\":\"en-GB\"},{\"@type\":\"Organization\",\"@id\":\"https:\/\/galeriasopra.com\/#organization\",\"name\":\"galeriasopra.com\",\"url\":\"https:\/\/galeriasopra.com\/\",\"logo\":{\"@type\":\"ImageObject\",\"inLanguage\":\"en-GB\",\"@id\":\"https:\/\/galeriasopra.com\/#\/schema\/logo\/image\/\",\"url\":\"https:\/\/galeriasopra.com\/wp-content\/uploads\/2023\/03\/logo-for-qr-2-01-e1686765766760.png\",\"contentUrl\":\"https:\/\/galeriasopra.com\/wp-content\/uploads\/2023\/03\/logo-for-qr-2-01-e1686765766760.png\",\"width\":256,\"height\":256,\"caption\":\"galeriasopra.com\"},\"image\":{\"@id\":\"https:\/\/galeriasopra.com\/#\/schema\/logo\/image\/\"}}]}<\/script>\n<!-- \/ Yoast SEO plugin. -->","yoast_head_json":{"title":"Bogna Jarzemska, Pani R\u00f3\u017ca  - galeriasopra.com","description":"Przekonaj si\u0119 o wyj\u0105tkowo\u015bci sztuki Bogny Jarzemskiej, artystki specjalizuj\u0105cej si\u0119 w emalii na metalu. Jej niezwyk\u0142e prace s\u0105 tworzone przez sztuk\u0119 ognia i powstaj\u0105 w renomowanej Fabryce Norblina w Warszawie. Emalia Bogny Jarzemskiej jest prawdziwym unikatem na skal\u0119 \u015bwiatow\u0105, \u0142\u0105cz\u0105c\u0105 technik\u0119, kreatywno\u015b\u0107 i pasj\u0119. Odkryj t\u0119 fascynuj\u0105c\u0105 form\u0119 sztuki w Galerii Sopra i pozw\u00f3l, by\u015b zosta\u0142 zachwycony niepowtarzalno\u015bci\u0105 emalii metalowej.","robots":{"index":"index","follow":"follow","max-snippet":"max-snippet:-1","max-image-preview":"max-image-preview:large","max-video-preview":"max-video-preview:-1"},"canonical":"https:\/\/galeriasopra.com\/en\/product\/bogna-jarzemska-pani-roza\/","og_locale":"en_GB","og_type":"article","og_title":"Bogna Jarzemska, Pani R\u00f3\u017ca  - galeriasopra.com","og_description":"Przekonaj si\u0119 o wyj\u0105tkowo\u015bci sztuki Bogny Jarzemskiej, artystki specjalizuj\u0105cej si\u0119 w emalii na metalu. Jej niezwyk\u0142e prace s\u0105 tworzone przez sztuk\u0119 ognia i powstaj\u0105 w renomowanej Fabryce Norblina w Warszawie. Emalia Bogny Jarzemskiej jest prawdziwym unikatem na skal\u0119 \u015bwiatow\u0105, \u0142\u0105cz\u0105c\u0105 technik\u0119, kreatywno\u015b\u0107 i pasj\u0119. Odkryj t\u0119 fascynuj\u0105c\u0105 form\u0119 sztuki w Galerii Sopra i pozw\u00f3l, by\u015b zosta\u0142 zachwycony niepowtarzalno\u015bci\u0105 emalii metalowej.","og_url":"https:\/\/galeriasopra.com\/en\/product\/bogna-jarzemska-pani-roza\/","og_site_name":"galeriasopra.com","article_modified_time":"2023-06-24T20:38:59+00:00","og_image":[{"width":1003,"height":1016,"url":"https:\/\/galeriasopra.com\/wp-content\/uploads\/2023\/06\/IMG-3223-\u2014-kopia.jpg","type":"image\/jpeg"}],"twitter_card":"summary_large_image","schema":{"@context":"https:\/\/schema.org","@graph":[{"@type":"WebPage","@id":"https:\/\/galeriasopra.com\/produkt\/bogna-jarzemska-pani-roza\/","url":"https:\/\/galeriasopra.com\/produkt\/bogna-jarzemska-pani-roza\/","name":"Bogna Jarzemska, Pani R\u00f3\u017ca - galeriasopra.com","isPartOf":{"@id":"https:\/\/galeriasopra.com\/#website"},"datePublished":"2023-06-10T18:43:19+00:00","dateModified":"2023-06-24T20:38:59+00:00","description":"Przekonaj si\u0119 o wyj\u0105tkowo\u015bci sztuki Bogny Jarzemskiej, artystki specjalizuj\u0105cej si\u0119 w emalii na metalu. Jej niezwyk\u0142e prace s\u0105 tworzone przez sztuk\u0119 ognia i powstaj\u0105 w renomowanej Fabryce Norblina w Warszawie. Emalia Bogny Jarzemskiej jest prawdziwym unikatem na skal\u0119 \u015bwiatow\u0105, \u0142\u0105cz\u0105c\u0105 technik\u0119, kreatywno\u015b\u0107 i pasj\u0119. Odkryj t\u0119 fascynuj\u0105c\u0105 form\u0119 sztuki w Galerii Sopra i pozw\u00f3l, by\u015b zosta\u0142 zachwycony niepowtarzalno\u015bci\u0105 emalii metalowej.","breadcrumb":{"@id":"https:\/\/galeriasopra.com\/produkt\/bogna-jarzemska-pani-roza\/#breadcrumb"},"inLanguage":"en-GB","potentialAction":[{"@type":"ReadAction","target":["https:\/\/galeriasopra.com\/produkt\/bogna-jarzemska-pani-roza\/"]}]},{"@type":"BreadcrumbList","@id":"https:\/\/galeriasopra.com\/produkt\/bogna-jarzemska-pani-roza\/#breadcrumb","itemListElement":[{"@type":"ListItem","position":1,"name":"Strona g\u0142\u00f3wna","item":"https:\/\/galeriasopra.com\/"},{"@type":"ListItem","position":2,"name":"Produkty","item":"https:\/\/galeriasopra.com\/shop\/"},{"@type":"ListItem","position":3,"name":"Bogna Jarzemska, Pani R\u00f3\u017ca"}]},{"@type":"WebSite","@id":"https:\/\/galeriasopra.com\/#website","url":"https:\/\/galeriasopra.com\/","name":"galeriasopra.com","description":"","publisher":{"@id":"https:\/\/galeriasopra.com\/#organization"},"potentialAction":[{"@type":"SearchAction","target":{"@type":"EntryPoint","urlTemplate":"https:\/\/galeriasopra.com\/?s={search_term_string}"},"query-input":"required name=search_term_string"}],"inLanguage":"en-GB"},{"@type":"Organization","@id":"https:\/\/galeriasopra.com\/#organization","name":"galeriasopra.com","url":"https:\/\/galeriasopra.com\/","logo":{"@type":"ImageObject","inLanguage":"en-GB","@id":"https:\/\/galeriasopra.com\/#\/schema\/logo\/image\/","url":"https:\/\/galeriasopra.com\/wp-content\/uploads\/2023\/03\/logo-for-qr-2-01-e1686765766760.png","contentUrl":"https:\/\/galeriasopra.com\/wp-content\/uploads\/2023\/03\/logo-for-qr-2-01-e1686765766760.png","width":256,"height":256,"caption":"galeriasopra.com"},"image":{"@id":"https:\/\/galeriasopra.com\/#\/schema\/logo\/image\/"}}]}},"_links":{"self":[{"href":"https:\/\/galeriasopra.com\/en\/wp-json\/wp\/v2\/product\/951"}],"collection":[{"href":"https:\/\/galeriasopra.com\/en\/wp-json\/wp\/v2\/product"}],"about":[{"href":"https:\/\/galeriasopra.com\/en\/wp-json\/wp\/v2\/types\/product"}],"wp:featuredmedia":[{"embeddable":true,"href":"https:\/\/galeriasopra.com\/en\/wp-json\/wp\/v2\/media\/1506"}],"wp:attachment":[{"href":"https:\/\/galeriasopra.com\/en\/wp-json\/wp\/v2\/media?parent=951"}],"wp:term":[{"taxonomy":"product_cat","embeddable":true,"href":"https:\/\/galeriasopra.com\/en\/wp-json\/wp\/v2\/product_cat?post=951"},{"taxonomy":"product_tag","embeddable":true,"href":"https:\/\/galeriasopra.com\/en\/wp-json\/wp\/v2\/product_tag?post=951"}],"curies":[{"name":"wp","href":"https:\/\/api.w.org\/{rel}","templated":true}]}}