{"id":2435,"date":"2025-11-02T17:37:14","date_gmt":"2025-11-02T17:37:14","guid":{"rendered":"https:\/\/galeriasopra.com\/?post_type=product&#038;p=2435"},"modified":"2025-11-02T17:38:07","modified_gmt":"2025-11-02T17:38:07","slug":"sabina-maria-brzask","status":"publish","type":"product","link":"https:\/\/galeriasopra.com\/en\/product\/sabina-maria-brzask\/","title":{"rendered":"Sabina Maria,<br\/><span class=\"productAuthor\"> Brzask <\/span>"},"content":{"rendered":"","protected":false},"excerpt":{"rendered":"<p>Brzask<\/p>\n<p>Olej\/Akryl\/P\u0142\u00f3tno.<\/p>\n<p>Tondo-\u015brednica 100 cm.<\/p>","protected":false},"featured_media":2432,"template":"","meta":[],"product_cat":[52],"product_tag":[112,110,111],"yoast_head":"<!-- This site is optimized with the Yoast SEO plugin v21.7 - https:\/\/yoast.com\/wordpress\/plugins\/seo\/ -->\n<title>Sabina Maria, Brzask  - galeriasopra.com<\/title>\n<meta name=\"description\" content=\"Absolwentka Akademii Sztuk Pi\u0119knych we Wroc\u0142awiu, na wydziale Malarstwa i Rze\u017aby. Tytu\u0142 magistra sztuki obroni\u0142a w marcu 2017. W malarstwie skupia si\u0119 g\u0142\u00f3wnie na kompozycji i statycznych formach skalnych. Wplata realne motywy i prze\u017cycia w oniryczne przestrzenie. Balansuje na granicach abstrakcji, fantastyki i realizmu zachowuj\u0105c przy tym w\u0142asn\u0105, charakterystyczn\u0105 i osobliw\u0105 form\u0119.\" \/>\n<meta name=\"robots\" content=\"index, follow, max-snippet:-1, max-image-preview:large, max-video-preview:-1\" \/>\n<link rel=\"canonical\" href=\"https:\/\/galeriasopra.com\/en\/product\/sabina-maria-brzask\/\" \/>\n<meta property=\"og:locale\" content=\"en_GB\" \/>\n<meta property=\"og:type\" content=\"article\" \/>\n<meta property=\"og:title\" content=\"Sabina Maria, Brzask  - galeriasopra.com\" \/>\n<meta property=\"og:description\" content=\"Absolwentka Akademii Sztuk Pi\u0119knych we Wroc\u0142awiu, na wydziale Malarstwa i Rze\u017aby. Tytu\u0142 magistra sztuki obroni\u0142a w marcu 2017. W malarstwie skupia si\u0119 g\u0142\u00f3wnie na kompozycji i statycznych formach skalnych. Wplata realne motywy i prze\u017cycia w oniryczne przestrzenie. Balansuje na granicach abstrakcji, fantastyki i realizmu zachowuj\u0105c przy tym w\u0142asn\u0105, charakterystyczn\u0105 i osobliw\u0105 form\u0119.\" \/>\n<meta property=\"og:url\" content=\"https:\/\/galeriasopra.com\/en\/product\/sabina-maria-brzask\/\" \/>\n<meta property=\"og:site_name\" content=\"galeriasopra.com\" \/>\n<meta property=\"article:modified_time\" content=\"2025-11-02T17:38:07+00:00\" \/>\n<meta property=\"og:image\" content=\"https:\/\/galeriasopra.com\/wp-content\/uploads\/2025\/11\/sabina-tondo-scaled.jpeg\" \/>\n\t<meta property=\"og:image:width\" content=\"2560\" \/>\n\t<meta property=\"og:image:height\" content=\"2555\" \/>\n\t<meta property=\"og:image:type\" content=\"image\/jpeg\" \/>\n<meta name=\"twitter:card\" content=\"summary_large_image\" \/>\n<meta name=\"twitter:label1\" content=\"Estimated reading time\" \/>\n\t<meta name=\"twitter:data1\" content=\"1 minute\" \/>\n<script type=\"application\/ld+json\" class=\"yoast-schema-graph\">{\"@context\":\"https:\/\/schema.org\",\"@graph\":[{\"@type\":\"WebPage\",\"@id\":\"https:\/\/galeriasopra.com\/produkt\/sabina-maria-brzask\/\",\"url\":\"https:\/\/galeriasopra.com\/produkt\/sabina-maria-brzask\/\",\"name\":\"Sabina Maria, Brzask - galeriasopra.com\",\"isPartOf\":{\"@id\":\"https:\/\/galeriasopra.com\/#website\"},\"datePublished\":\"2025-11-02T17:37:14+00:00\",\"dateModified\":\"2025-11-02T17:38:07+00:00\",\"description\":\"Absolwentka Akademii Sztuk Pi\u0119knych we Wroc\u0142awiu, na wydziale Malarstwa i Rze\u017aby. Tytu\u0142 magistra sztuki obroni\u0142a w marcu 2017. W malarstwie skupia si\u0119 g\u0142\u00f3wnie na kompozycji i statycznych formach skalnych. Wplata realne motywy i prze\u017cycia w oniryczne przestrzenie. Balansuje na granicach abstrakcji, fantastyki i realizmu zachowuj\u0105c przy tym w\u0142asn\u0105, charakterystyczn\u0105 i osobliw\u0105 form\u0119.\",\"breadcrumb\":{\"@id\":\"https:\/\/galeriasopra.com\/produkt\/sabina-maria-brzask\/#breadcrumb\"},\"inLanguage\":\"en-GB\",\"potentialAction\":[{\"@type\":\"ReadAction\",\"target\":[\"https:\/\/galeriasopra.com\/produkt\/sabina-maria-brzask\/\"]}]},{\"@type\":\"BreadcrumbList\",\"@id\":\"https:\/\/galeriasopra.com\/produkt\/sabina-maria-brzask\/#breadcrumb\",\"itemListElement\":[{\"@type\":\"ListItem\",\"position\":1,\"name\":\"Strona g\u0142\u00f3wna\",\"item\":\"https:\/\/galeriasopra.com\/\"},{\"@type\":\"ListItem\",\"position\":2,\"name\":\"Produkty\",\"item\":\"https:\/\/galeriasopra.com\/shop\/\"},{\"@type\":\"ListItem\",\"position\":3,\"name\":\"Sabina Maria, Brzask\"}]},{\"@type\":\"WebSite\",\"@id\":\"https:\/\/galeriasopra.com\/#website\",\"url\":\"https:\/\/galeriasopra.com\/\",\"name\":\"galeriasopra.com\",\"description\":\"\",\"publisher\":{\"@id\":\"https:\/\/galeriasopra.com\/#organization\"},\"potentialAction\":[{\"@type\":\"SearchAction\",\"target\":{\"@type\":\"EntryPoint\",\"urlTemplate\":\"https:\/\/galeriasopra.com\/?s={search_term_string}\"},\"query-input\":\"required name=search_term_string\"}],\"inLanguage\":\"en-GB\"},{\"@type\":\"Organization\",\"@id\":\"https:\/\/galeriasopra.com\/#organization\",\"name\":\"galeriasopra.com\",\"url\":\"https:\/\/galeriasopra.com\/\",\"logo\":{\"@type\":\"ImageObject\",\"inLanguage\":\"en-GB\",\"@id\":\"https:\/\/galeriasopra.com\/#\/schema\/logo\/image\/\",\"url\":\"https:\/\/galeriasopra.com\/wp-content\/uploads\/2023\/03\/logo-for-qr-2-01-e1686765766760.png\",\"contentUrl\":\"https:\/\/galeriasopra.com\/wp-content\/uploads\/2023\/03\/logo-for-qr-2-01-e1686765766760.png\",\"width\":256,\"height\":256,\"caption\":\"galeriasopra.com\"},\"image\":{\"@id\":\"https:\/\/galeriasopra.com\/#\/schema\/logo\/image\/\"}}]}<\/script>\n<!-- \/ Yoast SEO plugin. -->","yoast_head_json":{"title":"Sabina Maria, Brzask  - galeriasopra.com","description":"Absolwentka Akademii Sztuk Pi\u0119knych we Wroc\u0142awiu, na wydziale Malarstwa i Rze\u017aby. Tytu\u0142 magistra sztuki obroni\u0142a w marcu 2017. W malarstwie skupia si\u0119 g\u0142\u00f3wnie na kompozycji i statycznych formach skalnych. Wplata realne motywy i prze\u017cycia w oniryczne przestrzenie. Balansuje na granicach abstrakcji, fantastyki i realizmu zachowuj\u0105c przy tym w\u0142asn\u0105, charakterystyczn\u0105 i osobliw\u0105 form\u0119.","robots":{"index":"index","follow":"follow","max-snippet":"max-snippet:-1","max-image-preview":"max-image-preview:large","max-video-preview":"max-video-preview:-1"},"canonical":"https:\/\/galeriasopra.com\/en\/product\/sabina-maria-brzask\/","og_locale":"en_GB","og_type":"article","og_title":"Sabina Maria, Brzask  - galeriasopra.com","og_description":"Absolwentka Akademii Sztuk Pi\u0119knych we Wroc\u0142awiu, na wydziale Malarstwa i Rze\u017aby. Tytu\u0142 magistra sztuki obroni\u0142a w marcu 2017. W malarstwie skupia si\u0119 g\u0142\u00f3wnie na kompozycji i statycznych formach skalnych. Wplata realne motywy i prze\u017cycia w oniryczne przestrzenie. Balansuje na granicach abstrakcji, fantastyki i realizmu zachowuj\u0105c przy tym w\u0142asn\u0105, charakterystyczn\u0105 i osobliw\u0105 form\u0119.","og_url":"https:\/\/galeriasopra.com\/en\/product\/sabina-maria-brzask\/","og_site_name":"galeriasopra.com","article_modified_time":"2025-11-02T17:38:07+00:00","og_image":[{"width":2560,"height":2555,"url":"https:\/\/galeriasopra.com\/wp-content\/uploads\/2025\/11\/sabina-tondo-scaled.jpeg","type":"image\/jpeg"}],"twitter_card":"summary_large_image","twitter_misc":{"Estimated reading time":"1 minute"},"schema":{"@context":"https:\/\/schema.org","@graph":[{"@type":"WebPage","@id":"https:\/\/galeriasopra.com\/produkt\/sabina-maria-brzask\/","url":"https:\/\/galeriasopra.com\/produkt\/sabina-maria-brzask\/","name":"Sabina Maria, Brzask - galeriasopra.com","isPartOf":{"@id":"https:\/\/galeriasopra.com\/#website"},"datePublished":"2025-11-02T17:37:14+00:00","dateModified":"2025-11-02T17:38:07+00:00","description":"Absolwentka Akademii Sztuk Pi\u0119knych we Wroc\u0142awiu, na wydziale Malarstwa i Rze\u017aby. Tytu\u0142 magistra sztuki obroni\u0142a w marcu 2017. W malarstwie skupia si\u0119 g\u0142\u00f3wnie na kompozycji i statycznych formach skalnych. Wplata realne motywy i prze\u017cycia w oniryczne przestrzenie. Balansuje na granicach abstrakcji, fantastyki i realizmu zachowuj\u0105c przy tym w\u0142asn\u0105, charakterystyczn\u0105 i osobliw\u0105 form\u0119.","breadcrumb":{"@id":"https:\/\/galeriasopra.com\/produkt\/sabina-maria-brzask\/#breadcrumb"},"inLanguage":"en-GB","potentialAction":[{"@type":"ReadAction","target":["https:\/\/galeriasopra.com\/produkt\/sabina-maria-brzask\/"]}]},{"@type":"BreadcrumbList","@id":"https:\/\/galeriasopra.com\/produkt\/sabina-maria-brzask\/#breadcrumb","itemListElement":[{"@type":"ListItem","position":1,"name":"Strona g\u0142\u00f3wna","item":"https:\/\/galeriasopra.com\/"},{"@type":"ListItem","position":2,"name":"Produkty","item":"https:\/\/galeriasopra.com\/shop\/"},{"@type":"ListItem","position":3,"name":"Sabina Maria, Brzask"}]},{"@type":"WebSite","@id":"https:\/\/galeriasopra.com\/#website","url":"https:\/\/galeriasopra.com\/","name":"galeriasopra.com","description":"","publisher":{"@id":"https:\/\/galeriasopra.com\/#organization"},"potentialAction":[{"@type":"SearchAction","target":{"@type":"EntryPoint","urlTemplate":"https:\/\/galeriasopra.com\/?s={search_term_string}"},"query-input":"required name=search_term_string"}],"inLanguage":"en-GB"},{"@type":"Organization","@id":"https:\/\/galeriasopra.com\/#organization","name":"galeriasopra.com","url":"https:\/\/galeriasopra.com\/","logo":{"@type":"ImageObject","inLanguage":"en-GB","@id":"https:\/\/galeriasopra.com\/#\/schema\/logo\/image\/","url":"https:\/\/galeriasopra.com\/wp-content\/uploads\/2023\/03\/logo-for-qr-2-01-e1686765766760.png","contentUrl":"https:\/\/galeriasopra.com\/wp-content\/uploads\/2023\/03\/logo-for-qr-2-01-e1686765766760.png","width":256,"height":256,"caption":"galeriasopra.com"},"image":{"@id":"https:\/\/galeriasopra.com\/#\/schema\/logo\/image\/"}}]}},"_links":{"self":[{"href":"https:\/\/galeriasopra.com\/en\/wp-json\/wp\/v2\/product\/2435"}],"collection":[{"href":"https:\/\/galeriasopra.com\/en\/wp-json\/wp\/v2\/product"}],"about":[{"href":"https:\/\/galeriasopra.com\/en\/wp-json\/wp\/v2\/types\/product"}],"wp:featuredmedia":[{"embeddable":true,"href":"https:\/\/galeriasopra.com\/en\/wp-json\/wp\/v2\/media\/2432"}],"wp:attachment":[{"href":"https:\/\/galeriasopra.com\/en\/wp-json\/wp\/v2\/media?parent=2435"}],"wp:term":[{"taxonomy":"product_cat","embeddable":true,"href":"https:\/\/galeriasopra.com\/en\/wp-json\/wp\/v2\/product_cat?post=2435"},{"taxonomy":"product_tag","embeddable":true,"href":"https:\/\/galeriasopra.com\/en\/wp-json\/wp\/v2\/product_tag?post=2435"}],"curies":[{"name":"wp","href":"https:\/\/api.w.org\/{rel}","templated":true}]}}