{"id":2385,"date":"2024-11-27T14:57:32","date_gmt":"2024-11-27T14:57:32","guid":{"rendered":"https:\/\/galeriasopra.com\/?post_type=product&#038;p=2385"},"modified":"2026-02-12T15:27:49","modified_gmt":"2026-02-12T15:27:49","slug":"aleksandra-wisniewska-diuna","status":"publish","type":"product","link":"https:\/\/galeriasopra.com\/en\/product\/aleksandra-wisniewska-diuna\/","title":{"rendered":"Aleksandra Wi\u015bniewska,<br\/><span class=\"productAuthor\">Diuna  <\/span>"},"content":{"rendered":"","protected":false},"excerpt":{"rendered":"<p>Diuna<\/p>\n<p>Olej\/Akryl\/P\u0142\u00f3tno.<\/p>\n<p>110 x 110 cm.<\/p>","protected":false},"featured_media":2386,"template":"","meta":[],"product_cat":[52],"product_tag":[78,107],"yoast_head":"<!-- This site is optimized with the Yoast SEO plugin v21.7 - https:\/\/yoast.com\/wordpress\/plugins\/seo\/ -->\n<title>Aleksandra Wi\u015bniewska,Diuna  - galeriasopra.com<\/title>\n<meta name=\"description\" content=\"Aleksandra Wi\u015bniewska. Tworzy obrazy\u00a0na p\u0142\u00f3tnie, akwarele na papierze i wielkoformatowe malarstwo u\u017cytkowe na \u015bcianach.\u00a0Po uko\u0144czeniu Liceum Sztuk Plastycznych im. Jana\u00a0Cybisa\u00a0w Opolu, studiowa\u0142a histori\u0119 sztuki na Uniwersytecie Wroc\u0142awskim, co cz\u0119sto wida\u0107 w pracach u\u017cytkowych\u00a0artystki, gdy\u017c inspiracje czerpie z przesz\u0142o\u015bci .W tw\u00f3rczo\u015bci\u00a0Aleksandry\u00a0Wi\u015bniewskiej mo\u017ce dziwi\u0107\u00a0taki\u00a0wyb\u00f3r\u00a0technik malarskich, kt\u00f3re\u00a0opieraj\u0105\u00a0si\u0119 o kategori\u0119 pod\u0142o\u017ca\u00a0p\u0142\u00f3tno\/papier\/\u015bciana. Jednak najwa\u017cniejsze dla niej\u00a0pozostaje malarstwo sztalugowe. Jednocze\u015bnie nie zaw\u0119\u017caj\u0105c swojej\u00a0tw\u00f3rczo\u015bci tylko do tego medium\u00a0stawia sobie coraz to nowe artystyczne\u00a0wyzwania.\u00a0Jej malarstwo sztalugowe to przede wszystkim fascynacja cz\u0142owiekiem. Poprzez\u00a0akty stara\u00a0si\u0119\u00a0ukaza\u0107 indywidualno\u015b\u0107 cz\u0142owieka,\u00a0cia\u0142o z jego gestem i zapisan\u0105 w nim histori\u0105\u00a0znajduje swoje miejsce w\u00a0naturze, lub przekazuje stany emocjonalne bez odniesie\u0144 do otoczenia. Obecnie pracuje nad\u00a0cyklem odwo\u0142uj\u0105cym si\u0119 do \u015bwiata\u00a0ba\u015bni\u00a0i mit\u00f3w\u00a0w\u00a0estetyzuj\u0105cym uj\u0119ciu. W swoich akwarelach bawi si\u0119 przede\u00a0wszystkim kolorem i kszta\u0142tami natury\u00a0w ilustracyjnej formie, szlifuj\u0105c warsztat i efekty jakie mo\u017cna uzyska\u0107 w tej wymagaj\u0105cej technice.\u00a0Ulubione tematy to zwierz\u0119ta, ro\u015bliny i martwa natura. Malarstwo \u015bcienne to wykorzystanie r\u00f3\u017cnych technik malarskich\u00a0oraz\u00a0r\u00f3\u017cnego typu farb dla uzyskania\u00a0odmiennych\u00a0efekt\u00f3w dopasowanych do\u00a0wn\u0119trza i jego funkcji. Najch\u0119tniej\u00a0realizuje wn\u0119trza\u00a0dla bran\u017cy gastronomicznej\u00a0poszukuj\u0105c dla nich indywidualnego, unikatowego wyrazu zwi\u0105zanego z typem lokalu.\u00a0\" \/>\n<meta name=\"robots\" content=\"index, follow, max-snippet:-1, max-image-preview:large, max-video-preview:-1\" \/>\n<link rel=\"canonical\" href=\"https:\/\/galeriasopra.com\/en\/product\/aleksandra-wisniewska-diuna\/\" \/>\n<meta property=\"og:locale\" content=\"en_GB\" \/>\n<meta property=\"og:type\" content=\"article\" \/>\n<meta property=\"og:title\" content=\"Aleksandra Wi\u015bniewska,Diuna  - galeriasopra.com\" \/>\n<meta property=\"og:description\" content=\"Aleksandra Wi\u015bniewska. Tworzy obrazy\u00a0na p\u0142\u00f3tnie, akwarele na papierze i wielkoformatowe malarstwo u\u017cytkowe na \u015bcianach.\u00a0Po uko\u0144czeniu Liceum Sztuk Plastycznych im. Jana\u00a0Cybisa\u00a0w Opolu, studiowa\u0142a histori\u0119 sztuki na Uniwersytecie Wroc\u0142awskim, co cz\u0119sto wida\u0107 w pracach u\u017cytkowych\u00a0artystki, gdy\u017c inspiracje czerpie z przesz\u0142o\u015bci .W tw\u00f3rczo\u015bci\u00a0Aleksandry\u00a0Wi\u015bniewskiej mo\u017ce dziwi\u0107\u00a0taki\u00a0wyb\u00f3r\u00a0technik malarskich, kt\u00f3re\u00a0opieraj\u0105\u00a0si\u0119 o kategori\u0119 pod\u0142o\u017ca\u00a0p\u0142\u00f3tno\/papier\/\u015bciana. Jednak najwa\u017cniejsze dla niej\u00a0pozostaje malarstwo sztalugowe. Jednocze\u015bnie nie zaw\u0119\u017caj\u0105c swojej\u00a0tw\u00f3rczo\u015bci tylko do tego medium\u00a0stawia sobie coraz to nowe artystyczne\u00a0wyzwania.\u00a0Jej malarstwo sztalugowe to przede wszystkim fascynacja cz\u0142owiekiem. Poprzez\u00a0akty stara\u00a0si\u0119\u00a0ukaza\u0107 indywidualno\u015b\u0107 cz\u0142owieka,\u00a0cia\u0142o z jego gestem i zapisan\u0105 w nim histori\u0105\u00a0znajduje swoje miejsce w\u00a0naturze, lub przekazuje stany emocjonalne bez odniesie\u0144 do otoczenia. Obecnie pracuje nad\u00a0cyklem odwo\u0142uj\u0105cym si\u0119 do \u015bwiata\u00a0ba\u015bni\u00a0i mit\u00f3w\u00a0w\u00a0estetyzuj\u0105cym uj\u0119ciu. W swoich akwarelach bawi si\u0119 przede\u00a0wszystkim kolorem i kszta\u0142tami natury\u00a0w ilustracyjnej formie, szlifuj\u0105c warsztat i efekty jakie mo\u017cna uzyska\u0107 w tej wymagaj\u0105cej technice.\u00a0Ulubione tematy to zwierz\u0119ta, ro\u015bliny i martwa natura. Malarstwo \u015bcienne to wykorzystanie r\u00f3\u017cnych technik malarskich\u00a0oraz\u00a0r\u00f3\u017cnego typu farb dla uzyskania\u00a0odmiennych\u00a0efekt\u00f3w dopasowanych do\u00a0wn\u0119trza i jego funkcji. Najch\u0119tniej\u00a0realizuje wn\u0119trza\u00a0dla bran\u017cy gastronomicznej\u00a0poszukuj\u0105c dla nich indywidualnego, unikatowego wyrazu zwi\u0105zanego z typem lokalu.\u00a0\" \/>\n<meta property=\"og:url\" content=\"https:\/\/galeriasopra.com\/en\/product\/aleksandra-wisniewska-diuna\/\" \/>\n<meta property=\"og:site_name\" content=\"galeriasopra.com\" \/>\n<meta property=\"article:modified_time\" content=\"2026-02-12T15:27:49+00:00\" \/>\n<meta property=\"og:image\" content=\"https:\/\/galeriasopra.com\/wp-content\/uploads\/2024\/11\/diuna.jpeg\" \/>\n\t<meta property=\"og:image:width\" content=\"1911\" \/>\n\t<meta property=\"og:image:height\" content=\"1900\" \/>\n\t<meta property=\"og:image:type\" content=\"image\/jpeg\" \/>\n<meta name=\"twitter:card\" content=\"summary_large_image\" \/>\n<meta name=\"twitter:label1\" content=\"Estimated reading time\" \/>\n\t<meta name=\"twitter:data1\" content=\"1 minute\" \/>\n<script type=\"application\/ld+json\" class=\"yoast-schema-graph\">{\"@context\":\"https:\/\/schema.org\",\"@graph\":[{\"@type\":\"WebPage\",\"@id\":\"https:\/\/galeriasopra.com\/produkt\/aleksandra-wisniewska-diuna\/\",\"url\":\"https:\/\/galeriasopra.com\/produkt\/aleksandra-wisniewska-diuna\/\",\"name\":\"Aleksandra Wi\u015bniewska, Diuna - galeriasopra.com\",\"isPartOf\":{\"@id\":\"https:\/\/galeriasopra.com\/#website\"},\"datePublished\":\"2024-11-27T14:57:32+00:00\",\"dateModified\":\"2026-02-12T15:27:49+00:00\",\"description\":\"Aleksandra Wi\u015bniewska. Tworzy obrazy\u00a0na p\u0142\u00f3tnie, akwarele na papierze i wielkoformatowe malarstwo u\u017cytkowe na \u015bcianach.\u00a0Po uko\u0144czeniu Liceum Sztuk Plastycznych im. Jana\u00a0Cybisa\u00a0w Opolu, studiowa\u0142a histori\u0119 sztuki na Uniwersytecie Wroc\u0142awskim, co cz\u0119sto wida\u0107 w pracach u\u017cytkowych\u00a0artystki, gdy\u017c inspiracje czerpie z przesz\u0142o\u015bci .W tw\u00f3rczo\u015bci\u00a0Aleksandry\u00a0Wi\u015bniewskiej mo\u017ce dziwi\u0107\u00a0taki\u00a0wyb\u00f3r\u00a0technik malarskich, kt\u00f3re\u00a0opieraj\u0105\u00a0si\u0119 o kategori\u0119 pod\u0142o\u017ca\u00a0p\u0142\u00f3tno\/papier\/\u015bciana. Jednak najwa\u017cniejsze dla niej\u00a0pozostaje malarstwo sztalugowe. Jednocze\u015bnie nie zaw\u0119\u017caj\u0105c swojej\u00a0tw\u00f3rczo\u015bci tylko do tego medium\u00a0stawia sobie coraz to nowe artystyczne\u00a0wyzwania.\u00a0Jej malarstwo sztalugowe to przede wszystkim fascynacja cz\u0142owiekiem. Poprzez\u00a0akty stara\u00a0si\u0119\u00a0ukaza\u0107 indywidualno\u015b\u0107 cz\u0142owieka,\u00a0cia\u0142o z jego gestem i zapisan\u0105 w nim histori\u0105\u00a0znajduje swoje miejsce w\u00a0naturze, lub przekazuje stany emocjonalne bez odniesie\u0144 do otoczenia. Obecnie pracuje nad\u00a0cyklem odwo\u0142uj\u0105cym si\u0119 do \u015bwiata\u00a0ba\u015bni\u00a0i mit\u00f3w\u00a0w\u00a0estetyzuj\u0105cym uj\u0119ciu. W swoich akwarelach bawi si\u0119 przede\u00a0wszystkim kolorem i kszta\u0142tami natury\u00a0w ilustracyjnej formie, szlifuj\u0105c warsztat i efekty jakie mo\u017cna uzyska\u0107 w tej wymagaj\u0105cej technice.\u00a0Ulubione tematy to zwierz\u0119ta, ro\u015bliny i martwa natura. Malarstwo \u015bcienne to wykorzystanie r\u00f3\u017cnych technik malarskich\u00a0oraz\u00a0r\u00f3\u017cnego typu farb dla uzyskania\u00a0odmiennych\u00a0efekt\u00f3w dopasowanych do\u00a0wn\u0119trza i jego funkcji. Najch\u0119tniej\u00a0realizuje wn\u0119trza\u00a0dla bran\u017cy gastronomicznej\u00a0poszukuj\u0105c dla nich indywidualnego, unikatowego wyrazu zwi\u0105zanego z typem lokalu.\u00a0\",\"breadcrumb\":{\"@id\":\"https:\/\/galeriasopra.com\/produkt\/aleksandra-wisniewska-diuna\/#breadcrumb\"},\"inLanguage\":\"en-GB\",\"potentialAction\":[{\"@type\":\"ReadAction\",\"target\":[\"https:\/\/galeriasopra.com\/produkt\/aleksandra-wisniewska-diuna\/\"]}]},{\"@type\":\"BreadcrumbList\",\"@id\":\"https:\/\/galeriasopra.com\/produkt\/aleksandra-wisniewska-diuna\/#breadcrumb\",\"itemListElement\":[{\"@type\":\"ListItem\",\"position\":1,\"name\":\"Strona g\u0142\u00f3wna\",\"item\":\"https:\/\/galeriasopra.com\/\"},{\"@type\":\"ListItem\",\"position\":2,\"name\":\"Produkty\",\"item\":\"https:\/\/galeriasopra.com\/shop\/\"},{\"@type\":\"ListItem\",\"position\":3,\"name\":\"Aleksandra Wi\u015bniewska,Diuna\"}]},{\"@type\":\"WebSite\",\"@id\":\"https:\/\/galeriasopra.com\/#website\",\"url\":\"https:\/\/galeriasopra.com\/\",\"name\":\"galeriasopra.com\",\"description\":\"\",\"publisher\":{\"@id\":\"https:\/\/galeriasopra.com\/#organization\"},\"potentialAction\":[{\"@type\":\"SearchAction\",\"target\":{\"@type\":\"EntryPoint\",\"urlTemplate\":\"https:\/\/galeriasopra.com\/?s={search_term_string}\"},\"query-input\":\"required name=search_term_string\"}],\"inLanguage\":\"en-GB\"},{\"@type\":\"Organization\",\"@id\":\"https:\/\/galeriasopra.com\/#organization\",\"name\":\"galeriasopra.com\",\"url\":\"https:\/\/galeriasopra.com\/\",\"logo\":{\"@type\":\"ImageObject\",\"inLanguage\":\"en-GB\",\"@id\":\"https:\/\/galeriasopra.com\/#\/schema\/logo\/image\/\",\"url\":\"https:\/\/galeriasopra.com\/wp-content\/uploads\/2023\/03\/logo-for-qr-2-01-e1686765766760.png\",\"contentUrl\":\"https:\/\/galeriasopra.com\/wp-content\/uploads\/2023\/03\/logo-for-qr-2-01-e1686765766760.png\",\"width\":256,\"height\":256,\"caption\":\"galeriasopra.com\"},\"image\":{\"@id\":\"https:\/\/galeriasopra.com\/#\/schema\/logo\/image\/\"}}]}<\/script>\n<!-- \/ Yoast SEO plugin. -->","yoast_head_json":{"title":"Aleksandra Wi\u015bniewska,Diuna  - galeriasopra.com","description":"Aleksandra Wi\u015bniewska. Tworzy obrazy\u00a0na p\u0142\u00f3tnie, akwarele na papierze i wielkoformatowe malarstwo u\u017cytkowe na \u015bcianach.\u00a0Po uko\u0144czeniu Liceum Sztuk Plastycznych im. Jana\u00a0Cybisa\u00a0w Opolu, studiowa\u0142a histori\u0119 sztuki na Uniwersytecie Wroc\u0142awskim, co cz\u0119sto wida\u0107 w pracach u\u017cytkowych\u00a0artystki, gdy\u017c inspiracje czerpie z przesz\u0142o\u015bci .W tw\u00f3rczo\u015bci\u00a0Aleksandry\u00a0Wi\u015bniewskiej mo\u017ce dziwi\u0107\u00a0taki\u00a0wyb\u00f3r\u00a0technik malarskich, kt\u00f3re\u00a0opieraj\u0105\u00a0si\u0119 o kategori\u0119 pod\u0142o\u017ca\u00a0p\u0142\u00f3tno\/papier\/\u015bciana. Jednak najwa\u017cniejsze dla niej\u00a0pozostaje malarstwo sztalugowe. Jednocze\u015bnie nie zaw\u0119\u017caj\u0105c swojej\u00a0tw\u00f3rczo\u015bci tylko do tego medium\u00a0stawia sobie coraz to nowe artystyczne\u00a0wyzwania.\u00a0Jej malarstwo sztalugowe to przede wszystkim fascynacja cz\u0142owiekiem. Poprzez\u00a0akty stara\u00a0si\u0119\u00a0ukaza\u0107 indywidualno\u015b\u0107 cz\u0142owieka,\u00a0cia\u0142o z jego gestem i zapisan\u0105 w nim histori\u0105\u00a0znajduje swoje miejsce w\u00a0naturze, lub przekazuje stany emocjonalne bez odniesie\u0144 do otoczenia. Obecnie pracuje nad\u00a0cyklem odwo\u0142uj\u0105cym si\u0119 do \u015bwiata\u00a0ba\u015bni\u00a0i mit\u00f3w\u00a0w\u00a0estetyzuj\u0105cym uj\u0119ciu. W swoich akwarelach bawi si\u0119 przede\u00a0wszystkim kolorem i kszta\u0142tami natury\u00a0w ilustracyjnej formie, szlifuj\u0105c warsztat i efekty jakie mo\u017cna uzyska\u0107 w tej wymagaj\u0105cej technice.\u00a0Ulubione tematy to zwierz\u0119ta, ro\u015bliny i martwa natura. Malarstwo \u015bcienne to wykorzystanie r\u00f3\u017cnych technik malarskich\u00a0oraz\u00a0r\u00f3\u017cnego typu farb dla uzyskania\u00a0odmiennych\u00a0efekt\u00f3w dopasowanych do\u00a0wn\u0119trza i jego funkcji. Najch\u0119tniej\u00a0realizuje wn\u0119trza\u00a0dla bran\u017cy gastronomicznej\u00a0poszukuj\u0105c dla nich indywidualnego, unikatowego wyrazu zwi\u0105zanego z typem lokalu.\u00a0","robots":{"index":"index","follow":"follow","max-snippet":"max-snippet:-1","max-image-preview":"max-image-preview:large","max-video-preview":"max-video-preview:-1"},"canonical":"https:\/\/galeriasopra.com\/en\/product\/aleksandra-wisniewska-diuna\/","og_locale":"en_GB","og_type":"article","og_title":"Aleksandra Wi\u015bniewska,Diuna  - galeriasopra.com","og_description":"Aleksandra Wi\u015bniewska. Tworzy obrazy\u00a0na p\u0142\u00f3tnie, akwarele na papierze i wielkoformatowe malarstwo u\u017cytkowe na \u015bcianach.\u00a0Po uko\u0144czeniu Liceum Sztuk Plastycznych im. Jana\u00a0Cybisa\u00a0w Opolu, studiowa\u0142a histori\u0119 sztuki na Uniwersytecie Wroc\u0142awskim, co cz\u0119sto wida\u0107 w pracach u\u017cytkowych\u00a0artystki, gdy\u017c inspiracje czerpie z przesz\u0142o\u015bci .W tw\u00f3rczo\u015bci\u00a0Aleksandry\u00a0Wi\u015bniewskiej mo\u017ce dziwi\u0107\u00a0taki\u00a0wyb\u00f3r\u00a0technik malarskich, kt\u00f3re\u00a0opieraj\u0105\u00a0si\u0119 o kategori\u0119 pod\u0142o\u017ca\u00a0p\u0142\u00f3tno\/papier\/\u015bciana. Jednak najwa\u017cniejsze dla niej\u00a0pozostaje malarstwo sztalugowe. Jednocze\u015bnie nie zaw\u0119\u017caj\u0105c swojej\u00a0tw\u00f3rczo\u015bci tylko do tego medium\u00a0stawia sobie coraz to nowe artystyczne\u00a0wyzwania.\u00a0Jej malarstwo sztalugowe to przede wszystkim fascynacja cz\u0142owiekiem. Poprzez\u00a0akty stara\u00a0si\u0119\u00a0ukaza\u0107 indywidualno\u015b\u0107 cz\u0142owieka,\u00a0cia\u0142o z jego gestem i zapisan\u0105 w nim histori\u0105\u00a0znajduje swoje miejsce w\u00a0naturze, lub przekazuje stany emocjonalne bez odniesie\u0144 do otoczenia. Obecnie pracuje nad\u00a0cyklem odwo\u0142uj\u0105cym si\u0119 do \u015bwiata\u00a0ba\u015bni\u00a0i mit\u00f3w\u00a0w\u00a0estetyzuj\u0105cym uj\u0119ciu. W swoich akwarelach bawi si\u0119 przede\u00a0wszystkim kolorem i kszta\u0142tami natury\u00a0w ilustracyjnej formie, szlifuj\u0105c warsztat i efekty jakie mo\u017cna uzyska\u0107 w tej wymagaj\u0105cej technice.\u00a0Ulubione tematy to zwierz\u0119ta, ro\u015bliny i martwa natura. Malarstwo \u015bcienne to wykorzystanie r\u00f3\u017cnych technik malarskich\u00a0oraz\u00a0r\u00f3\u017cnego typu farb dla uzyskania\u00a0odmiennych\u00a0efekt\u00f3w dopasowanych do\u00a0wn\u0119trza i jego funkcji. Najch\u0119tniej\u00a0realizuje wn\u0119trza\u00a0dla bran\u017cy gastronomicznej\u00a0poszukuj\u0105c dla nich indywidualnego, unikatowego wyrazu zwi\u0105zanego z typem lokalu.\u00a0","og_url":"https:\/\/galeriasopra.com\/en\/product\/aleksandra-wisniewska-diuna\/","og_site_name":"galeriasopra.com","article_modified_time":"2026-02-12T15:27:49+00:00","og_image":[{"width":1911,"height":1900,"url":"https:\/\/galeriasopra.com\/wp-content\/uploads\/2024\/11\/diuna.jpeg","type":"image\/jpeg"}],"twitter_card":"summary_large_image","twitter_misc":{"Estimated reading time":"1 minute"},"schema":{"@context":"https:\/\/schema.org","@graph":[{"@type":"WebPage","@id":"https:\/\/galeriasopra.com\/produkt\/aleksandra-wisniewska-diuna\/","url":"https:\/\/galeriasopra.com\/produkt\/aleksandra-wisniewska-diuna\/","name":"Aleksandra Wi\u015bniewska, Diuna - galeriasopra.com","isPartOf":{"@id":"https:\/\/galeriasopra.com\/#website"},"datePublished":"2024-11-27T14:57:32+00:00","dateModified":"2026-02-12T15:27:49+00:00","description":"Aleksandra Wi\u015bniewska. Tworzy obrazy\u00a0na p\u0142\u00f3tnie, akwarele na papierze i wielkoformatowe malarstwo u\u017cytkowe na \u015bcianach.\u00a0Po uko\u0144czeniu Liceum Sztuk Plastycznych im. Jana\u00a0Cybisa\u00a0w Opolu, studiowa\u0142a histori\u0119 sztuki na Uniwersytecie Wroc\u0142awskim, co cz\u0119sto wida\u0107 w pracach u\u017cytkowych\u00a0artystki, gdy\u017c inspiracje czerpie z przesz\u0142o\u015bci .W tw\u00f3rczo\u015bci\u00a0Aleksandry\u00a0Wi\u015bniewskiej mo\u017ce dziwi\u0107\u00a0taki\u00a0wyb\u00f3r\u00a0technik malarskich, kt\u00f3re\u00a0opieraj\u0105\u00a0si\u0119 o kategori\u0119 pod\u0142o\u017ca\u00a0p\u0142\u00f3tno\/papier\/\u015bciana. Jednak najwa\u017cniejsze dla niej\u00a0pozostaje malarstwo sztalugowe. Jednocze\u015bnie nie zaw\u0119\u017caj\u0105c swojej\u00a0tw\u00f3rczo\u015bci tylko do tego medium\u00a0stawia sobie coraz to nowe artystyczne\u00a0wyzwania.\u00a0Jej malarstwo sztalugowe to przede wszystkim fascynacja cz\u0142owiekiem. Poprzez\u00a0akty stara\u00a0si\u0119\u00a0ukaza\u0107 indywidualno\u015b\u0107 cz\u0142owieka,\u00a0cia\u0142o z jego gestem i zapisan\u0105 w nim histori\u0105\u00a0znajduje swoje miejsce w\u00a0naturze, lub przekazuje stany emocjonalne bez odniesie\u0144 do otoczenia. Obecnie pracuje nad\u00a0cyklem odwo\u0142uj\u0105cym si\u0119 do \u015bwiata\u00a0ba\u015bni\u00a0i mit\u00f3w\u00a0w\u00a0estetyzuj\u0105cym uj\u0119ciu. W swoich akwarelach bawi si\u0119 przede\u00a0wszystkim kolorem i kszta\u0142tami natury\u00a0w ilustracyjnej formie, szlifuj\u0105c warsztat i efekty jakie mo\u017cna uzyska\u0107 w tej wymagaj\u0105cej technice.\u00a0Ulubione tematy to zwierz\u0119ta, ro\u015bliny i martwa natura. Malarstwo \u015bcienne to wykorzystanie r\u00f3\u017cnych technik malarskich\u00a0oraz\u00a0r\u00f3\u017cnego typu farb dla uzyskania\u00a0odmiennych\u00a0efekt\u00f3w dopasowanych do\u00a0wn\u0119trza i jego funkcji. Najch\u0119tniej\u00a0realizuje wn\u0119trza\u00a0dla bran\u017cy gastronomicznej\u00a0poszukuj\u0105c dla nich indywidualnego, unikatowego wyrazu zwi\u0105zanego z typem lokalu.\u00a0","breadcrumb":{"@id":"https:\/\/galeriasopra.com\/produkt\/aleksandra-wisniewska-diuna\/#breadcrumb"},"inLanguage":"en-GB","potentialAction":[{"@type":"ReadAction","target":["https:\/\/galeriasopra.com\/produkt\/aleksandra-wisniewska-diuna\/"]}]},{"@type":"BreadcrumbList","@id":"https:\/\/galeriasopra.com\/produkt\/aleksandra-wisniewska-diuna\/#breadcrumb","itemListElement":[{"@type":"ListItem","position":1,"name":"Strona g\u0142\u00f3wna","item":"https:\/\/galeriasopra.com\/"},{"@type":"ListItem","position":2,"name":"Produkty","item":"https:\/\/galeriasopra.com\/shop\/"},{"@type":"ListItem","position":3,"name":"Aleksandra Wi\u015bniewska,Diuna"}]},{"@type":"WebSite","@id":"https:\/\/galeriasopra.com\/#website","url":"https:\/\/galeriasopra.com\/","name":"galeriasopra.com","description":"","publisher":{"@id":"https:\/\/galeriasopra.com\/#organization"},"potentialAction":[{"@type":"SearchAction","target":{"@type":"EntryPoint","urlTemplate":"https:\/\/galeriasopra.com\/?s={search_term_string}"},"query-input":"required name=search_term_string"}],"inLanguage":"en-GB"},{"@type":"Organization","@id":"https:\/\/galeriasopra.com\/#organization","name":"galeriasopra.com","url":"https:\/\/galeriasopra.com\/","logo":{"@type":"ImageObject","inLanguage":"en-GB","@id":"https:\/\/galeriasopra.com\/#\/schema\/logo\/image\/","url":"https:\/\/galeriasopra.com\/wp-content\/uploads\/2023\/03\/logo-for-qr-2-01-e1686765766760.png","contentUrl":"https:\/\/galeriasopra.com\/wp-content\/uploads\/2023\/03\/logo-for-qr-2-01-e1686765766760.png","width":256,"height":256,"caption":"galeriasopra.com"},"image":{"@id":"https:\/\/galeriasopra.com\/#\/schema\/logo\/image\/"}}]}},"_links":{"self":[{"href":"https:\/\/galeriasopra.com\/en\/wp-json\/wp\/v2\/product\/2385"}],"collection":[{"href":"https:\/\/galeriasopra.com\/en\/wp-json\/wp\/v2\/product"}],"about":[{"href":"https:\/\/galeriasopra.com\/en\/wp-json\/wp\/v2\/types\/product"}],"wp:featuredmedia":[{"embeddable":true,"href":"https:\/\/galeriasopra.com\/en\/wp-json\/wp\/v2\/media\/2386"}],"wp:attachment":[{"href":"https:\/\/galeriasopra.com\/en\/wp-json\/wp\/v2\/media?parent=2385"}],"wp:term":[{"taxonomy":"product_cat","embeddable":true,"href":"https:\/\/galeriasopra.com\/en\/wp-json\/wp\/v2\/product_cat?post=2385"},{"taxonomy":"product_tag","embeddable":true,"href":"https:\/\/galeriasopra.com\/en\/wp-json\/wp\/v2\/product_tag?post=2385"}],"curies":[{"name":"wp","href":"https:\/\/api.w.org\/{rel}","templated":true}]}}