{"id":2383,"date":"2024-11-27T14:27:24","date_gmt":"2024-11-27T14:27:24","guid":{"rendered":"https:\/\/galeriasopra.com\/?post_type=product&#038;p=2383"},"modified":"2024-11-27T14:27:24","modified_gmt":"2024-11-27T14:27:24","slug":"daniel-pielucha-nocny-stroz","status":"publish","type":"product","link":"https:\/\/galeriasopra.com\/en\/product\/daniel-pielucha-nocny-stroz\/","title":{"rendered":"Daniel Pielucha,<br\/><span class=\"productAuthor\"> Nocny str\u00f3\u017c <\/span>"},"content":{"rendered":"","protected":false},"excerpt":{"rendered":"<p>Nocny str\u00f3\u017c<\/p>\n<p>Olej\/P\u0142\u00f3tno.<\/p>\n<p>63 x 87 cm.<\/p>","protected":false},"featured_media":2384,"template":"","meta":[],"product_cat":[52],"product_tag":[82,103,106],"yoast_head":"<!-- This site is optimized with the Yoast SEO plugin v21.7 - https:\/\/yoast.com\/wordpress\/plugins\/seo\/ -->\n<title>Daniel Pielucha, Nocny str\u00f3\u017c  - galeriasopra.com<\/title>\n<meta name=\"description\" content=\"Daniel Pielucha. Uko\u0144czy\u0142 Akademi\u0119 Sztuk Pi\u0119knych w Krakowie, uzyskuj\u0105c w 1985 roku dyplom z wyr\u00f3\u017cnieniem na Wydziale Grafiki w Katowicach. Jest tw\u00f3rc\u0105 Nadrealizmu Polskiego, kt\u00f3rego sta\u0142a ekspozycja mie\u015bci si\u0119 w galeri autorskiej w Pa\u0142acu M\u0119ci\u0144skich w Dzia\u0142oszynie. W 2019 roku zosta\u0142 odznaczony medalem &quot;Zas\u0142u\u017cony dla Kultury Polskiej&quot;. Malarz tw\u00f3rczo\u015b\u0107 swoj\u0105 prezentowa\u0142 na wielu wystawach indywidualnych i zbiorowych w kraju i za granic\u0105.\" \/>\n<meta name=\"robots\" content=\"index, follow, max-snippet:-1, max-image-preview:large, max-video-preview:-1\" \/>\n<link rel=\"canonical\" href=\"https:\/\/galeriasopra.com\/en\/product\/daniel-pielucha-nocny-stroz\/\" \/>\n<meta property=\"og:locale\" content=\"en_GB\" \/>\n<meta property=\"og:type\" content=\"article\" \/>\n<meta property=\"og:title\" content=\"Daniel Pielucha, Nocny str\u00f3\u017c  - galeriasopra.com\" \/>\n<meta property=\"og:description\" content=\"Daniel Pielucha. Uko\u0144czy\u0142 Akademi\u0119 Sztuk Pi\u0119knych w Krakowie, uzyskuj\u0105c w 1985 roku dyplom z wyr\u00f3\u017cnieniem na Wydziale Grafiki w Katowicach. Jest tw\u00f3rc\u0105 Nadrealizmu Polskiego, kt\u00f3rego sta\u0142a ekspozycja mie\u015bci si\u0119 w galeri autorskiej w Pa\u0142acu M\u0119ci\u0144skich w Dzia\u0142oszynie. W 2019 roku zosta\u0142 odznaczony medalem &quot;Zas\u0142u\u017cony dla Kultury Polskiej&quot;. Malarz tw\u00f3rczo\u015b\u0107 swoj\u0105 prezentowa\u0142 na wielu wystawach indywidualnych i zbiorowych w kraju i za granic\u0105.\" \/>\n<meta property=\"og:url\" content=\"https:\/\/galeriasopra.com\/en\/product\/daniel-pielucha-nocny-stroz\/\" \/>\n<meta property=\"og:site_name\" content=\"galeriasopra.com\" \/>\n<meta property=\"og:image\" content=\"https:\/\/galeriasopra.com\/wp-content\/uploads\/2024\/11\/nocny-stroz.jpg\" \/>\n\t<meta property=\"og:image:width\" content=\"1298\" \/>\n\t<meta property=\"og:image:height\" content=\"986\" \/>\n\t<meta property=\"og:image:type\" content=\"image\/jpeg\" \/>\n<meta name=\"twitter:card\" content=\"summary_large_image\" \/>\n<meta name=\"twitter:label1\" content=\"Estimated reading time\" \/>\n\t<meta name=\"twitter:data1\" content=\"1 minute\" \/>\n<script type=\"application\/ld+json\" class=\"yoast-schema-graph\">{\"@context\":\"https:\/\/schema.org\",\"@graph\":[{\"@type\":\"WebPage\",\"@id\":\"https:\/\/galeriasopra.com\/produkt\/daniel-pielucha-nocny-stroz\/\",\"url\":\"https:\/\/galeriasopra.com\/produkt\/daniel-pielucha-nocny-stroz\/\",\"name\":\"Daniel Pielucha, Nocny str\u00f3\u017c - galeriasopra.com\",\"isPartOf\":{\"@id\":\"https:\/\/galeriasopra.com\/#website\"},\"datePublished\":\"2024-11-27T14:27:24+00:00\",\"dateModified\":\"2024-11-27T14:27:24+00:00\",\"description\":\"Daniel Pielucha. Uko\u0144czy\u0142 Akademi\u0119 Sztuk Pi\u0119knych w Krakowie, uzyskuj\u0105c w 1985 roku dyplom z wyr\u00f3\u017cnieniem na Wydziale Grafiki w Katowicach. Jest tw\u00f3rc\u0105 Nadrealizmu Polskiego, kt\u00f3rego sta\u0142a ekspozycja mie\u015bci si\u0119 w galeri autorskiej w Pa\u0142acu M\u0119ci\u0144skich w Dzia\u0142oszynie. W 2019 roku zosta\u0142 odznaczony medalem \\\"Zas\u0142u\u017cony dla Kultury Polskiej\\\". Malarz tw\u00f3rczo\u015b\u0107 swoj\u0105 prezentowa\u0142 na wielu wystawach indywidualnych i zbiorowych w kraju i za granic\u0105.\",\"breadcrumb\":{\"@id\":\"https:\/\/galeriasopra.com\/produkt\/daniel-pielucha-nocny-stroz\/#breadcrumb\"},\"inLanguage\":\"en-GB\",\"potentialAction\":[{\"@type\":\"ReadAction\",\"target\":[\"https:\/\/galeriasopra.com\/produkt\/daniel-pielucha-nocny-stroz\/\"]}]},{\"@type\":\"BreadcrumbList\",\"@id\":\"https:\/\/galeriasopra.com\/produkt\/daniel-pielucha-nocny-stroz\/#breadcrumb\",\"itemListElement\":[{\"@type\":\"ListItem\",\"position\":1,\"name\":\"Strona g\u0142\u00f3wna\",\"item\":\"https:\/\/galeriasopra.com\/\"},{\"@type\":\"ListItem\",\"position\":2,\"name\":\"Produkty\",\"item\":\"https:\/\/galeriasopra.com\/shop\/\"},{\"@type\":\"ListItem\",\"position\":3,\"name\":\"Daniel Pielucha, Nocny str\u00f3\u017c\"}]},{\"@type\":\"WebSite\",\"@id\":\"https:\/\/galeriasopra.com\/#website\",\"url\":\"https:\/\/galeriasopra.com\/\",\"name\":\"galeriasopra.com\",\"description\":\"\",\"publisher\":{\"@id\":\"https:\/\/galeriasopra.com\/#organization\"},\"potentialAction\":[{\"@type\":\"SearchAction\",\"target\":{\"@type\":\"EntryPoint\",\"urlTemplate\":\"https:\/\/galeriasopra.com\/?s={search_term_string}\"},\"query-input\":\"required name=search_term_string\"}],\"inLanguage\":\"en-GB\"},{\"@type\":\"Organization\",\"@id\":\"https:\/\/galeriasopra.com\/#organization\",\"name\":\"galeriasopra.com\",\"url\":\"https:\/\/galeriasopra.com\/\",\"logo\":{\"@type\":\"ImageObject\",\"inLanguage\":\"en-GB\",\"@id\":\"https:\/\/galeriasopra.com\/#\/schema\/logo\/image\/\",\"url\":\"https:\/\/galeriasopra.com\/wp-content\/uploads\/2023\/03\/logo-for-qr-2-01-e1686765766760.png\",\"contentUrl\":\"https:\/\/galeriasopra.com\/wp-content\/uploads\/2023\/03\/logo-for-qr-2-01-e1686765766760.png\",\"width\":256,\"height\":256,\"caption\":\"galeriasopra.com\"},\"image\":{\"@id\":\"https:\/\/galeriasopra.com\/#\/schema\/logo\/image\/\"}}]}<\/script>\n<!-- \/ Yoast SEO plugin. -->","yoast_head_json":{"title":"Daniel Pielucha, Nocny str\u00f3\u017c  - galeriasopra.com","description":"Daniel Pielucha. Uko\u0144czy\u0142 Akademi\u0119 Sztuk Pi\u0119knych w Krakowie, uzyskuj\u0105c w 1985 roku dyplom z wyr\u00f3\u017cnieniem na Wydziale Grafiki w Katowicach. Jest tw\u00f3rc\u0105 Nadrealizmu Polskiego, kt\u00f3rego sta\u0142a ekspozycja mie\u015bci si\u0119 w galeri autorskiej w Pa\u0142acu M\u0119ci\u0144skich w Dzia\u0142oszynie. W 2019 roku zosta\u0142 odznaczony medalem \"Zas\u0142u\u017cony dla Kultury Polskiej\". Malarz tw\u00f3rczo\u015b\u0107 swoj\u0105 prezentowa\u0142 na wielu wystawach indywidualnych i zbiorowych w kraju i za granic\u0105.","robots":{"index":"index","follow":"follow","max-snippet":"max-snippet:-1","max-image-preview":"max-image-preview:large","max-video-preview":"max-video-preview:-1"},"canonical":"https:\/\/galeriasopra.com\/en\/product\/daniel-pielucha-nocny-stroz\/","og_locale":"en_GB","og_type":"article","og_title":"Daniel Pielucha, Nocny str\u00f3\u017c  - galeriasopra.com","og_description":"Daniel Pielucha. Uko\u0144czy\u0142 Akademi\u0119 Sztuk Pi\u0119knych w Krakowie, uzyskuj\u0105c w 1985 roku dyplom z wyr\u00f3\u017cnieniem na Wydziale Grafiki w Katowicach. Jest tw\u00f3rc\u0105 Nadrealizmu Polskiego, kt\u00f3rego sta\u0142a ekspozycja mie\u015bci si\u0119 w galeri autorskiej w Pa\u0142acu M\u0119ci\u0144skich w Dzia\u0142oszynie. W 2019 roku zosta\u0142 odznaczony medalem \"Zas\u0142u\u017cony dla Kultury Polskiej\". Malarz tw\u00f3rczo\u015b\u0107 swoj\u0105 prezentowa\u0142 na wielu wystawach indywidualnych i zbiorowych w kraju i za granic\u0105.","og_url":"https:\/\/galeriasopra.com\/en\/product\/daniel-pielucha-nocny-stroz\/","og_site_name":"galeriasopra.com","og_image":[{"width":1298,"height":986,"url":"https:\/\/galeriasopra.com\/wp-content\/uploads\/2024\/11\/nocny-stroz.jpg","type":"image\/jpeg"}],"twitter_card":"summary_large_image","twitter_misc":{"Estimated reading time":"1 minute"},"schema":{"@context":"https:\/\/schema.org","@graph":[{"@type":"WebPage","@id":"https:\/\/galeriasopra.com\/produkt\/daniel-pielucha-nocny-stroz\/","url":"https:\/\/galeriasopra.com\/produkt\/daniel-pielucha-nocny-stroz\/","name":"Daniel Pielucha, Nocny str\u00f3\u017c - galeriasopra.com","isPartOf":{"@id":"https:\/\/galeriasopra.com\/#website"},"datePublished":"2024-11-27T14:27:24+00:00","dateModified":"2024-11-27T14:27:24+00:00","description":"Daniel Pielucha. Uko\u0144czy\u0142 Akademi\u0119 Sztuk Pi\u0119knych w Krakowie, uzyskuj\u0105c w 1985 roku dyplom z wyr\u00f3\u017cnieniem na Wydziale Grafiki w Katowicach. Jest tw\u00f3rc\u0105 Nadrealizmu Polskiego, kt\u00f3rego sta\u0142a ekspozycja mie\u015bci si\u0119 w galeri autorskiej w Pa\u0142acu M\u0119ci\u0144skich w Dzia\u0142oszynie. W 2019 roku zosta\u0142 odznaczony medalem \"Zas\u0142u\u017cony dla Kultury Polskiej\". Malarz tw\u00f3rczo\u015b\u0107 swoj\u0105 prezentowa\u0142 na wielu wystawach indywidualnych i zbiorowych w kraju i za granic\u0105.","breadcrumb":{"@id":"https:\/\/galeriasopra.com\/produkt\/daniel-pielucha-nocny-stroz\/#breadcrumb"},"inLanguage":"en-GB","potentialAction":[{"@type":"ReadAction","target":["https:\/\/galeriasopra.com\/produkt\/daniel-pielucha-nocny-stroz\/"]}]},{"@type":"BreadcrumbList","@id":"https:\/\/galeriasopra.com\/produkt\/daniel-pielucha-nocny-stroz\/#breadcrumb","itemListElement":[{"@type":"ListItem","position":1,"name":"Strona g\u0142\u00f3wna","item":"https:\/\/galeriasopra.com\/"},{"@type":"ListItem","position":2,"name":"Produkty","item":"https:\/\/galeriasopra.com\/shop\/"},{"@type":"ListItem","position":3,"name":"Daniel Pielucha, Nocny str\u00f3\u017c"}]},{"@type":"WebSite","@id":"https:\/\/galeriasopra.com\/#website","url":"https:\/\/galeriasopra.com\/","name":"galeriasopra.com","description":"","publisher":{"@id":"https:\/\/galeriasopra.com\/#organization"},"potentialAction":[{"@type":"SearchAction","target":{"@type":"EntryPoint","urlTemplate":"https:\/\/galeriasopra.com\/?s={search_term_string}"},"query-input":"required name=search_term_string"}],"inLanguage":"en-GB"},{"@type":"Organization","@id":"https:\/\/galeriasopra.com\/#organization","name":"galeriasopra.com","url":"https:\/\/galeriasopra.com\/","logo":{"@type":"ImageObject","inLanguage":"en-GB","@id":"https:\/\/galeriasopra.com\/#\/schema\/logo\/image\/","url":"https:\/\/galeriasopra.com\/wp-content\/uploads\/2023\/03\/logo-for-qr-2-01-e1686765766760.png","contentUrl":"https:\/\/galeriasopra.com\/wp-content\/uploads\/2023\/03\/logo-for-qr-2-01-e1686765766760.png","width":256,"height":256,"caption":"galeriasopra.com"},"image":{"@id":"https:\/\/galeriasopra.com\/#\/schema\/logo\/image\/"}}]}},"_links":{"self":[{"href":"https:\/\/galeriasopra.com\/en\/wp-json\/wp\/v2\/product\/2383"}],"collection":[{"href":"https:\/\/galeriasopra.com\/en\/wp-json\/wp\/v2\/product"}],"about":[{"href":"https:\/\/galeriasopra.com\/en\/wp-json\/wp\/v2\/types\/product"}],"wp:featuredmedia":[{"embeddable":true,"href":"https:\/\/galeriasopra.com\/en\/wp-json\/wp\/v2\/media\/2384"}],"wp:attachment":[{"href":"https:\/\/galeriasopra.com\/en\/wp-json\/wp\/v2\/media?parent=2383"}],"wp:term":[{"taxonomy":"product_cat","embeddable":true,"href":"https:\/\/galeriasopra.com\/en\/wp-json\/wp\/v2\/product_cat?post=2383"},{"taxonomy":"product_tag","embeddable":true,"href":"https:\/\/galeriasopra.com\/en\/wp-json\/wp\/v2\/product_tag?post=2383"}],"curies":[{"name":"wp","href":"https:\/\/api.w.org\/{rel}","templated":true}]}}