{"id":2028,"date":"2024-01-22T12:25:22","date_gmt":"2024-01-22T12:25:22","guid":{"rendered":"https:\/\/galeriasopra.com\/?post_type=product&#038;p=2028"},"modified":"2024-01-22T12:31:28","modified_gmt":"2024-01-22T12:31:28","slug":"jacek-opalabyczek-copy","status":"publish","type":"product","link":"https:\/\/galeriasopra.com\/en\/product\/jacek-opalabyczek-copy\/","title":{"rendered":"Jacek Opa\u0142a,<br\/><span class=\"productAuthor\">Scorpion<\/span>"},"content":{"rendered":"","protected":false},"excerpt":{"rendered":"<p>Scorpion<\/p>\n<p>Br\u0105z patynowany\/marmur<\/p>\n<p>55 cm<\/p>","protected":false},"featured_media":2030,"template":"","meta":[],"product_cat":[54],"product_tag":[101,98,79],"yoast_head":"<!-- This site is optimized with the Yoast SEO plugin v21.7 - https:\/\/yoast.com\/wordpress\/plugins\/seo\/ -->\n<title>Jacek Opa\u0142a,Scorpion - galeriasopra.com<\/title>\n<meta name=\"description\" content=\"Jacek Opa\u0142a: polski rze\u017abiarz wsp\u00f3\u0142czesny o bardzo charakterystycznym i rozpoznawalnym stylu, tworz\u0105cy w ceramice i br\u0105zie. Jego sta\u0142a obecno\u015b\u0107 w \u015bwiecie galerii i wystaw oraz rosn\u0105ce zainteresowanie jego pracami sk\u0142ania do przekonania, i\u017c mamy do czynienia z wyj\u0105tkowym tw\u00f3rc\u0105, kt\u00f3rego prace ju\u017c za \u017cycia trafiaj\u0105 do muze\u00f3w i prywatnych kolekcji. Niewyg\u00f3rowane ceny rze\u017ab czyni\u0105 zakup atrakcyjnym nie tylko z powod\u00f3w walor\u00f3w estetycznych ale i inwestycyjnych. Jacek Opa\u0142a wsp\u00f3\u0142pracuje z wieloma du\u017cymi galeriami sztuki w Polsce i za granic\u0105 m.in. we W\u0142oszech , USA, Niemczech, Belgii, Holandii.\" \/>\n<meta name=\"robots\" content=\"index, follow, max-snippet:-1, max-image-preview:large, max-video-preview:-1\" \/>\n<link rel=\"canonical\" href=\"https:\/\/galeriasopra.com\/en\/product\/jacek-opalabyczek-copy\/\" \/>\n<meta property=\"og:locale\" content=\"en_GB\" \/>\n<meta property=\"og:type\" content=\"article\" \/>\n<meta property=\"og:title\" content=\"Jacek Opa\u0142a,Scorpion - galeriasopra.com\" \/>\n<meta property=\"og:description\" content=\"Jacek Opa\u0142a: polski rze\u017abiarz wsp\u00f3\u0142czesny o bardzo charakterystycznym i rozpoznawalnym stylu, tworz\u0105cy w ceramice i br\u0105zie. Jego sta\u0142a obecno\u015b\u0107 w \u015bwiecie galerii i wystaw oraz rosn\u0105ce zainteresowanie jego pracami sk\u0142ania do przekonania, i\u017c mamy do czynienia z wyj\u0105tkowym tw\u00f3rc\u0105, kt\u00f3rego prace ju\u017c za \u017cycia trafiaj\u0105 do muze\u00f3w i prywatnych kolekcji. Niewyg\u00f3rowane ceny rze\u017ab czyni\u0105 zakup atrakcyjnym nie tylko z powod\u00f3w walor\u00f3w estetycznych ale i inwestycyjnych. Jacek Opa\u0142a wsp\u00f3\u0142pracuje z wieloma du\u017cymi galeriami sztuki w Polsce i za granic\u0105 m.in. we W\u0142oszech , USA, Niemczech, Belgii, Holandii.\" \/>\n<meta property=\"og:url\" content=\"https:\/\/galeriasopra.com\/en\/product\/jacek-opalabyczek-copy\/\" \/>\n<meta property=\"og:site_name\" content=\"galeriasopra.com\" \/>\n<meta property=\"article:modified_time\" content=\"2024-01-22T12:31:28+00:00\" \/>\n<meta property=\"og:image\" content=\"https:\/\/galeriasopra.com\/wp-content\/uploads\/2024\/01\/AE342AB7-59D1-4252-B016-F69513FBDBCA.jpeg\" \/>\n\t<meta property=\"og:image:width\" content=\"1200\" \/>\n\t<meta property=\"og:image:height\" content=\"1600\" \/>\n\t<meta property=\"og:image:type\" content=\"image\/jpeg\" \/>\n<meta name=\"twitter:card\" content=\"summary_large_image\" \/>\n<meta name=\"twitter:label1\" content=\"Estimated reading time\" \/>\n\t<meta name=\"twitter:data1\" content=\"1 minute\" \/>\n<script type=\"application\/ld+json\" class=\"yoast-schema-graph\">{\"@context\":\"https:\/\/schema.org\",\"@graph\":[{\"@type\":\"WebPage\",\"@id\":\"https:\/\/galeriasopra.com\/produkt\/jacek-opalabyczek-copy\/\",\"url\":\"https:\/\/galeriasopra.com\/produkt\/jacek-opalabyczek-copy\/\",\"name\":\"Jacek Opa\u0142a, Scorpion - galeriasopra.com\",\"isPartOf\":{\"@id\":\"https:\/\/galeriasopra.com\/#website\"},\"datePublished\":\"2024-01-22T12:25:22+00:00\",\"dateModified\":\"2024-01-22T12:31:28+00:00\",\"description\":\"Jacek Opa\u0142a: polski rze\u017abiarz wsp\u00f3\u0142czesny o bardzo charakterystycznym i rozpoznawalnym stylu, tworz\u0105cy w ceramice i br\u0105zie. Jego sta\u0142a obecno\u015b\u0107 w \u015bwiecie galerii i wystaw oraz rosn\u0105ce zainteresowanie jego pracami sk\u0142ania do przekonania, i\u017c mamy do czynienia z wyj\u0105tkowym tw\u00f3rc\u0105, kt\u00f3rego prace ju\u017c za \u017cycia trafiaj\u0105 do muze\u00f3w i prywatnych kolekcji. Niewyg\u00f3rowane ceny rze\u017ab czyni\u0105 zakup atrakcyjnym nie tylko z powod\u00f3w walor\u00f3w estetycznych ale i inwestycyjnych. Jacek Opa\u0142a wsp\u00f3\u0142pracuje z wieloma du\u017cymi galeriami sztuki w Polsce i za granic\u0105 m.in. we W\u0142oszech , USA, Niemczech, Belgii, Holandii.\",\"breadcrumb\":{\"@id\":\"https:\/\/galeriasopra.com\/produkt\/jacek-opalabyczek-copy\/#breadcrumb\"},\"inLanguage\":\"en-GB\",\"potentialAction\":[{\"@type\":\"ReadAction\",\"target\":[\"https:\/\/galeriasopra.com\/produkt\/jacek-opalabyczek-copy\/\"]}]},{\"@type\":\"BreadcrumbList\",\"@id\":\"https:\/\/galeriasopra.com\/produkt\/jacek-opalabyczek-copy\/#breadcrumb\",\"itemListElement\":[{\"@type\":\"ListItem\",\"position\":1,\"name\":\"Strona g\u0142\u00f3wna\",\"item\":\"https:\/\/galeriasopra.com\/\"},{\"@type\":\"ListItem\",\"position\":2,\"name\":\"Produkty\",\"item\":\"https:\/\/galeriasopra.com\/shop\/\"},{\"@type\":\"ListItem\",\"position\":3,\"name\":\"Jacek Opa\u0142a,Scorpion\"}]},{\"@type\":\"WebSite\",\"@id\":\"https:\/\/galeriasopra.com\/#website\",\"url\":\"https:\/\/galeriasopra.com\/\",\"name\":\"galeriasopra.com\",\"description\":\"\",\"publisher\":{\"@id\":\"https:\/\/galeriasopra.com\/#organization\"},\"potentialAction\":[{\"@type\":\"SearchAction\",\"target\":{\"@type\":\"EntryPoint\",\"urlTemplate\":\"https:\/\/galeriasopra.com\/?s={search_term_string}\"},\"query-input\":\"required name=search_term_string\"}],\"inLanguage\":\"en-GB\"},{\"@type\":\"Organization\",\"@id\":\"https:\/\/galeriasopra.com\/#organization\",\"name\":\"galeriasopra.com\",\"url\":\"https:\/\/galeriasopra.com\/\",\"logo\":{\"@type\":\"ImageObject\",\"inLanguage\":\"en-GB\",\"@id\":\"https:\/\/galeriasopra.com\/#\/schema\/logo\/image\/\",\"url\":\"https:\/\/galeriasopra.com\/wp-content\/uploads\/2023\/03\/logo-for-qr-2-01-e1686765766760.png\",\"contentUrl\":\"https:\/\/galeriasopra.com\/wp-content\/uploads\/2023\/03\/logo-for-qr-2-01-e1686765766760.png\",\"width\":256,\"height\":256,\"caption\":\"galeriasopra.com\"},\"image\":{\"@id\":\"https:\/\/galeriasopra.com\/#\/schema\/logo\/image\/\"}}]}<\/script>\n<!-- \/ Yoast SEO plugin. -->","yoast_head_json":{"title":"Jacek Opa\u0142a,Scorpion - galeriasopra.com","description":"Jacek Opa\u0142a: polski rze\u017abiarz wsp\u00f3\u0142czesny o bardzo charakterystycznym i rozpoznawalnym stylu, tworz\u0105cy w ceramice i br\u0105zie. Jego sta\u0142a obecno\u015b\u0107 w \u015bwiecie galerii i wystaw oraz rosn\u0105ce zainteresowanie jego pracami sk\u0142ania do przekonania, i\u017c mamy do czynienia z wyj\u0105tkowym tw\u00f3rc\u0105, kt\u00f3rego prace ju\u017c za \u017cycia trafiaj\u0105 do muze\u00f3w i prywatnych kolekcji. Niewyg\u00f3rowane ceny rze\u017ab czyni\u0105 zakup atrakcyjnym nie tylko z powod\u00f3w walor\u00f3w estetycznych ale i inwestycyjnych. Jacek Opa\u0142a wsp\u00f3\u0142pracuje z wieloma du\u017cymi galeriami sztuki w Polsce i za granic\u0105 m.in. we W\u0142oszech , USA, Niemczech, Belgii, Holandii.","robots":{"index":"index","follow":"follow","max-snippet":"max-snippet:-1","max-image-preview":"max-image-preview:large","max-video-preview":"max-video-preview:-1"},"canonical":"https:\/\/galeriasopra.com\/en\/product\/jacek-opalabyczek-copy\/","og_locale":"en_GB","og_type":"article","og_title":"Jacek Opa\u0142a,Scorpion - galeriasopra.com","og_description":"Jacek Opa\u0142a: polski rze\u017abiarz wsp\u00f3\u0142czesny o bardzo charakterystycznym i rozpoznawalnym stylu, tworz\u0105cy w ceramice i br\u0105zie. Jego sta\u0142a obecno\u015b\u0107 w \u015bwiecie galerii i wystaw oraz rosn\u0105ce zainteresowanie jego pracami sk\u0142ania do przekonania, i\u017c mamy do czynienia z wyj\u0105tkowym tw\u00f3rc\u0105, kt\u00f3rego prace ju\u017c za \u017cycia trafiaj\u0105 do muze\u00f3w i prywatnych kolekcji. Niewyg\u00f3rowane ceny rze\u017ab czyni\u0105 zakup atrakcyjnym nie tylko z powod\u00f3w walor\u00f3w estetycznych ale i inwestycyjnych. Jacek Opa\u0142a wsp\u00f3\u0142pracuje z wieloma du\u017cymi galeriami sztuki w Polsce i za granic\u0105 m.in. we W\u0142oszech , USA, Niemczech, Belgii, Holandii.","og_url":"https:\/\/galeriasopra.com\/en\/product\/jacek-opalabyczek-copy\/","og_site_name":"galeriasopra.com","article_modified_time":"2024-01-22T12:31:28+00:00","og_image":[{"width":1200,"height":1600,"url":"https:\/\/galeriasopra.com\/wp-content\/uploads\/2024\/01\/AE342AB7-59D1-4252-B016-F69513FBDBCA.jpeg","type":"image\/jpeg"}],"twitter_card":"summary_large_image","twitter_misc":{"Estimated reading time":"1 minute"},"schema":{"@context":"https:\/\/schema.org","@graph":[{"@type":"WebPage","@id":"https:\/\/galeriasopra.com\/produkt\/jacek-opalabyczek-copy\/","url":"https:\/\/galeriasopra.com\/produkt\/jacek-opalabyczek-copy\/","name":"Jacek Opa\u0142a, Scorpion - galeriasopra.com","isPartOf":{"@id":"https:\/\/galeriasopra.com\/#website"},"datePublished":"2024-01-22T12:25:22+00:00","dateModified":"2024-01-22T12:31:28+00:00","description":"Jacek Opa\u0142a: polski rze\u017abiarz wsp\u00f3\u0142czesny o bardzo charakterystycznym i rozpoznawalnym stylu, tworz\u0105cy w ceramice i br\u0105zie. Jego sta\u0142a obecno\u015b\u0107 w \u015bwiecie galerii i wystaw oraz rosn\u0105ce zainteresowanie jego pracami sk\u0142ania do przekonania, i\u017c mamy do czynienia z wyj\u0105tkowym tw\u00f3rc\u0105, kt\u00f3rego prace ju\u017c za \u017cycia trafiaj\u0105 do muze\u00f3w i prywatnych kolekcji. Niewyg\u00f3rowane ceny rze\u017ab czyni\u0105 zakup atrakcyjnym nie tylko z powod\u00f3w walor\u00f3w estetycznych ale i inwestycyjnych. Jacek Opa\u0142a wsp\u00f3\u0142pracuje z wieloma du\u017cymi galeriami sztuki w Polsce i za granic\u0105 m.in. we W\u0142oszech , USA, Niemczech, Belgii, Holandii.","breadcrumb":{"@id":"https:\/\/galeriasopra.com\/produkt\/jacek-opalabyczek-copy\/#breadcrumb"},"inLanguage":"en-GB","potentialAction":[{"@type":"ReadAction","target":["https:\/\/galeriasopra.com\/produkt\/jacek-opalabyczek-copy\/"]}]},{"@type":"BreadcrumbList","@id":"https:\/\/galeriasopra.com\/produkt\/jacek-opalabyczek-copy\/#breadcrumb","itemListElement":[{"@type":"ListItem","position":1,"name":"Strona g\u0142\u00f3wna","item":"https:\/\/galeriasopra.com\/"},{"@type":"ListItem","position":2,"name":"Produkty","item":"https:\/\/galeriasopra.com\/shop\/"},{"@type":"ListItem","position":3,"name":"Jacek Opa\u0142a,Scorpion"}]},{"@type":"WebSite","@id":"https:\/\/galeriasopra.com\/#website","url":"https:\/\/galeriasopra.com\/","name":"galeriasopra.com","description":"","publisher":{"@id":"https:\/\/galeriasopra.com\/#organization"},"potentialAction":[{"@type":"SearchAction","target":{"@type":"EntryPoint","urlTemplate":"https:\/\/galeriasopra.com\/?s={search_term_string}"},"query-input":"required name=search_term_string"}],"inLanguage":"en-GB"},{"@type":"Organization","@id":"https:\/\/galeriasopra.com\/#organization","name":"galeriasopra.com","url":"https:\/\/galeriasopra.com\/","logo":{"@type":"ImageObject","inLanguage":"en-GB","@id":"https:\/\/galeriasopra.com\/#\/schema\/logo\/image\/","url":"https:\/\/galeriasopra.com\/wp-content\/uploads\/2023\/03\/logo-for-qr-2-01-e1686765766760.png","contentUrl":"https:\/\/galeriasopra.com\/wp-content\/uploads\/2023\/03\/logo-for-qr-2-01-e1686765766760.png","width":256,"height":256,"caption":"galeriasopra.com"},"image":{"@id":"https:\/\/galeriasopra.com\/#\/schema\/logo\/image\/"}}]}},"_links":{"self":[{"href":"https:\/\/galeriasopra.com\/en\/wp-json\/wp\/v2\/product\/2028"}],"collection":[{"href":"https:\/\/galeriasopra.com\/en\/wp-json\/wp\/v2\/product"}],"about":[{"href":"https:\/\/galeriasopra.com\/en\/wp-json\/wp\/v2\/types\/product"}],"wp:featuredmedia":[{"embeddable":true,"href":"https:\/\/galeriasopra.com\/en\/wp-json\/wp\/v2\/media\/2030"}],"wp:attachment":[{"href":"https:\/\/galeriasopra.com\/en\/wp-json\/wp\/v2\/media?parent=2028"}],"wp:term":[{"taxonomy":"product_cat","embeddable":true,"href":"https:\/\/galeriasopra.com\/en\/wp-json\/wp\/v2\/product_cat?post=2028"},{"taxonomy":"product_tag","embeddable":true,"href":"https:\/\/galeriasopra.com\/en\/wp-json\/wp\/v2\/product_tag?post=2028"}],"curies":[{"name":"wp","href":"https:\/\/api.w.org\/{rel}","templated":true}]}}