{"id":1984,"date":"2024-01-19T13:38:40","date_gmt":"2024-01-19T13:38:40","guid":{"rendered":"https:\/\/galeriasopra.com\/?post_type=product&#038;p=1984"},"modified":"2024-01-19T14:05:33","modified_gmt":"2024-01-19T14:05:33","slug":"katarzyna-srodowska-przestrzen-chroniona","status":"publish","type":"product","link":"https:\/\/galeriasopra.com\/en\/product\/katarzyna-srodowska-przestrzen-chroniona\/","title":{"rendered":"Katarzyna \u015arodowska,<br\/><span class=\"productAuthor\"> Przestrze\u0144 chroniona <\/span>"},"content":{"rendered":"","protected":false},"excerpt":{"rendered":"<p>Przestrze\u0144 chroniona<\/p>\n<p>Olej\/P\u0142\u00f3tno.<\/p>\n<p>120 x 100 cm.<\/p>","protected":false},"featured_media":1987,"template":"","meta":[],"product_cat":[52],"product_tag":[93,95],"yoast_head":"<!-- This site is optimized with the Yoast SEO plugin v21.7 - https:\/\/yoast.com\/wordpress\/plugins\/seo\/ -->\n<title>Katarzyna \u015arodowska, Przestrze\u0144 chroniona  - galeriasopra.com<\/title>\n<meta name=\"description\" content=\"Absolwentka Wydzia\u0142u Malarstwa i Rysunku na Akademii Sztuk Pi\u0119knych im. W\u0142adys\u0142awa Strzemi\u0144skiego w \u0141odzi. Cz\u0142onkini Mazowieckiego Zwi\u0105zku Artyst\u00f3w Sztuk Pi\u0119knych. Laureatka II miejsca Pierwszego Przegl\u0105du Tw\u00f3rczo\u015bci Artystycznej \u201dPaleta\u201d w Warszawie. Finalistka V Og\u00f3lnopolskiego Konkursu Malarskiego im. Leona Wycz\u00f3\u0142kowskiego w Bydgoszczy organizowanego przez ZPAP Okr\u0119g Bydgoski. Zajmuje si\u0119 g\u0142\u00f3wnie malarstwem olejnym na p\u0142\u00f3tnie. Jej malarstwo wype\u0142nia spok\u00f3j. W konsekwentnie tworzonej kreacji przestrzeni panuje \u0142ad, harmonia i porz\u0105dek. Czysto\u015b\u0107 formy oraz minimalistyczny spos\u00f3b przedstawiania rzeczywisto\u015bci jest elementem kluczowym malarskiego stylu artystki. Bierze czynny udzia\u0142 w wystawach zbiorowych i indywidualnych. Wsp\u00f3\u0142pracuje z wieloma galeriami sztuki. Wiele jej prac znajduje si\u0119 w zbiorach prywatnych w Polsce i za granic\u0105.\" \/>\n<meta name=\"robots\" content=\"index, follow, max-snippet:-1, max-image-preview:large, max-video-preview:-1\" \/>\n<link rel=\"canonical\" href=\"https:\/\/galeriasopra.com\/en\/product\/katarzyna-srodowska-przestrzen-chroniona\/\" \/>\n<meta property=\"og:locale\" content=\"en_GB\" \/>\n<meta property=\"og:type\" content=\"article\" \/>\n<meta property=\"og:title\" content=\"Katarzyna \u015arodowska, Przestrze\u0144 chroniona  - galeriasopra.com\" \/>\n<meta property=\"og:description\" content=\"Absolwentka Wydzia\u0142u Malarstwa i Rysunku na Akademii Sztuk Pi\u0119knych im. W\u0142adys\u0142awa Strzemi\u0144skiego w \u0141odzi. Cz\u0142onkini Mazowieckiego Zwi\u0105zku Artyst\u00f3w Sztuk Pi\u0119knych. Laureatka II miejsca Pierwszego Przegl\u0105du Tw\u00f3rczo\u015bci Artystycznej \u201dPaleta\u201d w Warszawie. Finalistka V Og\u00f3lnopolskiego Konkursu Malarskiego im. Leona Wycz\u00f3\u0142kowskiego w Bydgoszczy organizowanego przez ZPAP Okr\u0119g Bydgoski. Zajmuje si\u0119 g\u0142\u00f3wnie malarstwem olejnym na p\u0142\u00f3tnie. Jej malarstwo wype\u0142nia spok\u00f3j. W konsekwentnie tworzonej kreacji przestrzeni panuje \u0142ad, harmonia i porz\u0105dek. Czysto\u015b\u0107 formy oraz minimalistyczny spos\u00f3b przedstawiania rzeczywisto\u015bci jest elementem kluczowym malarskiego stylu artystki. Bierze czynny udzia\u0142 w wystawach zbiorowych i indywidualnych. Wsp\u00f3\u0142pracuje z wieloma galeriami sztuki. Wiele jej prac znajduje si\u0119 w zbiorach prywatnych w Polsce i za granic\u0105.\" \/>\n<meta property=\"og:url\" content=\"https:\/\/galeriasopra.com\/en\/product\/katarzyna-srodowska-przestrzen-chroniona\/\" \/>\n<meta property=\"og:site_name\" content=\"galeriasopra.com\" \/>\n<meta property=\"article:modified_time\" content=\"2024-01-19T14:05:33+00:00\" \/>\n<meta property=\"og:image\" content=\"https:\/\/galeriasopra.com\/wp-content\/uploads\/2024\/01\/9DC85572-CF86-42CE-B2EC-98D0340C6DD3.jpeg\" \/>\n\t<meta property=\"og:image:width\" content=\"1236\" \/>\n\t<meta property=\"og:image:height\" content=\"1499\" \/>\n\t<meta property=\"og:image:type\" content=\"image\/jpeg\" \/>\n<meta name=\"twitter:card\" content=\"summary_large_image\" \/>\n<meta name=\"twitter:label1\" content=\"Estimated reading time\" \/>\n\t<meta name=\"twitter:data1\" content=\"1 minute\" \/>\n<script type=\"application\/ld+json\" class=\"yoast-schema-graph\">{\"@context\":\"https:\/\/schema.org\",\"@graph\":[{\"@type\":\"WebPage\",\"@id\":\"https:\/\/galeriasopra.com\/produkt\/katarzyna-srodowska-przestrzen-chroniona\/\",\"url\":\"https:\/\/galeriasopra.com\/produkt\/katarzyna-srodowska-przestrzen-chroniona\/\",\"name\":\"Katarzyna \u015arodowska, Przestrze\u0144 chroniona - galeriasopra.com\",\"isPartOf\":{\"@id\":\"https:\/\/galeriasopra.com\/#website\"},\"datePublished\":\"2024-01-19T13:38:40+00:00\",\"dateModified\":\"2024-01-19T14:05:33+00:00\",\"description\":\"Absolwentka Wydzia\u0142u Malarstwa i Rysunku na Akademii Sztuk Pi\u0119knych im. W\u0142adys\u0142awa Strzemi\u0144skiego w \u0141odzi. Cz\u0142onkini Mazowieckiego Zwi\u0105zku Artyst\u00f3w Sztuk Pi\u0119knych. Laureatka II miejsca Pierwszego Przegl\u0105du Tw\u00f3rczo\u015bci Artystycznej \u201dPaleta\u201d w Warszawie. Finalistka V Og\u00f3lnopolskiego Konkursu Malarskiego im. Leona Wycz\u00f3\u0142kowskiego w Bydgoszczy organizowanego przez ZPAP Okr\u0119g Bydgoski. Zajmuje si\u0119 g\u0142\u00f3wnie malarstwem olejnym na p\u0142\u00f3tnie. Jej malarstwo wype\u0142nia spok\u00f3j. W konsekwentnie tworzonej kreacji przestrzeni panuje \u0142ad, harmonia i porz\u0105dek. Czysto\u015b\u0107 formy oraz minimalistyczny spos\u00f3b przedstawiania rzeczywisto\u015bci jest elementem kluczowym malarskiego stylu artystki. Bierze czynny udzia\u0142 w wystawach zbiorowych i indywidualnych. Wsp\u00f3\u0142pracuje z wieloma galeriami sztuki. Wiele jej prac znajduje si\u0119 w zbiorach prywatnych w Polsce i za granic\u0105.\",\"breadcrumb\":{\"@id\":\"https:\/\/galeriasopra.com\/produkt\/katarzyna-srodowska-przestrzen-chroniona\/#breadcrumb\"},\"inLanguage\":\"en-GB\",\"potentialAction\":[{\"@type\":\"ReadAction\",\"target\":[\"https:\/\/galeriasopra.com\/produkt\/katarzyna-srodowska-przestrzen-chroniona\/\"]}]},{\"@type\":\"BreadcrumbList\",\"@id\":\"https:\/\/galeriasopra.com\/produkt\/katarzyna-srodowska-przestrzen-chroniona\/#breadcrumb\",\"itemListElement\":[{\"@type\":\"ListItem\",\"position\":1,\"name\":\"Strona g\u0142\u00f3wna\",\"item\":\"https:\/\/galeriasopra.com\/\"},{\"@type\":\"ListItem\",\"position\":2,\"name\":\"Produkty\",\"item\":\"https:\/\/galeriasopra.com\/shop\/\"},{\"@type\":\"ListItem\",\"position\":3,\"name\":\"Katarzyna \u015arodowska, Przestrze\u0144 chroniona\"}]},{\"@type\":\"WebSite\",\"@id\":\"https:\/\/galeriasopra.com\/#website\",\"url\":\"https:\/\/galeriasopra.com\/\",\"name\":\"galeriasopra.com\",\"description\":\"\",\"publisher\":{\"@id\":\"https:\/\/galeriasopra.com\/#organization\"},\"potentialAction\":[{\"@type\":\"SearchAction\",\"target\":{\"@type\":\"EntryPoint\",\"urlTemplate\":\"https:\/\/galeriasopra.com\/?s={search_term_string}\"},\"query-input\":\"required name=search_term_string\"}],\"inLanguage\":\"en-GB\"},{\"@type\":\"Organization\",\"@id\":\"https:\/\/galeriasopra.com\/#organization\",\"name\":\"galeriasopra.com\",\"url\":\"https:\/\/galeriasopra.com\/\",\"logo\":{\"@type\":\"ImageObject\",\"inLanguage\":\"en-GB\",\"@id\":\"https:\/\/galeriasopra.com\/#\/schema\/logo\/image\/\",\"url\":\"https:\/\/galeriasopra.com\/wp-content\/uploads\/2023\/03\/logo-for-qr-2-01-e1686765766760.png\",\"contentUrl\":\"https:\/\/galeriasopra.com\/wp-content\/uploads\/2023\/03\/logo-for-qr-2-01-e1686765766760.png\",\"width\":256,\"height\":256,\"caption\":\"galeriasopra.com\"},\"image\":{\"@id\":\"https:\/\/galeriasopra.com\/#\/schema\/logo\/image\/\"}}]}<\/script>\n<!-- \/ Yoast SEO plugin. -->","yoast_head_json":{"title":"Katarzyna \u015arodowska, Przestrze\u0144 chroniona  - galeriasopra.com","description":"Absolwentka Wydzia\u0142u Malarstwa i Rysunku na Akademii Sztuk Pi\u0119knych im. W\u0142adys\u0142awa Strzemi\u0144skiego w \u0141odzi. Cz\u0142onkini Mazowieckiego Zwi\u0105zku Artyst\u00f3w Sztuk Pi\u0119knych. Laureatka II miejsca Pierwszego Przegl\u0105du Tw\u00f3rczo\u015bci Artystycznej \u201dPaleta\u201d w Warszawie. Finalistka V Og\u00f3lnopolskiego Konkursu Malarskiego im. Leona Wycz\u00f3\u0142kowskiego w Bydgoszczy organizowanego przez ZPAP Okr\u0119g Bydgoski. Zajmuje si\u0119 g\u0142\u00f3wnie malarstwem olejnym na p\u0142\u00f3tnie. Jej malarstwo wype\u0142nia spok\u00f3j. W konsekwentnie tworzonej kreacji przestrzeni panuje \u0142ad, harmonia i porz\u0105dek. Czysto\u015b\u0107 formy oraz minimalistyczny spos\u00f3b przedstawiania rzeczywisto\u015bci jest elementem kluczowym malarskiego stylu artystki. Bierze czynny udzia\u0142 w wystawach zbiorowych i indywidualnych. Wsp\u00f3\u0142pracuje z wieloma galeriami sztuki. Wiele jej prac znajduje si\u0119 w zbiorach prywatnych w Polsce i za granic\u0105.","robots":{"index":"index","follow":"follow","max-snippet":"max-snippet:-1","max-image-preview":"max-image-preview:large","max-video-preview":"max-video-preview:-1"},"canonical":"https:\/\/galeriasopra.com\/en\/product\/katarzyna-srodowska-przestrzen-chroniona\/","og_locale":"en_GB","og_type":"article","og_title":"Katarzyna \u015arodowska, Przestrze\u0144 chroniona  - galeriasopra.com","og_description":"Absolwentka Wydzia\u0142u Malarstwa i Rysunku na Akademii Sztuk Pi\u0119knych im. W\u0142adys\u0142awa Strzemi\u0144skiego w \u0141odzi. Cz\u0142onkini Mazowieckiego Zwi\u0105zku Artyst\u00f3w Sztuk Pi\u0119knych. Laureatka II miejsca Pierwszego Przegl\u0105du Tw\u00f3rczo\u015bci Artystycznej \u201dPaleta\u201d w Warszawie. Finalistka V Og\u00f3lnopolskiego Konkursu Malarskiego im. Leona Wycz\u00f3\u0142kowskiego w Bydgoszczy organizowanego przez ZPAP Okr\u0119g Bydgoski. Zajmuje si\u0119 g\u0142\u00f3wnie malarstwem olejnym na p\u0142\u00f3tnie. Jej malarstwo wype\u0142nia spok\u00f3j. W konsekwentnie tworzonej kreacji przestrzeni panuje \u0142ad, harmonia i porz\u0105dek. Czysto\u015b\u0107 formy oraz minimalistyczny spos\u00f3b przedstawiania rzeczywisto\u015bci jest elementem kluczowym malarskiego stylu artystki. Bierze czynny udzia\u0142 w wystawach zbiorowych i indywidualnych. Wsp\u00f3\u0142pracuje z wieloma galeriami sztuki. Wiele jej prac znajduje si\u0119 w zbiorach prywatnych w Polsce i za granic\u0105.","og_url":"https:\/\/galeriasopra.com\/en\/product\/katarzyna-srodowska-przestrzen-chroniona\/","og_site_name":"galeriasopra.com","article_modified_time":"2024-01-19T14:05:33+00:00","og_image":[{"width":1236,"height":1499,"url":"https:\/\/galeriasopra.com\/wp-content\/uploads\/2024\/01\/9DC85572-CF86-42CE-B2EC-98D0340C6DD3.jpeg","type":"image\/jpeg"}],"twitter_card":"summary_large_image","twitter_misc":{"Estimated reading time":"1 minute"},"schema":{"@context":"https:\/\/schema.org","@graph":[{"@type":"WebPage","@id":"https:\/\/galeriasopra.com\/produkt\/katarzyna-srodowska-przestrzen-chroniona\/","url":"https:\/\/galeriasopra.com\/produkt\/katarzyna-srodowska-przestrzen-chroniona\/","name":"Katarzyna \u015arodowska, Przestrze\u0144 chroniona - galeriasopra.com","isPartOf":{"@id":"https:\/\/galeriasopra.com\/#website"},"datePublished":"2024-01-19T13:38:40+00:00","dateModified":"2024-01-19T14:05:33+00:00","description":"Absolwentka Wydzia\u0142u Malarstwa i Rysunku na Akademii Sztuk Pi\u0119knych im. W\u0142adys\u0142awa Strzemi\u0144skiego w \u0141odzi. Cz\u0142onkini Mazowieckiego Zwi\u0105zku Artyst\u00f3w Sztuk Pi\u0119knych. Laureatka II miejsca Pierwszego Przegl\u0105du Tw\u00f3rczo\u015bci Artystycznej \u201dPaleta\u201d w Warszawie. Finalistka V Og\u00f3lnopolskiego Konkursu Malarskiego im. Leona Wycz\u00f3\u0142kowskiego w Bydgoszczy organizowanego przez ZPAP Okr\u0119g Bydgoski. Zajmuje si\u0119 g\u0142\u00f3wnie malarstwem olejnym na p\u0142\u00f3tnie. Jej malarstwo wype\u0142nia spok\u00f3j. W konsekwentnie tworzonej kreacji przestrzeni panuje \u0142ad, harmonia i porz\u0105dek. Czysto\u015b\u0107 formy oraz minimalistyczny spos\u00f3b przedstawiania rzeczywisto\u015bci jest elementem kluczowym malarskiego stylu artystki. Bierze czynny udzia\u0142 w wystawach zbiorowych i indywidualnych. Wsp\u00f3\u0142pracuje z wieloma galeriami sztuki. Wiele jej prac znajduje si\u0119 w zbiorach prywatnych w Polsce i za granic\u0105.","breadcrumb":{"@id":"https:\/\/galeriasopra.com\/produkt\/katarzyna-srodowska-przestrzen-chroniona\/#breadcrumb"},"inLanguage":"en-GB","potentialAction":[{"@type":"ReadAction","target":["https:\/\/galeriasopra.com\/produkt\/katarzyna-srodowska-przestrzen-chroniona\/"]}]},{"@type":"BreadcrumbList","@id":"https:\/\/galeriasopra.com\/produkt\/katarzyna-srodowska-przestrzen-chroniona\/#breadcrumb","itemListElement":[{"@type":"ListItem","position":1,"name":"Strona g\u0142\u00f3wna","item":"https:\/\/galeriasopra.com\/"},{"@type":"ListItem","position":2,"name":"Produkty","item":"https:\/\/galeriasopra.com\/shop\/"},{"@type":"ListItem","position":3,"name":"Katarzyna \u015arodowska, Przestrze\u0144 chroniona"}]},{"@type":"WebSite","@id":"https:\/\/galeriasopra.com\/#website","url":"https:\/\/galeriasopra.com\/","name":"galeriasopra.com","description":"","publisher":{"@id":"https:\/\/galeriasopra.com\/#organization"},"potentialAction":[{"@type":"SearchAction","target":{"@type":"EntryPoint","urlTemplate":"https:\/\/galeriasopra.com\/?s={search_term_string}"},"query-input":"required name=search_term_string"}],"inLanguage":"en-GB"},{"@type":"Organization","@id":"https:\/\/galeriasopra.com\/#organization","name":"galeriasopra.com","url":"https:\/\/galeriasopra.com\/","logo":{"@type":"ImageObject","inLanguage":"en-GB","@id":"https:\/\/galeriasopra.com\/#\/schema\/logo\/image\/","url":"https:\/\/galeriasopra.com\/wp-content\/uploads\/2023\/03\/logo-for-qr-2-01-e1686765766760.png","contentUrl":"https:\/\/galeriasopra.com\/wp-content\/uploads\/2023\/03\/logo-for-qr-2-01-e1686765766760.png","width":256,"height":256,"caption":"galeriasopra.com"},"image":{"@id":"https:\/\/galeriasopra.com\/#\/schema\/logo\/image\/"}}]}},"_links":{"self":[{"href":"https:\/\/galeriasopra.com\/en\/wp-json\/wp\/v2\/product\/1984"}],"collection":[{"href":"https:\/\/galeriasopra.com\/en\/wp-json\/wp\/v2\/product"}],"about":[{"href":"https:\/\/galeriasopra.com\/en\/wp-json\/wp\/v2\/types\/product"}],"wp:featuredmedia":[{"embeddable":true,"href":"https:\/\/galeriasopra.com\/en\/wp-json\/wp\/v2\/media\/1987"}],"wp:attachment":[{"href":"https:\/\/galeriasopra.com\/en\/wp-json\/wp\/v2\/media?parent=1984"}],"wp:term":[{"taxonomy":"product_cat","embeddable":true,"href":"https:\/\/galeriasopra.com\/en\/wp-json\/wp\/v2\/product_cat?post=1984"},{"taxonomy":"product_tag","embeddable":true,"href":"https:\/\/galeriasopra.com\/en\/wp-json\/wp\/v2\/product_tag?post=1984"}],"curies":[{"name":"wp","href":"https:\/\/api.w.org\/{rel}","templated":true}]}}