{"id":1285,"date":"2023-06-12T18:27:13","date_gmt":"2023-06-12T18:27:13","guid":{"rendered":"https:\/\/galeriasopra.pl\/?post_type=product&#038;p=1285"},"modified":"2023-06-24T20:31:43","modified_gmt":"2023-06-24T20:31:43","slug":"joanna-bruzdzinska-blekit-nieba","status":"publish","type":"product","link":"https:\/\/galeriasopra.com\/en\/product\/joanna-bruzdzinska-blekit-nieba\/","title":{"rendered":"Joanna Bru\u017adzi\u0144ska,<br\/><span class=\"productAuthor\"> B\u0142\u0119kit nieba <\/span>"},"content":{"rendered":"","protected":false},"excerpt":{"rendered":"<p>B\u0142\u0119kit nieba<\/p>\n<p>Glazed ceramics<\/p>\n<p>60 x 40 x 35 cm<\/p>","protected":false},"featured_media":1289,"template":"","meta":[],"product_cat":[54],"product_tag":[91,90],"yoast_head":"<!-- This site is optimized with the Yoast SEO plugin v21.7 - https:\/\/yoast.com\/wordpress\/plugins\/seo\/ -->\n<title>Joanna Bru\u017adzi\u0144ska, B\u0142\u0119kit nieba  - galeriasopra.com<\/title>\n<meta name=\"description\" content=\"Odkryj fascynuj\u0105ce dzie\u0142a Joanny Bru\u017adzi\u0144skiej, artystki rze\u017abiarki. Jej praca &quot;B\u0142\u0119kit nieba&quot; to rze\u017aba wykonana z ceramiki szkliwionej, granitu oraz ceramiki rakowej. Wyj\u0105tkowe po\u0142\u0105czenie technik i materia\u0142\u00f3w tworzy unikaln\u0105 kompozycj\u0119. Zapraszamy na wystaw\u0119 rze\u017aby, gdzie mo\u017cesz odkry\u0107 \u015bwiat wsp\u00f3\u0142czesnego rzemios\u0142a artystycznego.\" \/>\n<meta name=\"robots\" content=\"index, follow, max-snippet:-1, max-image-preview:large, max-video-preview:-1\" \/>\n<link rel=\"canonical\" href=\"https:\/\/galeriasopra.com\/en\/product\/joanna-bruzdzinska-blekit-nieba\/\" \/>\n<meta property=\"og:locale\" content=\"en_GB\" \/>\n<meta property=\"og:type\" content=\"article\" \/>\n<meta property=\"og:title\" content=\"Joanna Bru\u017adzi\u0144ska, B\u0142\u0119kit nieba  - galeriasopra.com\" \/>\n<meta property=\"og:description\" content=\"Odkryj fascynuj\u0105ce dzie\u0142a Joanny Bru\u017adzi\u0144skiej, artystki rze\u017abiarki. Jej praca &quot;B\u0142\u0119kit nieba&quot; to rze\u017aba wykonana z ceramiki szkliwionej, granitu oraz ceramiki rakowej. Wyj\u0105tkowe po\u0142\u0105czenie technik i materia\u0142\u00f3w tworzy unikaln\u0105 kompozycj\u0119. Zapraszamy na wystaw\u0119 rze\u017aby, gdzie mo\u017cesz odkry\u0107 \u015bwiat wsp\u00f3\u0142czesnego rzemios\u0142a artystycznego.\" \/>\n<meta property=\"og:url\" content=\"https:\/\/galeriasopra.com\/en\/product\/joanna-bruzdzinska-blekit-nieba\/\" \/>\n<meta property=\"og:site_name\" content=\"galeriasopra.com\" \/>\n<meta property=\"article:modified_time\" content=\"2023-06-24T20:31:43+00:00\" \/>\n<meta property=\"og:image\" content=\"https:\/\/galeriasopra.com\/wp-content\/uploads\/2023\/06\/1686593476049.jpeg\" \/>\n\t<meta property=\"og:image:width\" content=\"1000\" \/>\n\t<meta property=\"og:image:height\" content=\"1000\" \/>\n\t<meta property=\"og:image:type\" content=\"image\/jpeg\" \/>\n<meta name=\"twitter:card\" content=\"summary_large_image\" \/>\n<script type=\"application\/ld+json\" class=\"yoast-schema-graph\">{\"@context\":\"https:\/\/schema.org\",\"@graph\":[{\"@type\":\"WebPage\",\"@id\":\"https:\/\/galeriasopra.com\/produkt\/joanna-bruzdzinska-blekit-nieba\/\",\"url\":\"https:\/\/galeriasopra.com\/produkt\/joanna-bruzdzinska-blekit-nieba\/\",\"name\":\"Joanna Bru\u017adzi\u0144ska, B\u0142\u0119kit nieba - galeriasopra.com\",\"isPartOf\":{\"@id\":\"https:\/\/galeriasopra.com\/#website\"},\"datePublished\":\"2023-06-12T18:27:13+00:00\",\"dateModified\":\"2023-06-24T20:31:43+00:00\",\"description\":\"Odkryj fascynuj\u0105ce dzie\u0142a Joanny Bru\u017adzi\u0144skiej, artystki rze\u017abiarki. Jej praca \\\"B\u0142\u0119kit nieba\\\" to rze\u017aba wykonana z ceramiki szkliwionej, granitu oraz ceramiki rakowej. Wyj\u0105tkowe po\u0142\u0105czenie technik i materia\u0142\u00f3w tworzy unikaln\u0105 kompozycj\u0119. Zapraszamy na wystaw\u0119 rze\u017aby, gdzie mo\u017cesz odkry\u0107 \u015bwiat wsp\u00f3\u0142czesnego rzemios\u0142a artystycznego.\",\"breadcrumb\":{\"@id\":\"https:\/\/galeriasopra.com\/produkt\/joanna-bruzdzinska-blekit-nieba\/#breadcrumb\"},\"inLanguage\":\"en-GB\",\"potentialAction\":[{\"@type\":\"ReadAction\",\"target\":[\"https:\/\/galeriasopra.com\/produkt\/joanna-bruzdzinska-blekit-nieba\/\"]}]},{\"@type\":\"BreadcrumbList\",\"@id\":\"https:\/\/galeriasopra.com\/produkt\/joanna-bruzdzinska-blekit-nieba\/#breadcrumb\",\"itemListElement\":[{\"@type\":\"ListItem\",\"position\":1,\"name\":\"Strona g\u0142\u00f3wna\",\"item\":\"https:\/\/galeriasopra.com\/\"},{\"@type\":\"ListItem\",\"position\":2,\"name\":\"Produkty\",\"item\":\"https:\/\/galeriasopra.com\/shop\/\"},{\"@type\":\"ListItem\",\"position\":3,\"name\":\"Joanna Bru\u017adzi\u0144ska, B\u0142\u0119kit nieba\"}]},{\"@type\":\"WebSite\",\"@id\":\"https:\/\/galeriasopra.com\/#website\",\"url\":\"https:\/\/galeriasopra.com\/\",\"name\":\"galeriasopra.com\",\"description\":\"\",\"publisher\":{\"@id\":\"https:\/\/galeriasopra.com\/#organization\"},\"potentialAction\":[{\"@type\":\"SearchAction\",\"target\":{\"@type\":\"EntryPoint\",\"urlTemplate\":\"https:\/\/galeriasopra.com\/?s={search_term_string}\"},\"query-input\":\"required name=search_term_string\"}],\"inLanguage\":\"en-GB\"},{\"@type\":\"Organization\",\"@id\":\"https:\/\/galeriasopra.com\/#organization\",\"name\":\"galeriasopra.com\",\"url\":\"https:\/\/galeriasopra.com\/\",\"logo\":{\"@type\":\"ImageObject\",\"inLanguage\":\"en-GB\",\"@id\":\"https:\/\/galeriasopra.com\/#\/schema\/logo\/image\/\",\"url\":\"https:\/\/galeriasopra.com\/wp-content\/uploads\/2023\/03\/logo-for-qr-2-01-e1686765766760.png\",\"contentUrl\":\"https:\/\/galeriasopra.com\/wp-content\/uploads\/2023\/03\/logo-for-qr-2-01-e1686765766760.png\",\"width\":256,\"height\":256,\"caption\":\"galeriasopra.com\"},\"image\":{\"@id\":\"https:\/\/galeriasopra.com\/#\/schema\/logo\/image\/\"}}]}<\/script>\n<!-- \/ Yoast SEO plugin. -->","yoast_head_json":{"title":"Joanna Bru\u017adzi\u0144ska, B\u0142\u0119kit nieba  - galeriasopra.com","description":"Odkryj fascynuj\u0105ce dzie\u0142a Joanny Bru\u017adzi\u0144skiej, artystki rze\u017abiarki. Jej praca \"B\u0142\u0119kit nieba\" to rze\u017aba wykonana z ceramiki szkliwionej, granitu oraz ceramiki rakowej. Wyj\u0105tkowe po\u0142\u0105czenie technik i materia\u0142\u00f3w tworzy unikaln\u0105 kompozycj\u0119. Zapraszamy na wystaw\u0119 rze\u017aby, gdzie mo\u017cesz odkry\u0107 \u015bwiat wsp\u00f3\u0142czesnego rzemios\u0142a artystycznego.","robots":{"index":"index","follow":"follow","max-snippet":"max-snippet:-1","max-image-preview":"max-image-preview:large","max-video-preview":"max-video-preview:-1"},"canonical":"https:\/\/galeriasopra.com\/en\/product\/joanna-bruzdzinska-blekit-nieba\/","og_locale":"en_GB","og_type":"article","og_title":"Joanna Bru\u017adzi\u0144ska, B\u0142\u0119kit nieba  - galeriasopra.com","og_description":"Odkryj fascynuj\u0105ce dzie\u0142a Joanny Bru\u017adzi\u0144skiej, artystki rze\u017abiarki. Jej praca \"B\u0142\u0119kit nieba\" to rze\u017aba wykonana z ceramiki szkliwionej, granitu oraz ceramiki rakowej. Wyj\u0105tkowe po\u0142\u0105czenie technik i materia\u0142\u00f3w tworzy unikaln\u0105 kompozycj\u0119. Zapraszamy na wystaw\u0119 rze\u017aby, gdzie mo\u017cesz odkry\u0107 \u015bwiat wsp\u00f3\u0142czesnego rzemios\u0142a artystycznego.","og_url":"https:\/\/galeriasopra.com\/en\/product\/joanna-bruzdzinska-blekit-nieba\/","og_site_name":"galeriasopra.com","article_modified_time":"2023-06-24T20:31:43+00:00","og_image":[{"width":1000,"height":1000,"url":"https:\/\/galeriasopra.com\/wp-content\/uploads\/2023\/06\/1686593476049.jpeg","type":"image\/jpeg"}],"twitter_card":"summary_large_image","schema":{"@context":"https:\/\/schema.org","@graph":[{"@type":"WebPage","@id":"https:\/\/galeriasopra.com\/produkt\/joanna-bruzdzinska-blekit-nieba\/","url":"https:\/\/galeriasopra.com\/produkt\/joanna-bruzdzinska-blekit-nieba\/","name":"Joanna Bru\u017adzi\u0144ska, B\u0142\u0119kit nieba - galeriasopra.com","isPartOf":{"@id":"https:\/\/galeriasopra.com\/#website"},"datePublished":"2023-06-12T18:27:13+00:00","dateModified":"2023-06-24T20:31:43+00:00","description":"Odkryj fascynuj\u0105ce dzie\u0142a Joanny Bru\u017adzi\u0144skiej, artystki rze\u017abiarki. Jej praca \"B\u0142\u0119kit nieba\" to rze\u017aba wykonana z ceramiki szkliwionej, granitu oraz ceramiki rakowej. Wyj\u0105tkowe po\u0142\u0105czenie technik i materia\u0142\u00f3w tworzy unikaln\u0105 kompozycj\u0119. Zapraszamy na wystaw\u0119 rze\u017aby, gdzie mo\u017cesz odkry\u0107 \u015bwiat wsp\u00f3\u0142czesnego rzemios\u0142a artystycznego.","breadcrumb":{"@id":"https:\/\/galeriasopra.com\/produkt\/joanna-bruzdzinska-blekit-nieba\/#breadcrumb"},"inLanguage":"en-GB","potentialAction":[{"@type":"ReadAction","target":["https:\/\/galeriasopra.com\/produkt\/joanna-bruzdzinska-blekit-nieba\/"]}]},{"@type":"BreadcrumbList","@id":"https:\/\/galeriasopra.com\/produkt\/joanna-bruzdzinska-blekit-nieba\/#breadcrumb","itemListElement":[{"@type":"ListItem","position":1,"name":"Strona g\u0142\u00f3wna","item":"https:\/\/galeriasopra.com\/"},{"@type":"ListItem","position":2,"name":"Produkty","item":"https:\/\/galeriasopra.com\/shop\/"},{"@type":"ListItem","position":3,"name":"Joanna Bru\u017adzi\u0144ska, B\u0142\u0119kit nieba"}]},{"@type":"WebSite","@id":"https:\/\/galeriasopra.com\/#website","url":"https:\/\/galeriasopra.com\/","name":"galeriasopra.com","description":"","publisher":{"@id":"https:\/\/galeriasopra.com\/#organization"},"potentialAction":[{"@type":"SearchAction","target":{"@type":"EntryPoint","urlTemplate":"https:\/\/galeriasopra.com\/?s={search_term_string}"},"query-input":"required name=search_term_string"}],"inLanguage":"en-GB"},{"@type":"Organization","@id":"https:\/\/galeriasopra.com\/#organization","name":"galeriasopra.com","url":"https:\/\/galeriasopra.com\/","logo":{"@type":"ImageObject","inLanguage":"en-GB","@id":"https:\/\/galeriasopra.com\/#\/schema\/logo\/image\/","url":"https:\/\/galeriasopra.com\/wp-content\/uploads\/2023\/03\/logo-for-qr-2-01-e1686765766760.png","contentUrl":"https:\/\/galeriasopra.com\/wp-content\/uploads\/2023\/03\/logo-for-qr-2-01-e1686765766760.png","width":256,"height":256,"caption":"galeriasopra.com"},"image":{"@id":"https:\/\/galeriasopra.com\/#\/schema\/logo\/image\/"}}]}},"_links":{"self":[{"href":"https:\/\/galeriasopra.com\/en\/wp-json\/wp\/v2\/product\/1285"}],"collection":[{"href":"https:\/\/galeriasopra.com\/en\/wp-json\/wp\/v2\/product"}],"about":[{"href":"https:\/\/galeriasopra.com\/en\/wp-json\/wp\/v2\/types\/product"}],"wp:featuredmedia":[{"embeddable":true,"href":"https:\/\/galeriasopra.com\/en\/wp-json\/wp\/v2\/media\/1289"}],"wp:attachment":[{"href":"https:\/\/galeriasopra.com\/en\/wp-json\/wp\/v2\/media?parent=1285"}],"wp:term":[{"taxonomy":"product_cat","embeddable":true,"href":"https:\/\/galeriasopra.com\/en\/wp-json\/wp\/v2\/product_cat?post=1285"},{"taxonomy":"product_tag","embeddable":true,"href":"https:\/\/galeriasopra.com\/en\/wp-json\/wp\/v2\/product_tag?post=1285"}],"curies":[{"name":"wp","href":"https:\/\/api.w.org\/{rel}","templated":true}]}}