{"id":7,"date":"2023-03-05T22:03:38","date_gmt":"2023-03-05T22:03:38","guid":{"rendered":"https:\/\/galeriasopra.pl\/?page_id=7"},"modified":"2023-06-20T14:10:41","modified_gmt":"2023-06-20T14:10:41","slug":"cart","status":"publish","type":"page","link":"https:\/\/galeriasopra.com\/en\/cart\/","title":{"rendered":"Cart"},"content":{"rendered":"","protected":false},"excerpt":{"rendered":"","protected":false},"author":4,"featured_media":0,"parent":0,"menu_order":0,"comment_status":"closed","ping_status":"closed","template":"","meta":{"footnotes":""},"yoast_head":"<!-- This site is optimized with the Yoast SEO plugin v21.7 - https:\/\/yoast.com\/wordpress\/plugins\/seo\/ -->\n<title>Cart - galeriasopra.com<\/title>\n<meta name=\"description\" content=\"Zobacz zawarto\u015b\u0107 swojego koszyka zakupowego w naszym sklepie internetowym. Dodaj produkty, sprawd\u017a ich ilo\u015b\u0107 i warto\u015b\u0107, a nast\u0119pnie kontynuuj proces zam\u00f3wienia. Kupuj wygodnie i bezpiecznie w naszym sklepie online.\" \/>\n<meta name=\"robots\" content=\"index, follow, max-snippet:-1, max-image-preview:large, max-video-preview:-1\" \/>\n<link rel=\"canonical\" href=\"https:\/\/galeriasopra.com\/en\/cart\/\" \/>\n<meta property=\"og:locale\" content=\"en_GB\" \/>\n<meta property=\"og:type\" content=\"article\" \/>\n<meta property=\"og:title\" content=\"Cart - galeriasopra.com\" \/>\n<meta property=\"og:description\" content=\"Zobacz zawarto\u015b\u0107 swojego koszyka zakupowego w naszym sklepie internetowym. Dodaj produkty, sprawd\u017a ich ilo\u015b\u0107 i warto\u015b\u0107, a nast\u0119pnie kontynuuj proces zam\u00f3wienia. Kupuj wygodnie i bezpiecznie w naszym sklepie online.\" \/>\n<meta property=\"og:url\" content=\"https:\/\/galeriasopra.com\/en\/cart\/\" \/>\n<meta property=\"og:site_name\" content=\"galeriasopra.com\" \/>\n<meta property=\"article:modified_time\" content=\"2023-06-20T14:10:41+00:00\" \/>\n<meta name=\"twitter:card\" content=\"summary_large_image\" \/>\n<meta name=\"twitter:label1\" content=\"Estimated reading time\" \/>\n\t<meta name=\"twitter:data1\" content=\"1 minute\" \/>\n<script type=\"application\/ld+json\" class=\"yoast-schema-graph\">{\"@context\":\"https:\/\/schema.org\",\"@graph\":[{\"@type\":\"WebPage\",\"@id\":\"https:\/\/galeriasopra.com\/cart\/\",\"url\":\"https:\/\/galeriasopra.com\/cart\/\",\"name\":\"Cart - galeriasopra.com\",\"isPartOf\":{\"@id\":\"https:\/\/galeriasopra.com\/#website\"},\"datePublished\":\"2023-03-05T22:03:38+00:00\",\"dateModified\":\"2023-06-20T14:10:41+00:00\",\"description\":\"Zobacz zawarto\u015b\u0107 swojego koszyka zakupowego w naszym sklepie internetowym. Dodaj produkty, sprawd\u017a ich ilo\u015b\u0107 i warto\u015b\u0107, a nast\u0119pnie kontynuuj proces zam\u00f3wienia. Kupuj wygodnie i bezpiecznie w naszym sklepie online.\",\"breadcrumb\":{\"@id\":\"https:\/\/galeriasopra.com\/cart\/#breadcrumb\"},\"inLanguage\":\"en-GB\",\"potentialAction\":[{\"@type\":\"ReadAction\",\"target\":[\"https:\/\/galeriasopra.com\/cart\/\"]}]},{\"@type\":\"BreadcrumbList\",\"@id\":\"https:\/\/galeriasopra.com\/cart\/#breadcrumb\",\"itemListElement\":[{\"@type\":\"ListItem\",\"position\":1,\"name\":\"Strona g\u0142\u00f3wna\",\"item\":\"https:\/\/galeriasopra.com\/\"},{\"@type\":\"ListItem\",\"position\":2,\"name\":\"Cart\"}]},{\"@type\":\"WebSite\",\"@id\":\"https:\/\/galeriasopra.com\/#website\",\"url\":\"https:\/\/galeriasopra.com\/\",\"name\":\"galeriasopra.com\",\"description\":\"\",\"publisher\":{\"@id\":\"https:\/\/galeriasopra.com\/#organization\"},\"potentialAction\":[{\"@type\":\"SearchAction\",\"target\":{\"@type\":\"EntryPoint\",\"urlTemplate\":\"https:\/\/galeriasopra.com\/?s={search_term_string}\"},\"query-input\":\"required name=search_term_string\"}],\"inLanguage\":\"en-GB\"},{\"@type\":\"Organization\",\"@id\":\"https:\/\/galeriasopra.com\/#organization\",\"name\":\"galeriasopra.com\",\"url\":\"https:\/\/galeriasopra.com\/\",\"logo\":{\"@type\":\"ImageObject\",\"inLanguage\":\"en-GB\",\"@id\":\"https:\/\/galeriasopra.com\/#\/schema\/logo\/image\/\",\"url\":\"https:\/\/galeriasopra.com\/wp-content\/uploads\/2023\/03\/logo-for-qr-2-01-e1686765766760.png\",\"contentUrl\":\"https:\/\/galeriasopra.com\/wp-content\/uploads\/2023\/03\/logo-for-qr-2-01-e1686765766760.png\",\"width\":256,\"height\":256,\"caption\":\"galeriasopra.com\"},\"image\":{\"@id\":\"https:\/\/galeriasopra.com\/#\/schema\/logo\/image\/\"}}]}<\/script>\n<!-- \/ Yoast SEO plugin. -->","yoast_head_json":{"title":"Cart - galeriasopra.com","description":"Zobacz zawarto\u015b\u0107 swojego koszyka zakupowego w naszym sklepie internetowym. Dodaj produkty, sprawd\u017a ich ilo\u015b\u0107 i warto\u015b\u0107, a nast\u0119pnie kontynuuj proces zam\u00f3wienia. Kupuj wygodnie i bezpiecznie w naszym sklepie online.","robots":{"index":"index","follow":"follow","max-snippet":"max-snippet:-1","max-image-preview":"max-image-preview:large","max-video-preview":"max-video-preview:-1"},"canonical":"https:\/\/galeriasopra.com\/en\/cart\/","og_locale":"en_GB","og_type":"article","og_title":"Cart - galeriasopra.com","og_description":"Zobacz zawarto\u015b\u0107 swojego koszyka zakupowego w naszym sklepie internetowym. Dodaj produkty, sprawd\u017a ich ilo\u015b\u0107 i warto\u015b\u0107, a nast\u0119pnie kontynuuj proces zam\u00f3wienia. Kupuj wygodnie i bezpiecznie w naszym sklepie online.","og_url":"https:\/\/galeriasopra.com\/en\/cart\/","og_site_name":"galeriasopra.com","article_modified_time":"2023-06-20T14:10:41+00:00","twitter_card":"summary_large_image","twitter_misc":{"Estimated reading time":"1 minute"},"schema":{"@context":"https:\/\/schema.org","@graph":[{"@type":"WebPage","@id":"https:\/\/galeriasopra.com\/cart\/","url":"https:\/\/galeriasopra.com\/cart\/","name":"Cart - galeriasopra.com","isPartOf":{"@id":"https:\/\/galeriasopra.com\/#website"},"datePublished":"2023-03-05T22:03:38+00:00","dateModified":"2023-06-20T14:10:41+00:00","description":"Zobacz zawarto\u015b\u0107 swojego koszyka zakupowego w naszym sklepie internetowym. Dodaj produkty, sprawd\u017a ich ilo\u015b\u0107 i warto\u015b\u0107, a nast\u0119pnie kontynuuj proces zam\u00f3wienia. Kupuj wygodnie i bezpiecznie w naszym sklepie online.","breadcrumb":{"@id":"https:\/\/galeriasopra.com\/cart\/#breadcrumb"},"inLanguage":"en-GB","potentialAction":[{"@type":"ReadAction","target":["https:\/\/galeriasopra.com\/cart\/"]}]},{"@type":"BreadcrumbList","@id":"https:\/\/galeriasopra.com\/cart\/#breadcrumb","itemListElement":[{"@type":"ListItem","position":1,"name":"Strona g\u0142\u00f3wna","item":"https:\/\/galeriasopra.com\/"},{"@type":"ListItem","position":2,"name":"Cart"}]},{"@type":"WebSite","@id":"https:\/\/galeriasopra.com\/#website","url":"https:\/\/galeriasopra.com\/","name":"galeriasopra.com","description":"","publisher":{"@id":"https:\/\/galeriasopra.com\/#organization"},"potentialAction":[{"@type":"SearchAction","target":{"@type":"EntryPoint","urlTemplate":"https:\/\/galeriasopra.com\/?s={search_term_string}"},"query-input":"required name=search_term_string"}],"inLanguage":"en-GB"},{"@type":"Organization","@id":"https:\/\/galeriasopra.com\/#organization","name":"galeriasopra.com","url":"https:\/\/galeriasopra.com\/","logo":{"@type":"ImageObject","inLanguage":"en-GB","@id":"https:\/\/galeriasopra.com\/#\/schema\/logo\/image\/","url":"https:\/\/galeriasopra.com\/wp-content\/uploads\/2023\/03\/logo-for-qr-2-01-e1686765766760.png","contentUrl":"https:\/\/galeriasopra.com\/wp-content\/uploads\/2023\/03\/logo-for-qr-2-01-e1686765766760.png","width":256,"height":256,"caption":"galeriasopra.com"},"image":{"@id":"https:\/\/galeriasopra.com\/#\/schema\/logo\/image\/"}}]}},"_links":{"self":[{"href":"https:\/\/galeriasopra.com\/en\/wp-json\/wp\/v2\/pages\/7"}],"collection":[{"href":"https:\/\/galeriasopra.com\/en\/wp-json\/wp\/v2\/pages"}],"about":[{"href":"https:\/\/galeriasopra.com\/en\/wp-json\/wp\/v2\/types\/page"}],"author":[{"embeddable":true,"href":"https:\/\/galeriasopra.com\/en\/wp-json\/wp\/v2\/users\/4"}],"replies":[{"embeddable":true,"href":"https:\/\/galeriasopra.com\/en\/wp-json\/wp\/v2\/comments?post=7"}],"version-history":[{"count":1,"href":"https:\/\/galeriasopra.com\/en\/wp-json\/wp\/v2\/pages\/7\/revisions"}],"predecessor-version":[{"id":1843,"href":"https:\/\/galeriasopra.com\/en\/wp-json\/wp\/v2\/pages\/7\/revisions\/1843"}],"wp:attachment":[{"href":"https:\/\/galeriasopra.com\/en\/wp-json\/wp\/v2\/media?parent=7"}],"curies":[{"name":"wp","href":"https:\/\/api.w.org\/{rel}","templated":true}]}}