{"id":56,"date":"2023-03-23T08:44:33","date_gmt":"2023-03-23T08:44:33","guid":{"rendered":"https:\/\/galeriasopra.pl\/?page_id=56"},"modified":"2023-10-28T11:23:17","modified_gmt":"2023-10-28T11:23:17","slug":"polityka-prywatnosci","status":"publish","type":"page","link":"https:\/\/galeriasopra.com\/en\/polityka-prywatnosci\/","title":{"rendered":"Privacy policy"},"content":{"rendered":"<div data-elementor-type=\"wp-page\" data-elementor-id=\"56\" class=\"elementor elementor-56\">\n\t\t\t\t\t\t\t\t\t<section class=\"elementor-section elementor-top-section elementor-element elementor-element-f045d41 elementor-section-boxed elementor-section-height-default elementor-section-height-default exad-glass-effect-no wpr-particle-no wpr-jarallax-no wpr-parallax-no wpr-sticky-section-no exad-sticky-section-no\" data-id=\"f045d41\" data-element_type=\"section\">\n\t\t\t\t\t\t<div class=\"elementor-container elementor-column-gap-default\">\n\t\t\t\t\t<div class=\"elementor-column elementor-col-100 elementor-top-column elementor-element elementor-element-4cbf524 exad-glass-effect-no exad-sticky-section-no\" data-id=\"4cbf524\" data-element_type=\"column\">\n\t\t\t<div class=\"elementor-widget-wrap elementor-element-populated\">\n\t\t\t\t\t\t\t\t<div class=\"elementor-element elementor-element-510966f exad-sticky-section-no exad-glass-effect-no elementor-widget elementor-widget-heading\" data-id=\"510966f\" data-element_type=\"widget\" data-widget_type=\"heading.default\">\n\t\t\t\t<div class=\"elementor-widget-container\">\n\t\t\t<style>\/*! elementor - v3.17.0 - 25-10-2023 *\/\n.elementor-heading-title{padding:0;margin:0;line-height:1}.elementor-widget-heading .elementor-heading-title[class*=elementor-size-]>a{color:inherit;font-size:inherit;line-height:inherit}.elementor-widget-heading .elementor-heading-title.elementor-size-small{font-size:15px}.elementor-widget-heading .elementor-heading-title.elementor-size-medium{font-size:19px}.elementor-widget-heading .elementor-heading-title.elementor-size-large{font-size:29px}.elementor-widget-heading .elementor-heading-title.elementor-size-xl{font-size:39px}.elementor-widget-heading .elementor-heading-title.elementor-size-xxl{font-size:59px}<\/style><h1 class=\"elementor-heading-title elementor-size-default\">Privacy policy<\/h1>\t\t<\/div>\n\t\t\t\t<\/div>\n\t\t\t\t\t<\/div>\n\t\t<\/div>\n\t\t\t\t\t\t\t<\/div>\n\t\t<\/section>\n\t\t\t\t<section class=\"elementor-section elementor-top-section elementor-element elementor-element-6099e8d elementor-section-boxed elementor-section-height-default elementor-section-height-default exad-glass-effect-no wpr-particle-no wpr-jarallax-no wpr-parallax-no wpr-sticky-section-no exad-sticky-section-no\" data-id=\"6099e8d\" data-element_type=\"section\">\n\t\t\t\t\t\t<div class=\"elementor-container elementor-column-gap-default\">\n\t\t\t\t\t<div class=\"elementor-column elementor-col-100 elementor-top-column elementor-element elementor-element-de3f2a9 exad-glass-effect-no exad-sticky-section-no\" data-id=\"de3f2a9\" data-element_type=\"column\">\n\t\t\t<div class=\"elementor-widget-wrap elementor-element-populated\">\n\t\t\t\t\t\t\t\t<div class=\"elementor-element elementor-element-e2b544d exad-sticky-section-no exad-glass-effect-no elementor-widget elementor-widget-text-editor\" data-id=\"e2b544d\" data-element_type=\"widget\" data-widget_type=\"text-editor.default\">\n\t\t\t\t<div class=\"elementor-widget-container\">\n\t\t\t<style>\/*! elementor - v3.17.0 - 25-10-2023 *\/\n.elementor-widget-text-editor.elementor-drop-cap-view-stacked .elementor-drop-cap{background-color:#69727d;color:#fff}.elementor-widget-text-editor.elementor-drop-cap-view-framed .elementor-drop-cap{color:#69727d;border:3px solid;background-color:transparent}.elementor-widget-text-editor:not(.elementor-drop-cap-view-default) .elementor-drop-cap{margin-top:8px}.elementor-widget-text-editor:not(.elementor-drop-cap-view-default) .elementor-drop-cap-letter{width:1em;height:1em}.elementor-widget-text-editor .elementor-drop-cap{float:left;text-align:center;line-height:1;font-size:50px}.elementor-widget-text-editor .elementor-drop-cap-letter{display:inline-block}<\/style>\t\t\t\t<p>This Privacy Policy sets out the principles for the collection, processing and use of Customers' personal data obtained by Sopra Gallery acting within the Sopra Art Foundation with its registered office at 110 Wyszy\u0144skiego Street, 50-307 Wroc\u0142aw.<br \/><strong>NIP: 8982264436<\/strong><\/p><p><strong>\u00a71 PROTECTION OF PERSONAL DATA<\/strong><\/p><ol><li>In respecting the privacy rights of customers, the Gallery takes care of the security of the personal data entrusted to it and processes them in accordance with the requirements of Regulation (EU) 2016\/679 of the European Parliament and of the Council of 27 April 2016 on the protection of natural persons in relation to the processing of personal data and on the free movement of such data and repealing Directive 95\/46\/EC, hereinafter referred to as RODO.<\/li><li>The gallery uses the secure SSL communication encryption protocol.<\/li><li>The administrator of the personal data of the Clients provided voluntarily to the Gallery within the framework of subscribing to the newsletter, registering and placing an order is Galeria Sopra acting within the framework of Sopra Art Foundation with its registered office at ul. Wyszy\u0144skiego 110. 50-307 Wroc\u0142aw. NIP: 8982264436<\/li><li>The Gallery processes personal data necessary for the proper fulfilment of the order, i.e. the Customer's name, email address and contact telephone number, postal address. The Gallery contacts the Customer by telephone and email address.<\/li><li>The Gallery reserves the right to use online tools such as Google Analytics to keep statistics on the number of page views.<\/li><li>Customers' personal data are processed using professional software.<\/li><li>Every customer has the right of access, rectification, erasure or restriction of processing, the right to object, the right to lodge a complaint with a supervisory authority.<\/li><li>Customers' personal data are treated confidentially, are protected against unauthorised access and are not made available to third parties. They may be forwarded to a courier company or the Polish Postal Service exclusively for the purpose of processing the order.<\/li><li>In specific situations provided for by Polish law, personal data may be made available to state institutions and authorities.<\/li><li>Customers who have agreed to receive offers by e-mail have the option to remove their e-mail address from the mailing list by sending a reply to the Newsletter stating: \"I do not consent to receive Newsletter messages\".<\/li><li>The deletion of the Customer's personal data may take place as a result of the withdrawal of consent or the lodging of a legally permissible objection to the processing of personal data.<\/li><li>The Gallery reserves the right to process Customers' personal data after the withdrawal of consent only to the extent and for the purpose of asserting potential claims before a court or if national or EU regulations or international law oblige the Gallery to retain the data.<br \/>.<\/li><\/ol><p><strong>\u00a72 COOKIES<\/strong><\/p><ol><li>Cookies are information stored on your computer by websites you visit. The manufacturers of the individual web browsers decide in which form the cookies are stored on your computer. They can be saved as e.g. text files, rows in a local database structure or in any other way selected by the web browser manufacturer. Cookies do not cause any configuration changes to Users' computers or programming.<\/li><li>By allowing the browser to store cookies on the computer, the customer consents to their processing.<\/li><li>Customers visiting the Gallery's online shop may, by modifying the settings of their Internet browser, prevent the storage of cookies on their computers or delete such stored files permanently.<\/li><li>We process cookies for two reasons:<br \/>- They are necessary for the operation of the Website. Such cookies are referred to as \"technical cookies\". Their deletion or rejection may cause malfunctions of the Service.<br \/>- We want to be close to Users' needs and therefore analyse anonymised information about the use of the Service.<\/li><\/ol><p><strong>\u00a73 FINAL PROVISIONS<\/strong><\/p><ol><li>The Gallery's website may contain links and references to other websites. The Gallery is not responsible for the privacy protection rules applicable on such websites. Customers are encouraged, when they navigate via the Shop to a site managed by another administrator, to familiarise themselves with the privacy policy adopted there.<\/li><li>The Gallery reserves the right to amend the above Privacy Policy by publishing a new Privacy Policy on this website. If you have any questions or concerns, please email us at:\u00a0<a href=\"mailto:hello@galeriasopra.com\"><strong>hello@galeriasopra.com<\/strong><\/a><\/li><li>The Privacy Policy is effective as of 2.03.2022.<\/li><\/ol>\t\t\t\t\t\t<\/div>\n\t\t\t\t<\/div>\n\t\t\t\t\t<\/div>\n\t\t<\/div>\n\t\t\t\t\t\t\t<\/div>\n\t\t<\/section>\n\t\t\t\t<section class=\"elementor-section elementor-top-section elementor-element elementor-element-c7824c7 elementor-section-boxed elementor-section-height-default elementor-section-height-default exad-glass-effect-no wpr-particle-no wpr-jarallax-no wpr-parallax-no wpr-sticky-section-no exad-sticky-section-no\" data-id=\"c7824c7\" data-element_type=\"section\">\n\t\t\t\t\t\t<div class=\"elementor-container elementor-column-gap-default\">\n\t\t\t\t\t<div class=\"elementor-column elementor-col-100 elementor-top-column elementor-element elementor-element-36d91b9 exad-glass-effect-no exad-sticky-section-no\" data-id=\"36d91b9\" data-element_type=\"column\">\n\t\t\t<div class=\"elementor-widget-wrap elementor-element-populated\">\n\t\t\t\t\t\t\t\t<div class=\"elementor-element elementor-element-27b195a exad-sticky-section-no exad-glass-effect-no elementor-widget elementor-widget-spacer\" data-id=\"27b195a\" data-element_type=\"widget\" data-widget_type=\"spacer.default\">\n\t\t\t\t<div class=\"elementor-widget-container\">\n\t\t\t<style>\/*! elementor - v3.17.0 - 25-10-2023 *\/\n.elementor-column .elementor-spacer-inner{height:var(--spacer-size)}.e-con{--container-widget-width:100%}.e-con-inner>.elementor-widget-spacer,.e-con>.elementor-widget-spacer{width:var(--container-widget-width,var(--spacer-size));--align-self:var(--container-widget-align-self,initial);--flex-shrink:0}.e-con-inner>.elementor-widget-spacer>.elementor-widget-container,.e-con>.elementor-widget-spacer>.elementor-widget-container{height:100%;width:100%}.e-con-inner>.elementor-widget-spacer>.elementor-widget-container>.elementor-spacer,.e-con>.elementor-widget-spacer>.elementor-widget-container>.elementor-spacer{height:100%}.e-con-inner>.elementor-widget-spacer>.elementor-widget-container>.elementor-spacer>.elementor-spacer-inner,.e-con>.elementor-widget-spacer>.elementor-widget-container>.elementor-spacer>.elementor-spacer-inner{height:var(--container-widget-height,var(--spacer-size))}.e-con-inner>.elementor-widget-spacer.elementor-widget-empty,.e-con>.elementor-widget-spacer.elementor-widget-empty{position:relative;min-height:22px;min-width:22px}.e-con-inner>.elementor-widget-spacer.elementor-widget-empty .elementor-widget-empty-icon,.e-con>.elementor-widget-spacer.elementor-widget-empty .elementor-widget-empty-icon{position:absolute;top:0;bottom:0;left:0;right:0;margin:auto;padding:0;width:22px;height:22px}<\/style>\t\t<div class=\"elementor-spacer\">\n\t\t\t<div class=\"elementor-spacer-inner\"><\/div>\n\t\t<\/div>\n\t\t\t\t<\/div>\n\t\t\t\t<\/div>\n\t\t\t\t\t<\/div>\n\t\t<\/div>\n\t\t\t\t\t\t\t<\/div>\n\t\t<\/section>\n\t\t\t\t\t\t\t<\/div>","protected":false},"excerpt":{"rendered":"<p>Polityka prywatno\u015bci Niniejsza Polityka Prywatno\u015bci okre\u015bla zasady zbierania, przetwarzania i wykorzystywania danych osobowych Klient\u00f3w pozyskanych przez Galeri\u0119 Sopra dzia\u0142aj\u0105c\u0105 w ramach fundacji Sopra Art z siedzib\u0105 na ul. Wyszy\u0144skiego 110. 50-307 Wroc\u0142aw.NIP: 8982264436 \u00a71 OCHRONA DANYCH OSOBOWYCH W poszanowaniu prawa do prywatno\u015bci Klient\u00f3w Galeria dba o bezpiecze\u0144stwo powierzonych jej danych osobowych i przetwarza je zgodnie [&hellip;]<\/p>","protected":false},"author":4,"featured_media":0,"parent":0,"menu_order":0,"comment_status":"closed","ping_status":"closed","template":"","meta":{"footnotes":""},"yoast_head":"<!-- This site is optimized with the Yoast SEO plugin v21.7 - https:\/\/yoast.com\/wordpress\/plugins\/seo\/ -->\n<title>Polityka prywatno\u015bci - galeriasopra.com<\/title>\n<meta name=\"description\" content=\"Bezpieczna Polityka Prywatno\u015bci Galerii Sopra - Ochrona danych osobowych klient\u00f3w zgodnie z RODO. Zapewniamy poufno\u015b\u0107 i bezpiecze\u0144stwo Twoich danych\" \/>\n<meta name=\"robots\" content=\"index, follow, max-snippet:-1, max-image-preview:large, max-video-preview:-1\" \/>\n<link rel=\"canonical\" href=\"https:\/\/galeriasopra.com\/en\/polityka-prywatnosci\/\" \/>\n<meta property=\"og:locale\" content=\"en_GB\" \/>\n<meta property=\"og:type\" content=\"article\" \/>\n<meta property=\"og:title\" content=\"Polityka prywatno\u015bci - galeriasopra.com\" \/>\n<meta property=\"og:description\" content=\"Bezpieczna Polityka Prywatno\u015bci Galerii Sopra - Ochrona danych osobowych klient\u00f3w zgodnie z RODO. Zapewniamy poufno\u015b\u0107 i bezpiecze\u0144stwo Twoich danych\" \/>\n<meta property=\"og:url\" content=\"https:\/\/galeriasopra.com\/en\/polityka-prywatnosci\/\" \/>\n<meta property=\"og:site_name\" content=\"galeriasopra.com\" \/>\n<meta property=\"article:modified_time\" content=\"2023-10-28T11:23:17+00:00\" \/>\n<meta name=\"twitter:card\" content=\"summary_large_image\" \/>\n<meta name=\"twitter:label1\" content=\"Estimated reading time\" \/>\n\t<meta name=\"twitter:data1\" content=\"4 minutes\" \/>\n<script type=\"application\/ld+json\" class=\"yoast-schema-graph\">{\"@context\":\"https:\/\/schema.org\",\"@graph\":[{\"@type\":\"WebPage\",\"@id\":\"https:\/\/galeriasopra.com\/polityka-prywatnosci\/\",\"url\":\"https:\/\/galeriasopra.com\/polityka-prywatnosci\/\",\"name\":\"Polityka prywatno\u015bci - galeriasopra.com\",\"isPartOf\":{\"@id\":\"https:\/\/galeriasopra.com\/#website\"},\"datePublished\":\"2023-03-23T08:44:33+00:00\",\"dateModified\":\"2023-10-28T11:23:17+00:00\",\"description\":\"Bezpieczna Polityka Prywatno\u015bci Galerii Sopra - Ochrona danych osobowych klient\u00f3w zgodnie z RODO. Zapewniamy poufno\u015b\u0107 i bezpiecze\u0144stwo Twoich danych\",\"breadcrumb\":{\"@id\":\"https:\/\/galeriasopra.com\/polityka-prywatnosci\/#breadcrumb\"},\"inLanguage\":\"en-GB\",\"potentialAction\":[{\"@type\":\"ReadAction\",\"target\":[\"https:\/\/galeriasopra.com\/polityka-prywatnosci\/\"]}]},{\"@type\":\"BreadcrumbList\",\"@id\":\"https:\/\/galeriasopra.com\/polityka-prywatnosci\/#breadcrumb\",\"itemListElement\":[{\"@type\":\"ListItem\",\"position\":1,\"name\":\"Strona g\u0142\u00f3wna\",\"item\":\"https:\/\/galeriasopra.com\/\"},{\"@type\":\"ListItem\",\"position\":2,\"name\":\"Polityka prywatno\u015bci\"}]},{\"@type\":\"WebSite\",\"@id\":\"https:\/\/galeriasopra.com\/#website\",\"url\":\"https:\/\/galeriasopra.com\/\",\"name\":\"galeriasopra.com\",\"description\":\"\",\"publisher\":{\"@id\":\"https:\/\/galeriasopra.com\/#organization\"},\"potentialAction\":[{\"@type\":\"SearchAction\",\"target\":{\"@type\":\"EntryPoint\",\"urlTemplate\":\"https:\/\/galeriasopra.com\/?s={search_term_string}\"},\"query-input\":\"required name=search_term_string\"}],\"inLanguage\":\"en-GB\"},{\"@type\":\"Organization\",\"@id\":\"https:\/\/galeriasopra.com\/#organization\",\"name\":\"galeriasopra.com\",\"url\":\"https:\/\/galeriasopra.com\/\",\"logo\":{\"@type\":\"ImageObject\",\"inLanguage\":\"en-GB\",\"@id\":\"https:\/\/galeriasopra.com\/#\/schema\/logo\/image\/\",\"url\":\"https:\/\/galeriasopra.com\/wp-content\/uploads\/2023\/03\/logo-for-qr-2-01-e1686765766760.png\",\"contentUrl\":\"https:\/\/galeriasopra.com\/wp-content\/uploads\/2023\/03\/logo-for-qr-2-01-e1686765766760.png\",\"width\":256,\"height\":256,\"caption\":\"galeriasopra.com\"},\"image\":{\"@id\":\"https:\/\/galeriasopra.com\/#\/schema\/logo\/image\/\"}}]}<\/script>\n<!-- \/ Yoast SEO plugin. -->","yoast_head_json":{"title":"Polityka prywatno\u015bci - galeriasopra.com","description":"Bezpieczna Polityka Prywatno\u015bci Galerii Sopra - Ochrona danych osobowych klient\u00f3w zgodnie z RODO. Zapewniamy poufno\u015b\u0107 i bezpiecze\u0144stwo Twoich danych","robots":{"index":"index","follow":"follow","max-snippet":"max-snippet:-1","max-image-preview":"max-image-preview:large","max-video-preview":"max-video-preview:-1"},"canonical":"https:\/\/galeriasopra.com\/en\/polityka-prywatnosci\/","og_locale":"en_GB","og_type":"article","og_title":"Polityka prywatno\u015bci - galeriasopra.com","og_description":"Bezpieczna Polityka Prywatno\u015bci Galerii Sopra - Ochrona danych osobowych klient\u00f3w zgodnie z RODO. Zapewniamy poufno\u015b\u0107 i bezpiecze\u0144stwo Twoich danych","og_url":"https:\/\/galeriasopra.com\/en\/polityka-prywatnosci\/","og_site_name":"galeriasopra.com","article_modified_time":"2023-10-28T11:23:17+00:00","twitter_card":"summary_large_image","twitter_misc":{"Estimated reading time":"4 minutes"},"schema":{"@context":"https:\/\/schema.org","@graph":[{"@type":"WebPage","@id":"https:\/\/galeriasopra.com\/polityka-prywatnosci\/","url":"https:\/\/galeriasopra.com\/polityka-prywatnosci\/","name":"Polityka prywatno\u015bci - galeriasopra.com","isPartOf":{"@id":"https:\/\/galeriasopra.com\/#website"},"datePublished":"2023-03-23T08:44:33+00:00","dateModified":"2023-10-28T11:23:17+00:00","description":"Bezpieczna Polityka Prywatno\u015bci Galerii Sopra - Ochrona danych osobowych klient\u00f3w zgodnie z RODO. Zapewniamy poufno\u015b\u0107 i bezpiecze\u0144stwo Twoich danych","breadcrumb":{"@id":"https:\/\/galeriasopra.com\/polityka-prywatnosci\/#breadcrumb"},"inLanguage":"en-GB","potentialAction":[{"@type":"ReadAction","target":["https:\/\/galeriasopra.com\/polityka-prywatnosci\/"]}]},{"@type":"BreadcrumbList","@id":"https:\/\/galeriasopra.com\/polityka-prywatnosci\/#breadcrumb","itemListElement":[{"@type":"ListItem","position":1,"name":"Strona g\u0142\u00f3wna","item":"https:\/\/galeriasopra.com\/"},{"@type":"ListItem","position":2,"name":"Polityka prywatno\u015bci"}]},{"@type":"WebSite","@id":"https:\/\/galeriasopra.com\/#website","url":"https:\/\/galeriasopra.com\/","name":"galeriasopra.com","description":"","publisher":{"@id":"https:\/\/galeriasopra.com\/#organization"},"potentialAction":[{"@type":"SearchAction","target":{"@type":"EntryPoint","urlTemplate":"https:\/\/galeriasopra.com\/?s={search_term_string}"},"query-input":"required name=search_term_string"}],"inLanguage":"en-GB"},{"@type":"Organization","@id":"https:\/\/galeriasopra.com\/#organization","name":"galeriasopra.com","url":"https:\/\/galeriasopra.com\/","logo":{"@type":"ImageObject","inLanguage":"en-GB","@id":"https:\/\/galeriasopra.com\/#\/schema\/logo\/image\/","url":"https:\/\/galeriasopra.com\/wp-content\/uploads\/2023\/03\/logo-for-qr-2-01-e1686765766760.png","contentUrl":"https:\/\/galeriasopra.com\/wp-content\/uploads\/2023\/03\/logo-for-qr-2-01-e1686765766760.png","width":256,"height":256,"caption":"galeriasopra.com"},"image":{"@id":"https:\/\/galeriasopra.com\/#\/schema\/logo\/image\/"}}]}},"_links":{"self":[{"href":"https:\/\/galeriasopra.com\/en\/wp-json\/wp\/v2\/pages\/56"}],"collection":[{"href":"https:\/\/galeriasopra.com\/en\/wp-json\/wp\/v2\/pages"}],"about":[{"href":"https:\/\/galeriasopra.com\/en\/wp-json\/wp\/v2\/types\/page"}],"author":[{"embeddable":true,"href":"https:\/\/galeriasopra.com\/en\/wp-json\/wp\/v2\/users\/4"}],"replies":[{"embeddable":true,"href":"https:\/\/galeriasopra.com\/en\/wp-json\/wp\/v2\/comments?post=56"}],"version-history":[{"count":14,"href":"https:\/\/galeriasopra.com\/en\/wp-json\/wp\/v2\/pages\/56\/revisions"}],"predecessor-version":[{"id":1959,"href":"https:\/\/galeriasopra.com\/en\/wp-json\/wp\/v2\/pages\/56\/revisions\/1959"}],"wp:attachment":[{"href":"https:\/\/galeriasopra.com\/en\/wp-json\/wp\/v2\/media?parent=56"}],"curies":[{"name":"wp","href":"https:\/\/api.w.org\/{rel}","templated":true}]}}