{"id":39,"date":"2023-03-23T08:32:18","date_gmt":"2023-03-23T08:32:18","guid":{"rendered":"https:\/\/galeriasopra.pl\/?page_id=39"},"modified":"2023-10-27T12:17:41","modified_gmt":"2023-10-27T12:17:41","slug":"blog","status":"publish","type":"page","link":"https:\/\/galeriasopra.com\/en\/blog\/","title":{"rendered":"Art magazine"},"content":{"rendered":"<div data-elementor-type=\"wp-page\" data-elementor-id=\"39\" class=\"elementor elementor-39\">\n\t\t\t\t\t\t\t\t\t<section class=\"elementor-section elementor-top-section elementor-element elementor-element-8b9be0c elementor-section-boxed elementor-section-height-default elementor-section-height-default exad-glass-effect-no wpr-particle-no wpr-jarallax-no wpr-parallax-no wpr-sticky-section-no exad-sticky-section-no\" data-id=\"8b9be0c\" data-element_type=\"section\">\n\t\t\t\t\t\t<div class=\"elementor-container elementor-column-gap-default\">\n\t\t\t\t\t<div class=\"elementor-column elementor-col-100 elementor-top-column elementor-element elementor-element-8ee7187 exad-glass-effect-no exad-sticky-section-no\" data-id=\"8ee7187\" data-element_type=\"column\">\n\t\t\t<div class=\"elementor-widget-wrap elementor-element-populated\">\n\t\t\t\t\t\t\t\t<div class=\"elementor-element elementor-element-403c6f4 exad-sticky-section-no exad-glass-effect-no elementor-widget elementor-widget-shortcode\" data-id=\"403c6f4\" data-element_type=\"widget\" data-widget_type=\"shortcode.default\">\n\t\t\t\t<div class=\"elementor-widget-container\">\n\t\t\t\t\t<div class=\"elementor-shortcode\"><form data-min-no-for-search=\"1\" data-result-box-max-height=\"400\" data-form-id=\"222\" class=\"is-search-form is-form-style is-form-style-3 is-form-id-222 is-ajax-search\" action=\"https:\/\/galeriasopra.com\/en\/\" method=\"get\" role=\"search\" data-trp-original-action=\"https:\/\/galeriasopra.com\/en\/\" ><label for=\"is-search-input-222\"><span class=\"is-screen-reader-text\">Search for:<\/span><input  type=\"search\" id=\"is-search-input-222\" name=\"s\" value=\"\" class=\"is-search-input\" placeholder=\"Search here...\" autocomplete=\"off\" \/><span class=\"is-loader-image\" style=\"display: none;background-image:url(https:\/\/galeriasopra.com\/wp-content\/plugins\/add-search-to-menu\/public\/images\/spinner.gif);\" ><\/span><\/label><button type=\"submit\" class=\"is-search-submit\"><span class=\"is-screen-reader-text\">Search Button<\/span><span class=\"is-search-icon\"><svg focusable=\"false\" aria-label=\"Search\" xmlns=\"http:\/\/www.w3.org\/2000\/svg\" viewbox=\"0 0 24 24\" width=\"24px\"><path d=\"M15.5 14h-.79l-.28-.27C15.41 12.59 16 11.11 16 9.5 16 5.91 13.09 3 9.5 3S3 5.91 3 9.5 5.91 16 9.5 16c1.61 0 3.09-.59 4.23-1.57l.27.28v.79l5 4.99L20.49 19l-4.99-5zm-6 0C7.01 14 5 11.99 5 9.5S7.01 5 9.5 5 14 7.01 14 9.5 11.99 14 9.5 14z\"><\/path><\/svg><\/span><\/button><input type=\"hidden\" name=\"id\" value=\"222\" \/><input type=\"hidden\" name=\"post_type\" value=\"post\" \/><input type=\"hidden\" name=\"trp-form-language\" value=\"en\"\/><\/form><\/div>\n\t\t\t\t<\/div>\n\t\t\t\t<\/div>\n\t\t\t\t\t<\/div>\n\t\t<\/div>\n\t\t\t\t\t\t\t<\/div>\n\t\t<\/section>\n\t\t\t\t<section class=\"elementor-section elementor-top-section elementor-element elementor-element-cee8655 elementor-section-boxed elementor-section-height-default elementor-section-height-default exad-glass-effect-no wpr-particle-no wpr-jarallax-no wpr-parallax-no wpr-sticky-section-no exad-sticky-section-no\" data-id=\"cee8655\" data-element_type=\"section\">\n\t\t\t\t\t\t<div class=\"elementor-container elementor-column-gap-default\">\n\t\t\t\t\t<div class=\"elementor-column elementor-col-100 elementor-top-column elementor-element elementor-element-6618791 exad-glass-effect-no exad-sticky-section-no\" data-id=\"6618791\" data-element_type=\"column\">\n\t\t\t<div class=\"elementor-widget-wrap elementor-element-populated\">\n\t\t\t\t\t\t\t\t<div class=\"elementor-element elementor-element-1ed40d7 wpr-grid-columns-3 wpr-grid-columns--tablet2 wpr-grid-columns--mobile1 wpr-grid-pagination-center wpr-item-styles-inner exad-sticky-section-no exad-glass-effect-no elementor-widget elementor-widget-wpr-grid\" data-id=\"1ed40d7\" data-element_type=\"widget\" data-widget_type=\"wpr-grid.default\">\n\t\t\t\t<div class=\"elementor-widget-container\">\n\t\t\t<ul class=\"wpr-grid-filters elementor-clearfix wpr-grid-filters-sep-right\"><li class=\"wpr-pointer-none wpr-pointer-line-fx wpr-pointer-fx-none\"><span data-filter=\"*\" class=\"wpr-active-filter\">All Post<\/span><em class=\"wpr-grid-filters-sep\"><\/em><\/li><li class=\"wpr-pointer-none wpr-pointer-line-fx wpr-pointer-fx-none\"><span  data-filter=\".category-blog\">Blog<\/span><em class=\"wpr-grid-filters-sep\"><\/em><\/li><\/ul><section class=\"wpr-grid elementor-clearfix\" data-settings=\"{&quot;layout&quot;:&quot;fitRows&quot;,&quot;stick_last_element_to_bottom&quot;:&quot;&quot;,&quot;columns_desktop&quot;:3,&quot;gutter_hr&quot;:15,&quot;gutter_hr_mobile&quot;:15,&quot;gutter_hr_mobile_extra&quot;:15,&quot;gutter_hr_tablet&quot;:15,&quot;gutter_hr_tablet_extra&quot;:15,&quot;gutter_hr_laptop&quot;:15,&quot;gutter_hr_widescreen&quot;:15,&quot;gutter_vr&quot;:15,&quot;gutter_vr_mobile&quot;:15,&quot;gutter_vr_mobile_extra&quot;:15,&quot;gutter_vr_tablet&quot;:15,&quot;gutter_vr_tablet_extra&quot;:15,&quot;gutter_vr_laptop&quot;:15,&quot;gutter_vr_widescreen&quot;:15,&quot;animation&quot;:&quot;default&quot;,&quot;animation_duration&quot;:0.3,&quot;animation_delay&quot;:0.1,&quot;deeplinking&quot;:&quot;&quot;,&quot;filters_linkable&quot;:&quot;no&quot;,&quot;filters_default_filter&quot;:&quot;&quot;,&quot;filters_count&quot;:&quot;&quot;,&quot;filters_hide_empty&quot;:&quot;no&quot;,&quot;filters_animation&quot;:&quot;default&quot;,&quot;filters_animation_duration&quot;:0.3,&quot;filters_animation_delay&quot;:0.1,&quot;pagination_type&quot;:&quot;load-more&quot;,&quot;pagination_max_pages&quot;:1,&quot;lightbox&quot;:{&quot;selector&quot;:&quot;.wpr-grid-image-wrap&quot;,&quot;iframeMaxWidth&quot;:&quot;60%&quot;,&quot;hash&quot;:false,&quot;autoplay&quot;:&quot;true&quot;,&quot;pause&quot;:5000,&quot;progressBar&quot;:&quot;true&quot;,&quot;counter&quot;:&quot;true&quot;,&quot;controls&quot;:&quot;true&quot;,&quot;getCaptionFromTitleOrAlt&quot;:&quot;true&quot;,&quot;thumbnail&quot;:&quot;&quot;,&quot;showThumbByDefault&quot;:&quot;&quot;,&quot;share&quot;:&quot;&quot;,&quot;zoom&quot;:&quot;true&quot;,&quot;fullScreen&quot;:&quot;true&quot;,&quot;download&quot;:&quot;true&quot;}}\"><article class=\"wpr-grid-item elementor-clearfix post-937 post type-post status-publish format-standard has-post-thumbnail hentry category-blog\"><div class=\"wpr-grid-item-inner\"><div class=\"wpr-grid-media-wrap wpr-effect-size-medium\" data-overlay-link=\"yes\"><div class=\"wpr-grid-image-wrap\" data-src=\"https:\/\/galeriasopra.com\/wp-content\/uploads\/elementor\/thumbs\/Kaleta-q7v3za8r80evypsgcu70dqslbqqwqg1v89vg9lg268.jpg\" data-img-on-hover=\"\"  data-src-secondary=\"\"><img decoding=\"async\" data-no-lazy=\"1\" src=\"https:\/\/galeriasopra.com\/wp-content\/uploads\/elementor\/thumbs\/Kaleta-q7v3za8r80evypsgcu70dqslbqqwqg1v89vg9lg268.jpg\" alt=\"Dariusz Kaleta\" class=\"wpr-anim-timing-ease-default\"><\/div><div class=\"wpr-grid-media-hover wpr-animation-wrap\"><div class=\"wpr-grid-media-hover-bg  wpr-overlay-fade-in wpr-anim-size-large wpr-anim-timing-ease-default wpr-anim-transparency\" data-url=\"https:\/\/galeriasopra.com\/en\/dariusz-kaleta-blog\/\"><\/div><\/div><\/div><div class=\"wpr-grid-item-below-content elementor-clearfix\"><h2 class=\"wpr-grid-item-title elementor-repeater-item-671f704 wpr-grid-item-display-block wpr-grid-item-align-left wpr-pointer-none wpr-pointer-line-fx wpr-pointer-fx-fade\"><div class=\"inner-block\"><a target=\"_self\"  href=\"https:\/\/galeriasopra.com\/en\/dariusz-kaleta-blog\/\">Interview with Dariusz Kaleta<\/a><\/div><\/h2><div class=\"wpr-grid-item-excerpt elementor-repeater-item-3652969 wpr-grid-item-display-block wpr-grid-item-align-left\"><div class=\"inner-block\"><p>We present a special guest - Dariusz Kaleta, manager of the Contemporary Art Gallery in Ko\u0142obrzeg and a talented painter. His easel painting, full of realism, reflects the history of Poland and Sarmatia. We invite you to discover the mastery of the brush and the fascinating work of Dariusz Kaleta!<\/p><\/div><\/div><div class=\"wpr-grid-item-read-more elementor-repeater-item-9f966c2 wpr-grid-item-display-block wpr-grid-item-align-left\"><div class=\"inner-block\"><a target=\"_self\" href=\"https:\/\/galeriasopra.com\/en\/dariusz-kaleta-blog\/\" class=\"wpr-button-effect wpr-button-none\"><span>More<\/span><\/a><\/div><\/div><\/div><\/div><\/article><article class=\"wpr-grid-item elementor-clearfix post-936 post type-post status-publish format-standard has-post-thumbnail hentry category-blog\"><div class=\"wpr-grid-item-inner\"><div class=\"wpr-grid-media-wrap wpr-effect-size-medium\" data-overlay-link=\"yes\"><div class=\"wpr-grid-image-wrap\" data-src=\"https:\/\/galeriasopra.com\/wp-content\/uploads\/elementor\/thumbs\/Diana-q7v3uhagahu4mgroerfnmyfs0ufde4z98hu3yokhz4.jpg\" data-img-on-hover=\"\"  data-src-secondary=\"\"><img decoding=\"async\" data-no-lazy=\"1\" src=\"https:\/\/galeriasopra.com\/wp-content\/uploads\/elementor\/thumbs\/Diana-q7v3uhagahu4mgroerfnmyfs0ufde4z98hu3yokhz4.jpg\" alt=\"Diana \u017bar\u00f3w\" class=\"wpr-anim-timing-ease-default\"><\/div><div class=\"wpr-grid-media-hover wpr-animation-wrap\"><div class=\"wpr-grid-media-hover-bg  wpr-overlay-fade-in wpr-anim-size-large wpr-anim-timing-ease-default wpr-anim-transparency\" data-url=\"https:\/\/galeriasopra.com\/en\/diana-zarow-blog\/\"><\/div><\/div><\/div><div class=\"wpr-grid-item-below-content elementor-clearfix\"><h2 class=\"wpr-grid-item-title elementor-repeater-item-671f704 wpr-grid-item-display-block wpr-grid-item-align-left wpr-pointer-none wpr-pointer-line-fx wpr-pointer-fx-fade\"><div class=\"inner-block\"><a target=\"_self\"  href=\"https:\/\/galeriasopra.com\/en\/diana-zarow-blog\/\">Interview with Diana Zarow<\/a><\/div><\/h2><div class=\"wpr-grid-item-excerpt elementor-repeater-item-3652969 wpr-grid-item-display-block wpr-grid-item-align-left\"><div class=\"inner-block\"><p>Introducing an exceptional artist, Diana \u017bar\u00f3w. Her painting combines surrealism and magical realism, discovering the beauty of the universe and man. As a wife and mother, she manages to harmoniously reconcile the role of an artist with her family life thanks to the support of her partner. Her work draws viewers into the fascinating world of creativity.<\/p><\/div><\/div><div class=\"wpr-grid-item-read-more elementor-repeater-item-9f966c2 wpr-grid-item-display-block wpr-grid-item-align-left\"><div class=\"inner-block\"><a target=\"_self\" href=\"https:\/\/galeriasopra.com\/en\/diana-zarow-blog\/\" class=\"wpr-button-effect wpr-button-none\"><span>More<\/span><\/a><\/div><\/div><\/div><\/div><\/article><article class=\"wpr-grid-item elementor-clearfix post-935 post type-post status-publish format-standard has-post-thumbnail hentry category-blog\"><div class=\"wpr-grid-item-inner\"><div class=\"wpr-grid-media-wrap wpr-effect-size-medium\" data-overlay-link=\"yes\"><div class=\"wpr-grid-image-wrap\" data-src=\"https:\/\/galeriasopra.com\/wp-content\/uploads\/elementor\/thumbs\/Bianka-1-q7v3k6y1hrr5k3pmhbcncjw5z14r5e50hkssvntm2o.jpg\" data-img-on-hover=\"\"  data-src-secondary=\"\"><img decoding=\"async\" data-no-lazy=\"1\" src=\"https:\/\/galeriasopra.com\/wp-content\/uploads\/elementor\/thumbs\/Bianka-1-q7v3k6y1hrr5k3pmhbcncjw5z14r5e50hkssvntm2o.jpg\" alt=\"Bianka Kunicka Chudzikowska\" class=\"wpr-anim-timing-ease-default\"><\/div><div class=\"wpr-grid-media-hover wpr-animation-wrap\"><div class=\"wpr-grid-media-hover-bg  wpr-overlay-fade-in wpr-anim-size-large wpr-anim-timing-ease-default wpr-anim-transparency\" data-url=\"https:\/\/galeriasopra.com\/en\/bianka-kunicka-chudzikowska-blog\/\"><\/div><\/div><\/div><div class=\"wpr-grid-item-below-content elementor-clearfix\"><h2 class=\"wpr-grid-item-title elementor-repeater-item-671f704 wpr-grid-item-display-block wpr-grid-item-align-left wpr-pointer-none wpr-pointer-line-fx wpr-pointer-fx-fade\"><div class=\"inner-block\"><a target=\"_self\"  href=\"https:\/\/galeriasopra.com\/en\/bianka-kunicka-chudzikowska-blog\/\">Interview with Bianka Kunicka Chudzikowska<\/a><\/div><\/h2><div class=\"wpr-grid-item-excerpt elementor-repeater-item-3652969 wpr-grid-item-display-block wpr-grid-item-align-left\"><div class=\"inner-block\"><p>Bianka Kunicka Chudzikowska - culture expert, artist, iconographer, poet and writer. He sees a woman as a force, despite historical inequalities. She believes in change through the solidarity and cooperation of women.<\/p><\/div><\/div><div class=\"wpr-grid-item-read-more elementor-repeater-item-9f966c2 wpr-grid-item-display-block wpr-grid-item-align-left\"><div class=\"inner-block\"><a target=\"_self\" href=\"https:\/\/galeriasopra.com\/en\/bianka-kunicka-chudzikowska-blog\/\" class=\"wpr-button-effect wpr-button-none\"><span>More<\/span><\/a><\/div><\/div><\/div><\/div><\/article><\/section>\t\t<\/div>\n\t\t\t\t<\/div>\n\t\t\t\t\t<\/div>\n\t\t<\/div>\n\t\t\t\t\t\t\t<\/div>\n\t\t<\/section>\n\t\t\t\t\t\t\t<\/div>","protected":false},"excerpt":{"rendered":"<p>All Post Blog Wywiad z Dariuszem Kalet\u0105 Przedstawiamy wyj\u0105tkowego go\u015bcia &#8211; Dariusza Kalet\u0119, kierownika Galerii Sztuki Wsp\u00f3\u0142czesnej w Ko\u0142obrzegu i utalentowanego artyst\u0119 malarza. Jego malarstwo sztalugowe, pe\u0142ne realizmu, oddaje histori\u0119 Polski i Sarmacji. Zapraszamy do odkrycia mistrzostwa p\u0119dzla i fascynuj\u0105cej tw\u00f3rczo\u015bci Dariusza Kalety! Wi\u0119cej Wywiad z Dian\u0105 \u017bar\u00f3w Przedstawiamy wyj\u0105tkow\u0105 artystk\u0119, Dian\u0119 \u017bar\u00f3w. Jej malarstwo [&hellip;]<\/p>","protected":false},"author":4,"featured_media":0,"parent":0,"menu_order":0,"comment_status":"closed","ping_status":"closed","template":"","meta":{"footnotes":""},"yoast_head":"<!-- This site is optimized with the Yoast SEO plugin v21.7 - https:\/\/yoast.com\/wordpress\/plugins\/seo\/ -->\n<title>Magazyn artystyczny - galeriasopra.com<\/title>\n<meta name=\"description\" content=\"Odkryj nasz blog pe\u0142en inspiracji i wiedzy. Nasz magazyn artystyczny to miejsce, gdzie znajdziesz interesuj\u0105ce artyku\u0142y, porady i ciekawostki ze \u015bwiata sztuki. Przeczytaj nasze najnowsze wpisy i poszerz swoj\u0105 wiedz\u0119 na temat r\u00f3\u017cnorodnych dziedzin artystycznych. Do\u0142\u0105cz do naszej spo\u0142eczno\u015bci i b\u0105d\u017a na bie\u017c\u0105co z najnowszymi trendami artystycznymi!\" \/>\n<meta name=\"robots\" content=\"index, follow, max-snippet:-1, max-image-preview:large, max-video-preview:-1\" \/>\n<link rel=\"canonical\" href=\"https:\/\/galeriasopra.com\/en\/blog\/\" \/>\n<meta property=\"og:locale\" content=\"en_GB\" \/>\n<meta property=\"og:type\" content=\"article\" \/>\n<meta property=\"og:title\" content=\"Magazyn artystyczny - galeriasopra.com\" \/>\n<meta property=\"og:description\" content=\"Odkryj nasz blog pe\u0142en inspiracji i wiedzy. Nasz magazyn artystyczny to miejsce, gdzie znajdziesz interesuj\u0105ce artyku\u0142y, porady i ciekawostki ze \u015bwiata sztuki. Przeczytaj nasze najnowsze wpisy i poszerz swoj\u0105 wiedz\u0119 na temat r\u00f3\u017cnorodnych dziedzin artystycznych. Do\u0142\u0105cz do naszej spo\u0142eczno\u015bci i b\u0105d\u017a na bie\u017c\u0105co z najnowszymi trendami artystycznymi!\" \/>\n<meta property=\"og:url\" content=\"https:\/\/galeriasopra.com\/en\/blog\/\" \/>\n<meta property=\"og:site_name\" content=\"galeriasopra.com\" \/>\n<meta property=\"article:modified_time\" content=\"2023-10-27T12:17:41+00:00\" \/>\n<meta property=\"og:image\" content=\"https:\/\/galeriasopra.com\/wp-content\/uploads\/2023\/06\/Kaleta-150x150.jpg\" \/>\n<meta name=\"twitter:card\" content=\"summary_large_image\" \/>\n<meta name=\"twitter:label1\" content=\"Estimated reading time\" \/>\n\t<meta name=\"twitter:data1\" content=\"2 minutes\" \/>\n<script type=\"application\/ld+json\" class=\"yoast-schema-graph\">{\"@context\":\"https:\/\/schema.org\",\"@graph\":[{\"@type\":\"WebPage\",\"@id\":\"https:\/\/galeriasopra.com\/blog\/\",\"url\":\"https:\/\/galeriasopra.com\/blog\/\",\"name\":\"Magazyn artystyczny - galeriasopra.com\",\"isPartOf\":{\"@id\":\"https:\/\/galeriasopra.com\/#website\"},\"datePublished\":\"2023-03-23T08:32:18+00:00\",\"dateModified\":\"2023-10-27T12:17:41+00:00\",\"description\":\"Odkryj nasz blog pe\u0142en inspiracji i wiedzy. Nasz magazyn artystyczny to miejsce, gdzie znajdziesz interesuj\u0105ce artyku\u0142y, porady i ciekawostki ze \u015bwiata sztuki. Przeczytaj nasze najnowsze wpisy i poszerz swoj\u0105 wiedz\u0119 na temat r\u00f3\u017cnorodnych dziedzin artystycznych. Do\u0142\u0105cz do naszej spo\u0142eczno\u015bci i b\u0105d\u017a na bie\u017c\u0105co z najnowszymi trendami artystycznymi!\",\"breadcrumb\":{\"@id\":\"https:\/\/galeriasopra.com\/blog\/#breadcrumb\"},\"inLanguage\":\"en-GB\",\"potentialAction\":[{\"@type\":\"ReadAction\",\"target\":[\"https:\/\/galeriasopra.com\/blog\/\"]}]},{\"@type\":\"BreadcrumbList\",\"@id\":\"https:\/\/galeriasopra.com\/blog\/#breadcrumb\",\"itemListElement\":[{\"@type\":\"ListItem\",\"position\":1,\"name\":\"Strona g\u0142\u00f3wna\",\"item\":\"https:\/\/galeriasopra.com\/\"},{\"@type\":\"ListItem\",\"position\":2,\"name\":\"Magazyn artystyczny\"}]},{\"@type\":\"WebSite\",\"@id\":\"https:\/\/galeriasopra.com\/#website\",\"url\":\"https:\/\/galeriasopra.com\/\",\"name\":\"galeriasopra.com\",\"description\":\"\",\"publisher\":{\"@id\":\"https:\/\/galeriasopra.com\/#organization\"},\"potentialAction\":[{\"@type\":\"SearchAction\",\"target\":{\"@type\":\"EntryPoint\",\"urlTemplate\":\"https:\/\/galeriasopra.com\/?s={search_term_string}\"},\"query-input\":\"required name=search_term_string\"}],\"inLanguage\":\"en-GB\"},{\"@type\":\"Organization\",\"@id\":\"https:\/\/galeriasopra.com\/#organization\",\"name\":\"galeriasopra.com\",\"url\":\"https:\/\/galeriasopra.com\/\",\"logo\":{\"@type\":\"ImageObject\",\"inLanguage\":\"en-GB\",\"@id\":\"https:\/\/galeriasopra.com\/#\/schema\/logo\/image\/\",\"url\":\"https:\/\/galeriasopra.com\/wp-content\/uploads\/2023\/03\/logo-for-qr-2-01-e1686765766760.png\",\"contentUrl\":\"https:\/\/galeriasopra.com\/wp-content\/uploads\/2023\/03\/logo-for-qr-2-01-e1686765766760.png\",\"width\":256,\"height\":256,\"caption\":\"galeriasopra.com\"},\"image\":{\"@id\":\"https:\/\/galeriasopra.com\/#\/schema\/logo\/image\/\"}}]}<\/script>\n<!-- \/ Yoast SEO plugin. -->","yoast_head_json":{"title":"Magazyn artystyczny - galeriasopra.com","description":"Odkryj nasz blog pe\u0142en inspiracji i wiedzy. Nasz magazyn artystyczny to miejsce, gdzie znajdziesz interesuj\u0105ce artyku\u0142y, porady i ciekawostki ze \u015bwiata sztuki. Przeczytaj nasze najnowsze wpisy i poszerz swoj\u0105 wiedz\u0119 na temat r\u00f3\u017cnorodnych dziedzin artystycznych. Do\u0142\u0105cz do naszej spo\u0142eczno\u015bci i b\u0105d\u017a na bie\u017c\u0105co z najnowszymi trendami artystycznymi!","robots":{"index":"index","follow":"follow","max-snippet":"max-snippet:-1","max-image-preview":"max-image-preview:large","max-video-preview":"max-video-preview:-1"},"canonical":"https:\/\/galeriasopra.com\/en\/blog\/","og_locale":"en_GB","og_type":"article","og_title":"Magazyn artystyczny - galeriasopra.com","og_description":"Odkryj nasz blog pe\u0142en inspiracji i wiedzy. Nasz magazyn artystyczny to miejsce, gdzie znajdziesz interesuj\u0105ce artyku\u0142y, porady i ciekawostki ze \u015bwiata sztuki. Przeczytaj nasze najnowsze wpisy i poszerz swoj\u0105 wiedz\u0119 na temat r\u00f3\u017cnorodnych dziedzin artystycznych. Do\u0142\u0105cz do naszej spo\u0142eczno\u015bci i b\u0105d\u017a na bie\u017c\u0105co z najnowszymi trendami artystycznymi!","og_url":"https:\/\/galeriasopra.com\/en\/blog\/","og_site_name":"galeriasopra.com","article_modified_time":"2023-10-27T12:17:41+00:00","og_image":[{"url":"https:\/\/galeriasopra.com\/wp-content\/uploads\/2023\/06\/Kaleta-150x150.jpg"}],"twitter_card":"summary_large_image","twitter_misc":{"Estimated reading time":"2 minutes"},"schema":{"@context":"https:\/\/schema.org","@graph":[{"@type":"WebPage","@id":"https:\/\/galeriasopra.com\/blog\/","url":"https:\/\/galeriasopra.com\/blog\/","name":"Magazyn artystyczny - galeriasopra.com","isPartOf":{"@id":"https:\/\/galeriasopra.com\/#website"},"datePublished":"2023-03-23T08:32:18+00:00","dateModified":"2023-10-27T12:17:41+00:00","description":"Odkryj nasz blog pe\u0142en inspiracji i wiedzy. Nasz magazyn artystyczny to miejsce, gdzie znajdziesz interesuj\u0105ce artyku\u0142y, porady i ciekawostki ze \u015bwiata sztuki. Przeczytaj nasze najnowsze wpisy i poszerz swoj\u0105 wiedz\u0119 na temat r\u00f3\u017cnorodnych dziedzin artystycznych. Do\u0142\u0105cz do naszej spo\u0142eczno\u015bci i b\u0105d\u017a na bie\u017c\u0105co z najnowszymi trendami artystycznymi!","breadcrumb":{"@id":"https:\/\/galeriasopra.com\/blog\/#breadcrumb"},"inLanguage":"en-GB","potentialAction":[{"@type":"ReadAction","target":["https:\/\/galeriasopra.com\/blog\/"]}]},{"@type":"BreadcrumbList","@id":"https:\/\/galeriasopra.com\/blog\/#breadcrumb","itemListElement":[{"@type":"ListItem","position":1,"name":"Strona g\u0142\u00f3wna","item":"https:\/\/galeriasopra.com\/"},{"@type":"ListItem","position":2,"name":"Magazyn artystyczny"}]},{"@type":"WebSite","@id":"https:\/\/galeriasopra.com\/#website","url":"https:\/\/galeriasopra.com\/","name":"galeriasopra.com","description":"","publisher":{"@id":"https:\/\/galeriasopra.com\/#organization"},"potentialAction":[{"@type":"SearchAction","target":{"@type":"EntryPoint","urlTemplate":"https:\/\/galeriasopra.com\/?s={search_term_string}"},"query-input":"required name=search_term_string"}],"inLanguage":"en-GB"},{"@type":"Organization","@id":"https:\/\/galeriasopra.com\/#organization","name":"galeriasopra.com","url":"https:\/\/galeriasopra.com\/","logo":{"@type":"ImageObject","inLanguage":"en-GB","@id":"https:\/\/galeriasopra.com\/#\/schema\/logo\/image\/","url":"https:\/\/galeriasopra.com\/wp-content\/uploads\/2023\/03\/logo-for-qr-2-01-e1686765766760.png","contentUrl":"https:\/\/galeriasopra.com\/wp-content\/uploads\/2023\/03\/logo-for-qr-2-01-e1686765766760.png","width":256,"height":256,"caption":"galeriasopra.com"},"image":{"@id":"https:\/\/galeriasopra.com\/#\/schema\/logo\/image\/"}}]}},"_links":{"self":[{"href":"https:\/\/galeriasopra.com\/en\/wp-json\/wp\/v2\/pages\/39"}],"collection":[{"href":"https:\/\/galeriasopra.com\/en\/wp-json\/wp\/v2\/pages"}],"about":[{"href":"https:\/\/galeriasopra.com\/en\/wp-json\/wp\/v2\/types\/page"}],"author":[{"embeddable":true,"href":"https:\/\/galeriasopra.com\/en\/wp-json\/wp\/v2\/users\/4"}],"replies":[{"embeddable":true,"href":"https:\/\/galeriasopra.com\/en\/wp-json\/wp\/v2\/comments?post=39"}],"version-history":[{"count":39,"href":"https:\/\/galeriasopra.com\/en\/wp-json\/wp\/v2\/pages\/39\/revisions"}],"predecessor-version":[{"id":1946,"href":"https:\/\/galeriasopra.com\/en\/wp-json\/wp\/v2\/pages\/39\/revisions\/1946"}],"wp:attachment":[{"href":"https:\/\/galeriasopra.com\/en\/wp-json\/wp\/v2\/media?parent=39"}],"curies":[{"name":"wp","href":"https:\/\/api.w.org\/{rel}","templated":true}]}}