{"id":1521,"date":"2023-06-14T15:33:25","date_gmt":"2023-06-14T15:33:25","guid":{"rendered":"https:\/\/galeriasopra.pl\/?page_id=1521"},"modified":"2023-06-20T14:25:43","modified_gmt":"2023-06-20T14:25:43","slug":"checkout","status":"publish","type":"page","link":"https:\/\/galeriasopra.com\/en\/checkout\/","title":{"rendered":"Checkout"},"content":{"rendered":"<div data-elementor-type=\"wp-page\" data-elementor-id=\"1521\" class=\"elementor elementor-1521\">\n\t\t\t\t\t\t\t\t\t<section class=\"elementor-section elementor-top-section elementor-element elementor-element-194a950 elementor-section-boxed elementor-section-height-default elementor-section-height-default exad-glass-effect-no wpr-particle-no wpr-jarallax-no wpr-parallax-no wpr-sticky-section-no exad-sticky-section-no\" data-id=\"194a950\" data-element_type=\"section\">\n\t\t\t\t\t\t<div class=\"elementor-container elementor-column-gap-default\">\n\t\t\t\t\t<div class=\"elementor-column elementor-col-100 elementor-top-column elementor-element elementor-element-2b7acb2 exad-glass-effect-no exad-sticky-section-no\" data-id=\"2b7acb2\" data-element_type=\"column\">\n\t\t\t<div class=\"elementor-widget-wrap elementor-element-populated\">\n\t\t\t\t\t\t\t\t<div class=\"elementor-element elementor-element-b9d1069 wpr-checkout-horizontal exad-sticky-section-no exad-glass-effect-no elementor-widget elementor-widget-wpr-page-checkout\" data-id=\"b9d1069\" data-element_type=\"widget\" data-widget_type=\"wpr-page-checkout.default\">\n\t\t\t\t<div class=\"elementor-widget-container\">\n\t\t\t<div class=\"woocommerce\"><\/div>\t\t<\/div>\n\t\t\t\t<\/div>\n\t\t\t\t\t<\/div>\n\t\t<\/div>\n\t\t\t\t\t\t\t<\/div>\n\t\t<\/section>\n\t\t\t\t\t\t\t<\/div>","protected":false},"excerpt":{"rendered":"<p>Dane p\u0142atno\u015bci Imi\u0119&nbsp;* Nazwisko&nbsp;* Nazwa firmy&nbsp;(opcjonalne) Kraj \/ region&nbsp;*Wybierz kraj\/region&hellip;AfganistanAlbaniaAlgieriaAndoraAngolaAnguillaAntarktydaAntigua i BarbudaArabia SaudyjskaArgentynaArmeniaArubaAustraliaAustriaAzerbejd\u017canBahamyBahrajnBangladeszBarbadosBelauBelgiaBelizeBeninBermudyBhutanBia\u0142oru\u015bBoliwiaBo\u015bnia i HercegowinaBotswanaBrazyliaBrazzavilleBruneiBrytyjskie Terytorium Oceanu IndyjskiegoBu\u0142gariaBurkina FasoBurundiChileChinyChorwacjaCura&ccedil;aoCyprCzadCzarnog\u00f3raDalekie Wyspy Mniejsze Stan\u00f3w ZjednoczonychDaniaDemokratyczna Republika KongaD\u017cibutiEgiptEkwadorErytreaEstoniaEswatiniEtiopiaFalklandyFid\u017ciFilipinyFinlandiaFrancjaFrancuskie Terytoria Po\u0142udniowe i AntarktyczneGabonGambiaGeorgia Po\u0142udniowa i Sandwich Po\u0142udniowyGhanaGibraltarGrecjaGrenadaGrenlandiaGruzjaGuamGuernseyGujanaGujana FrancuskaGwadelupaGwatemalaGwineaGwinea BissauGwinea R\u00f3wnikowaHaitiHiszpaniaHolandiaHolandia KaraibskaHondurasHongkongIndieIndonezjaIrakIranIrlandiaIslandiaIzraelJamajkaJaponiaJemenJerseyJordaniaKajmanyKambod\u017caKamerunKanadaKatarKazachstanKeniaKirgistanKiribatiKolumbiaKomoryKorea Po\u0142udniowaKorea P\u00f3\u0142nocnaKostarykaKubaKuwejtLaosLesotoLibanLiberiaLibiaLiechtensteinLitwaLuksemburg\u0141otwaMadagaskarMajottaMakauMalawiMalediwyMalezjaMaliMaltaMariany P\u00f3\u0142nocneMarokoMartynikaMauretaniaMauritiusMeksykMikronezjaMjanmaMo\u0142dawiaMonakoMongoliaMontserratMozambikNamibiaNauruNepalNiemcyNigerNigeriaNikaraguaNiueNorfolkNorwegiaNowa KaledoniaNowa ZelandiaOmanPakistanPanamaPapua-Nowa GwineaParagwajPeruPitcairnPolinezja FrancuskaPolskaPortorykoPortugaliaP\u00f3\u0142nocna MacedoniaRepublika CzeskaRepublika Dominika\u0144skaRepublika Po\u0142udniowej AfrykiRepublika \u015arodkowoafryka\u0144skaRepublika Zielonego Przyl\u0105dkaReunionRosjaRumuniaRwandaSahara ZachodniaSaint Kitts i [&hellip;]<\/p>","protected":false},"author":3,"featured_media":0,"parent":0,"menu_order":0,"comment_status":"closed","ping_status":"closed","template":"","meta":{"footnotes":""},"yoast_head":"<!-- This site is optimized with the Yoast SEO plugin v21.7 - https:\/\/yoast.com\/wordpress\/plugins\/seo\/ -->\n<title>Checkout - galeriasopra.com<\/title>\n<meta name=\"description\" content=\"Wykonaj p\u0142atno\u015b\u0107 i zako\u0144cz swoje zakupy w naszym bezpiecznym procesie zam\u00f3wienia.\" \/>\n<meta name=\"robots\" content=\"index, follow, max-snippet:-1, max-image-preview:large, max-video-preview:-1\" \/>\n<link rel=\"canonical\" href=\"https:\/\/galeriasopra.com\/en\/checkout\/\" \/>\n<meta property=\"og:locale\" content=\"en_GB\" \/>\n<meta property=\"og:type\" content=\"article\" \/>\n<meta property=\"og:title\" content=\"Checkout - galeriasopra.com\" \/>\n<meta property=\"og:description\" content=\"Wykonaj p\u0142atno\u015b\u0107 i zako\u0144cz swoje zakupy w naszym bezpiecznym procesie zam\u00f3wienia.\" \/>\n<meta property=\"og:url\" content=\"https:\/\/galeriasopra.com\/en\/checkout\/\" \/>\n<meta property=\"og:site_name\" content=\"galeriasopra.com\" \/>\n<meta property=\"article:modified_time\" content=\"2023-06-20T14:25:43+00:00\" \/>\n<meta name=\"twitter:card\" content=\"summary_large_image\" \/>\n<meta name=\"twitter:label1\" content=\"Estimated reading time\" \/>\n\t<meta name=\"twitter:data1\" content=\"22 minutes\" \/>\n<script type=\"application\/ld+json\" class=\"yoast-schema-graph\">{\"@context\":\"https:\/\/schema.org\",\"@graph\":[{\"@type\":\"WebPage\",\"@id\":\"https:\/\/galeriasopra.com\/checkout\/\",\"url\":\"https:\/\/galeriasopra.com\/checkout\/\",\"name\":\"Checkout - galeriasopra.com\",\"isPartOf\":{\"@id\":\"https:\/\/galeriasopra.com\/#website\"},\"datePublished\":\"2023-06-14T15:33:25+00:00\",\"dateModified\":\"2023-06-20T14:25:43+00:00\",\"description\":\"Wykonaj p\u0142atno\u015b\u0107 i zako\u0144cz swoje zakupy w naszym bezpiecznym procesie zam\u00f3wienia.\",\"breadcrumb\":{\"@id\":\"https:\/\/galeriasopra.com\/checkout\/#breadcrumb\"},\"inLanguage\":\"en-GB\",\"potentialAction\":[{\"@type\":\"ReadAction\",\"target\":[\"https:\/\/galeriasopra.com\/checkout\/\"]}]},{\"@type\":\"BreadcrumbList\",\"@id\":\"https:\/\/galeriasopra.com\/checkout\/#breadcrumb\",\"itemListElement\":[{\"@type\":\"ListItem\",\"position\":1,\"name\":\"Strona g\u0142\u00f3wna\",\"item\":\"https:\/\/galeriasopra.com\/\"},{\"@type\":\"ListItem\",\"position\":2,\"name\":\"Checkout\"}]},{\"@type\":\"WebSite\",\"@id\":\"https:\/\/galeriasopra.com\/#website\",\"url\":\"https:\/\/galeriasopra.com\/\",\"name\":\"galeriasopra.com\",\"description\":\"\",\"publisher\":{\"@id\":\"https:\/\/galeriasopra.com\/#organization\"},\"potentialAction\":[{\"@type\":\"SearchAction\",\"target\":{\"@type\":\"EntryPoint\",\"urlTemplate\":\"https:\/\/galeriasopra.com\/?s={search_term_string}\"},\"query-input\":\"required name=search_term_string\"}],\"inLanguage\":\"en-GB\"},{\"@type\":\"Organization\",\"@id\":\"https:\/\/galeriasopra.com\/#organization\",\"name\":\"galeriasopra.com\",\"url\":\"https:\/\/galeriasopra.com\/\",\"logo\":{\"@type\":\"ImageObject\",\"inLanguage\":\"en-GB\",\"@id\":\"https:\/\/galeriasopra.com\/#\/schema\/logo\/image\/\",\"url\":\"https:\/\/galeriasopra.com\/wp-content\/uploads\/2023\/03\/logo-for-qr-2-01-e1686765766760.png\",\"contentUrl\":\"https:\/\/galeriasopra.com\/wp-content\/uploads\/2023\/03\/logo-for-qr-2-01-e1686765766760.png\",\"width\":256,\"height\":256,\"caption\":\"galeriasopra.com\"},\"image\":{\"@id\":\"https:\/\/galeriasopra.com\/#\/schema\/logo\/image\/\"}}]}<\/script>\n<!-- \/ Yoast SEO plugin. -->","yoast_head_json":{"title":"Checkout - galeriasopra.com","description":"Wykonaj p\u0142atno\u015b\u0107 i zako\u0144cz swoje zakupy w naszym bezpiecznym procesie zam\u00f3wienia.","robots":{"index":"index","follow":"follow","max-snippet":"max-snippet:-1","max-image-preview":"max-image-preview:large","max-video-preview":"max-video-preview:-1"},"canonical":"https:\/\/galeriasopra.com\/en\/checkout\/","og_locale":"en_GB","og_type":"article","og_title":"Checkout - galeriasopra.com","og_description":"Wykonaj p\u0142atno\u015b\u0107 i zako\u0144cz swoje zakupy w naszym bezpiecznym procesie zam\u00f3wienia.","og_url":"https:\/\/galeriasopra.com\/en\/checkout\/","og_site_name":"galeriasopra.com","article_modified_time":"2023-06-20T14:25:43+00:00","twitter_card":"summary_large_image","twitter_misc":{"Estimated reading time":"22 minutes"},"schema":{"@context":"https:\/\/schema.org","@graph":[{"@type":"WebPage","@id":"https:\/\/galeriasopra.com\/checkout\/","url":"https:\/\/galeriasopra.com\/checkout\/","name":"Checkout - galeriasopra.com","isPartOf":{"@id":"https:\/\/galeriasopra.com\/#website"},"datePublished":"2023-06-14T15:33:25+00:00","dateModified":"2023-06-20T14:25:43+00:00","description":"Wykonaj p\u0142atno\u015b\u0107 i zako\u0144cz swoje zakupy w naszym bezpiecznym procesie zam\u00f3wienia.","breadcrumb":{"@id":"https:\/\/galeriasopra.com\/checkout\/#breadcrumb"},"inLanguage":"en-GB","potentialAction":[{"@type":"ReadAction","target":["https:\/\/galeriasopra.com\/checkout\/"]}]},{"@type":"BreadcrumbList","@id":"https:\/\/galeriasopra.com\/checkout\/#breadcrumb","itemListElement":[{"@type":"ListItem","position":1,"name":"Strona g\u0142\u00f3wna","item":"https:\/\/galeriasopra.com\/"},{"@type":"ListItem","position":2,"name":"Checkout"}]},{"@type":"WebSite","@id":"https:\/\/galeriasopra.com\/#website","url":"https:\/\/galeriasopra.com\/","name":"galeriasopra.com","description":"","publisher":{"@id":"https:\/\/galeriasopra.com\/#organization"},"potentialAction":[{"@type":"SearchAction","target":{"@type":"EntryPoint","urlTemplate":"https:\/\/galeriasopra.com\/?s={search_term_string}"},"query-input":"required name=search_term_string"}],"inLanguage":"en-GB"},{"@type":"Organization","@id":"https:\/\/galeriasopra.com\/#organization","name":"galeriasopra.com","url":"https:\/\/galeriasopra.com\/","logo":{"@type":"ImageObject","inLanguage":"en-GB","@id":"https:\/\/galeriasopra.com\/#\/schema\/logo\/image\/","url":"https:\/\/galeriasopra.com\/wp-content\/uploads\/2023\/03\/logo-for-qr-2-01-e1686765766760.png","contentUrl":"https:\/\/galeriasopra.com\/wp-content\/uploads\/2023\/03\/logo-for-qr-2-01-e1686765766760.png","width":256,"height":256,"caption":"galeriasopra.com"},"image":{"@id":"https:\/\/galeriasopra.com\/#\/schema\/logo\/image\/"}}]}},"_links":{"self":[{"href":"https:\/\/galeriasopra.com\/en\/wp-json\/wp\/v2\/pages\/1521"}],"collection":[{"href":"https:\/\/galeriasopra.com\/en\/wp-json\/wp\/v2\/pages"}],"about":[{"href":"https:\/\/galeriasopra.com\/en\/wp-json\/wp\/v2\/types\/page"}],"author":[{"embeddable":true,"href":"https:\/\/galeriasopra.com\/en\/wp-json\/wp\/v2\/users\/3"}],"replies":[{"embeddable":true,"href":"https:\/\/galeriasopra.com\/en\/wp-json\/wp\/v2\/comments?post=1521"}],"version-history":[{"count":16,"href":"https:\/\/galeriasopra.com\/en\/wp-json\/wp\/v2\/pages\/1521\/revisions"}],"predecessor-version":[{"id":1885,"href":"https:\/\/galeriasopra.com\/en\/wp-json\/wp\/v2\/pages\/1521\/revisions\/1885"}],"wp:attachment":[{"href":"https:\/\/galeriasopra.com\/en\/wp-json\/wp\/v2\/media?parent=1521"}],"curies":[{"name":"wp","href":"https:\/\/api.w.org\/{rel}","templated":true}]}}